{"id":122093,"date":"2022-06-01T18:25:37","date_gmt":"2022-06-01T16:25:37","guid":{"rendered":"https:\/\/www.fabioferro.eu\/raspini-mini-rolo-halskette-60-cm.html"},"modified":"2024-09-19T12:18:40","modified_gmt":"2024-09-19T10:18:40","slug":"raspini-mini-rolo-halskette-60-cm","status":"publish","type":"product","link":"https:\/\/www.fabioferro.eu\/de\/raspini-mini-rolo-halskette-60-cm.html","title":{"rendered":"Raspini Mini Rol\u00f2 Halskette 60 cm"},"content":{"rendered":"<p>Giovanni Raspini 925\/1000 Sterling Silber Halskette mini rol\u00f2 link mit Karabinerverschluss L\u00e4nge 60,00 cm, Durchmesser der rol\u00f2 Kettenringe 2mm. Neuer Artikel mit original Giovanni Raspini Box und Garantie  &nbsp;<\/p>\n","protected":false},"excerpt":{"rendered":"<p>Giovanni Raspini Halskette in 925\/1000 Silber mini rol\u00f2 cm. 60<\/p>\n","protected":false},"featured_media":122123,"comment_status":"open","ping_status":"closed","template":"","meta":[],"product_brand":[],"product_cat":[7568],"product_tag":[7442],"class_list":{"0":"post-122093","1":"product","2":"type-product","3":"status-publish","4":"has-post-thumbnail","6":"product_cat-giovanni-raspini-halsketten","7":"product_tag-verfugbar","9":"first","10":"instock","11":"sale","12":"taxable","13":"shipping-taxable","14":"purchasable","15":"product-type-simple"},"exclude_global_add_ons":[],"addons":[],"df_price":67.5,"df_sale_price":67.5,"df_regular_price":75,"df_image_link":"https:\/\/cdn02.fabioferro.eu\/wp-content\/uploads\/collana-giovanni-raspini-mini-rolo-7564.jpg","_links":{"self":[{"href":"https:\/\/www.fabioferro.eu\/de\/wp-json\/wp\/v2\/product\/122093","targetHints":{"allow":["GET"]}}],"collection":[{"href":"https:\/\/www.fabioferro.eu\/de\/wp-json\/wp\/v2\/product"}],"about":[{"href":"https:\/\/www.fabioferro.eu\/de\/wp-json\/wp\/v2\/types\/product"}],"replies":[{"embeddable":true,"href":"https:\/\/www.fabioferro.eu\/de\/wp-json\/wp\/v2\/comments?post=122093"}],"version-history":[{"count":0,"href":"https:\/\/www.fabioferro.eu\/de\/wp-json\/wp\/v2\/product\/122093\/revisions"}],"wp:featuredmedia":[{"embeddable":true,"href":"https:\/\/www.fabioferro.eu\/de\/wp-json\/wp\/v2\/media\/122123"}],"wp:attachment":[{"href":"https:\/\/www.fabioferro.eu\/de\/wp-json\/wp\/v2\/media?parent=122093"}],"wp:term":[{"taxonomy":"product_brand","embeddable":true,"href":"https:\/\/www.fabioferro.eu\/de\/wp-json\/wp\/v2\/product_brand?post=122093"},{"taxonomy":"product_cat","embeddable":true,"href":"https:\/\/www.fabioferro.eu\/de\/wp-json\/wp\/v2\/product_cat?post=122093"},{"taxonomy":"product_tag","embeddable":true,"href":"https:\/\/www.fabioferro.eu\/de\/wp-json\/wp\/v2\/product_tag?post=122093"}],"curies":[{"name":"wp","href":"https:\/\/api.w.org\/{rel}","templated":true}]}}