{"id":122094,"date":"2022-06-01T18:29:57","date_gmt":"2022-06-01T16:29:57","guid":{"rendered":"https:\/\/www.fabioferro.eu\/lightning-fantasy-ring-aus-weissgold-mit-diamanten-008-karat.html"},"modified":"2024-10-30T09:59:12","modified_gmt":"2024-10-30T08:59:12","slug":"lightning-fantasy-ring-aus-weissgold-mit-diamanten-008-karat","status":"publish","type":"product","link":"https:\/\/www.fabioferro.eu\/de\/lightning-fantasy-ring-aus-weissgold-mit-diamanten-008-karat.html","title":{"rendered":"Lightning Fantasy Ring aus Wei\u00dfgold mit Diamanten 0,08 Karat"},"content":{"rendered":"<p>Ring aus 750\/1000er Wei\u00dfgold, hergestellt in unserer Goldschmiedewerkstatt.<\/p>\n<p>Das Gesamtgewicht des Schmuckst\u00fccks betr\u00e4gt 3 g, einschlie\u00dflich der Steine.<\/p>\n<p>Besondere Blitzfassung, besetzt mit Diamanten im Brillantschliff von insgesamt 0,08 Karat. Sie zeichnen sich durch eine H-Farbe und VS2-Reinheit aus.<\/p>\n<p>Das Juwel wird von einer Verpackung und einer von Fabio Ferro unterzeichneten Qualit\u00e4tsgarantie begleitet.<\/p>\n<p><img decoding=\"async\" class=\"alignnone size-full wp-image-68675\" src=\"https:\/\/cdn02.fabioferro.eu\/wp-content\/uploads\/IGI-4cs-chart-IT-scaled.jpg\" alt=\"\" width=\"1864\" height=\"2560\" title=\"\" srcset=\"https:\/\/cdn02.fabioferro.eu\/wp-content\/uploads\/IGI-4cs-chart-IT-scaled.jpg 1864w, https:\/\/cdn02.fabioferro.eu\/wp-content\/uploads\/IGI-4cs-chart-IT-768x1055.jpg 768w, https:\/\/cdn02.fabioferro.eu\/wp-content\/uploads\/IGI-4cs-chart-IT-1119x1536.jpg 1119w, https:\/\/cdn02.fabioferro.eu\/wp-content\/uploads\/IGI-4cs-chart-IT-1491x2048.jpg 1491w, https:\/\/cdn02.fabioferro.eu\/wp-content\/uploads\/IGI-4cs-chart-IT-990x1359.jpg 990w, https:\/\/cdn02.fabioferro.eu\/wp-content\/uploads\/IGI-4cs-chart-IT-441x606.jpg 441w, https:\/\/cdn02.fabioferro.eu\/wp-content\/uploads\/IGI-4cs-chart-IT-600x824.jpg 600w, https:\/\/cdn02.fabioferro.eu\/wp-content\/uploads\/IGI-4cs-chart-IT-150x206.jpg 150w\" sizes=\"(max-width: 1864px) 100vw, 1864px\" \/><\/p>\n","protected":false},"excerpt":{"rendered":"<p>Die Kunst, aus Ideen und Symbolen Schmuck zu schaffen, wie bei diesem sch\u00f6nen Ring.<\/p>\n","protected":false},"featured_media":122124,"comment_status":"open","ping_status":"closed","template":"","meta":[],"product_brand":[152],"product_cat":[5934],"product_tag":[],"class_list":{"0":"post-122094","1":"product","2":"type-product","3":"status-publish","4":"has-post-thumbnail","6":"product_brand-fabio-ferro-i-gioielli","7":"product_cat-ringe","9":"first","10":"instock","11":"sale","12":"taxable","13":"shipping-taxable","14":"purchasable","15":"product-type-variable","16":"has-default-attributes"},"exclude_global_add_ons":[],"addons":[],"df_price":1000,"df_sale_price":"","df_regular_price":1000,"df_image_link":"https:\/\/cdn02.fabioferro.eu\/wp-content\/uploads\/anello-fabio-ferro-fulmine-in-oro-bianco-con-diamanti-aa022268.jpg","_links":{"self":[{"href":"https:\/\/www.fabioferro.eu\/de\/wp-json\/wp\/v2\/product\/122094","targetHints":{"allow":["GET"]}}],"collection":[{"href":"https:\/\/www.fabioferro.eu\/de\/wp-json\/wp\/v2\/product"}],"about":[{"href":"https:\/\/www.fabioferro.eu\/de\/wp-json\/wp\/v2\/types\/product"}],"replies":[{"embeddable":true,"href":"https:\/\/www.fabioferro.eu\/de\/wp-json\/wp\/v2\/comments?post=122094"}],"version-history":[{"count":0,"href":"https:\/\/www.fabioferro.eu\/de\/wp-json\/wp\/v2\/product\/122094\/revisions"}],"wp:featuredmedia":[{"embeddable":true,"href":"https:\/\/www.fabioferro.eu\/de\/wp-json\/wp\/v2\/media\/122124"}],"wp:attachment":[{"href":"https:\/\/www.fabioferro.eu\/de\/wp-json\/wp\/v2\/media?parent=122094"}],"wp:term":[{"taxonomy":"product_brand","embeddable":true,"href":"https:\/\/www.fabioferro.eu\/de\/wp-json\/wp\/v2\/product_brand?post=122094"},{"taxonomy":"product_cat","embeddable":true,"href":"https:\/\/www.fabioferro.eu\/de\/wp-json\/wp\/v2\/product_cat?post=122094"},{"taxonomy":"product_tag","embeddable":true,"href":"https:\/\/www.fabioferro.eu\/de\/wp-json\/wp\/v2\/product_tag?post=122094"}],"curies":[{"name":"wp","href":"https:\/\/api.w.org\/{rel}","templated":true}]}}