{"id":122133,"date":"2022-06-01T18:26:05","date_gmt":"2022-06-01T16:26:05","guid":{"rendered":"https:\/\/www.fabioferro.eu\/charme-giovanni-raspini-tassello-puzzle.html"},"modified":"2024-09-13T16:55:14","modified_gmt":"2024-09-13T14:55:14","slug":"charme-giovanni-raspini-tassello-puzzle","status":"publish","type":"product","link":"https:\/\/www.fabioferro.eu\/de\/charme-giovanni-raspini-tassello-puzzle.html","title":{"rendered":"Charme Giovanni Raspini Tassello Puzzle"},"content":{"rendered":"<p>Raspini 925 Sterling Silber Charm in Form eines Puzzlest\u00fccks. Der Anh\u00e4nger ist mit einem Haken ausgestattet, der an einem Schl\u00fcsselring, einem Halsband oder einem Armband befestigt werden kann. Neuer Artikel mit original Giovanni Raspini Box und Garantie.<\/p>\n","protected":false},"excerpt":{"rendered":"<p>Raspini Charm in Form eines Puzzlest\u00fccks<\/p>\n","protected":false},"featured_media":122141,"comment_status":"open","ping_status":"closed","template":"","meta":[],"product_brand":[155],"product_cat":[7575,7576,7578],"product_tag":[],"class_list":{"0":"post-122133","1":"product","2":"type-product","3":"status-publish","4":"has-post-thumbnail","6":"product_brand-raspini","7":"product_cat-do-it-yourself-schmuck-giovanni-raspini","8":"product_cat-giovanni-raspini-reize","9":"product_cat-raspini-charms-fur-veranstaltung-de","11":"first","12":"instock","13":"sale","14":"taxable","15":"shipping-taxable","16":"purchasable","17":"product-type-simple"},"exclude_global_add_ons":[],"addons":[],"df_price":40.5,"df_sale_price":40.5,"df_regular_price":45,"df_image_link":"https:\/\/cdn02.fabioferro.eu\/wp-content\/uploads\/virtuemart\/product\/charm-giovanni-raspini-puzzle-7011.jpg","_links":{"self":[{"href":"https:\/\/www.fabioferro.eu\/de\/wp-json\/wp\/v2\/product\/122133","targetHints":{"allow":["GET"]}}],"collection":[{"href":"https:\/\/www.fabioferro.eu\/de\/wp-json\/wp\/v2\/product"}],"about":[{"href":"https:\/\/www.fabioferro.eu\/de\/wp-json\/wp\/v2\/types\/product"}],"replies":[{"embeddable":true,"href":"https:\/\/www.fabioferro.eu\/de\/wp-json\/wp\/v2\/comments?post=122133"}],"version-history":[{"count":0,"href":"https:\/\/www.fabioferro.eu\/de\/wp-json\/wp\/v2\/product\/122133\/revisions"}],"wp:featuredmedia":[{"embeddable":true,"href":"https:\/\/www.fabioferro.eu\/de\/wp-json\/wp\/v2\/media\/122141"}],"wp:attachment":[{"href":"https:\/\/www.fabioferro.eu\/de\/wp-json\/wp\/v2\/media?parent=122133"}],"wp:term":[{"taxonomy":"product_brand","embeddable":true,"href":"https:\/\/www.fabioferro.eu\/de\/wp-json\/wp\/v2\/product_brand?post=122133"},{"taxonomy":"product_cat","embeddable":true,"href":"https:\/\/www.fabioferro.eu\/de\/wp-json\/wp\/v2\/product_cat?post=122133"},{"taxonomy":"product_tag","embeddable":true,"href":"https:\/\/www.fabioferro.eu\/de\/wp-json\/wp\/v2\/product_tag?post=122133"}],"curies":[{"name":"wp","href":"https:\/\/api.w.org\/{rel}","templated":true}]}}