{"id":122149,"date":"2022-06-01T18:29:23","date_gmt":"2022-06-01T16:29:23","guid":{"rendered":"https:\/\/www.fabioferro.eu\/hamilton-herrenuhr-american-classic.html"},"modified":"2025-04-02T21:23:43","modified_gmt":"2025-04-02T19:23:43","slug":"hamilton-herrenuhr-american-classic","status":"publish","type":"product","link":"https:\/\/www.fabioferro.eu\/de\/hamilton-herrenuhr-american-classic.html","title":{"rendered":"Hamilton Spirit of Liberty 42mm H42415551"},"content":{"rendered":"<p>Hamilton American Classic Spirit of Liberty H42415551 42mm<\/p>\n<p>Uhrwerk: Mechanisches Automatikwerk Swiss Made mit 80 Stunden Gangreserve.<\/p>\n<p>Geh\u00e4use: rund, komplett aus poliertem und satiniertem Stahl, mit Saphirglasboden, der mit 6 Schrauben gesichert ist, und wasserdicht bis 5 ATM.<\/p>\n<p>Geh\u00e4usedurchmesser 42 mm und Dicke 11,60 mm.<\/p>\n<p>Wasserdichte und ger\u00e4ndelte Krone mit Hamilton-Logo.<\/p>\n<p>Zifferblatt: versilbert mit polierten, aufgesetzten, ros\u00e9vergoldeten Indexen. Polierte, ros\u00e9vergoldete, lanzenf\u00f6rmige Stunden- und Minutenzeiger. Rosafarbener Sekundenzeiger aus der Mitte. Datumsfeld bei 6 Uhr.<\/p>\n<p>Glas: kratzfestes und entspiegeltes Saphirglas.<\/p>\n<p>Armband: mattbraunes, abgestepptes Leder, Lasergravur &#8216;WITHOUT LIBERTY, LIFE IS A MISERY&#8217;. 22,00 mm Schleifen. Faltschlie\u00dfe aus Stahl.<\/p>\n<p>Neuer Artikel mit original Hamilton-Box und 2 Jahren Garantie.<\/p>\n","protected":false},"excerpt":{"rendered":"<p>Hamilton H42415551 &#8216;Spirit Of Liberty&#8217; Automatik aus Stahl mit lasergraviertem Lederarmband<\/p>\n","protected":false},"featured_media":122161,"comment_status":"open","ping_status":"closed","template":"","meta":[],"product_brand":[161],"product_cat":[5974],"product_tag":[],"class_list":{"0":"post-122149","1":"product","2":"type-product","3":"status-publish","4":"has-post-thumbnail","6":"product_brand-hamilton","7":"product_cat-hamilton-herrenuhren","9":"first","10":"instock","11":"sale","12":"taxable","13":"shipping-taxable","14":"purchasable","15":"product-type-simple"},"exclude_global_add_ons":[],"addons":[],"df_price":876,"df_sale_price":876,"df_regular_price":1095,"df_image_link":"https:\/\/cdn02.fabioferro.eu\/wp-content\/uploads\/virtuemart\/product\/spirit-of-liberty-h42415551.jpg","_links":{"self":[{"href":"https:\/\/www.fabioferro.eu\/de\/wp-json\/wp\/v2\/product\/122149","targetHints":{"allow":["GET"]}}],"collection":[{"href":"https:\/\/www.fabioferro.eu\/de\/wp-json\/wp\/v2\/product"}],"about":[{"href":"https:\/\/www.fabioferro.eu\/de\/wp-json\/wp\/v2\/types\/product"}],"replies":[{"embeddable":true,"href":"https:\/\/www.fabioferro.eu\/de\/wp-json\/wp\/v2\/comments?post=122149"}],"version-history":[{"count":0,"href":"https:\/\/www.fabioferro.eu\/de\/wp-json\/wp\/v2\/product\/122149\/revisions"}],"wp:featuredmedia":[{"embeddable":true,"href":"https:\/\/www.fabioferro.eu\/de\/wp-json\/wp\/v2\/media\/122161"}],"wp:attachment":[{"href":"https:\/\/www.fabioferro.eu\/de\/wp-json\/wp\/v2\/media?parent=122149"}],"wp:term":[{"taxonomy":"product_brand","embeddable":true,"href":"https:\/\/www.fabioferro.eu\/de\/wp-json\/wp\/v2\/product_brand?post=122149"},{"taxonomy":"product_cat","embeddable":true,"href":"https:\/\/www.fabioferro.eu\/de\/wp-json\/wp\/v2\/product_cat?post=122149"},{"taxonomy":"product_tag","embeddable":true,"href":"https:\/\/www.fabioferro.eu\/de\/wp-json\/wp\/v2\/product_tag?post=122149"}],"curies":[{"name":"wp","href":"https:\/\/api.w.org\/{rel}","templated":true}]}}