{"id":122242,"date":"2022-06-01T18:20:13","date_gmt":"2022-06-01T16:20:13","guid":{"rendered":"https:\/\/www.fabioferro.eu\/giovanni-raspini-marienkaefer-charme.html"},"modified":"2026-02-21T17:17:40","modified_gmt":"2026-02-21T16:17:40","slug":"giovanni-raspini-marienkaefer-charme","status":"publish","type":"product","link":"https:\/\/www.fabioferro.eu\/de\/giovanni-raspini-marienkaefer-charme.html","title":{"rendered":"Giovanni Raspini Marienk\u00e4fer Charme"},"content":{"rendered":"<p>925 Raspini Sterling Silber Charm in Form eines Marienk\u00e4fers Kleine Gr\u00f6\u00dfeDer Charm ist mit einem Haken zum Befestigen an einem Schl\u00fcsselring, Halsband oder Armband versehen Neuer Artikel mit Originalverpackung und Garantie.<\/p>\n","protected":false},"excerpt":{"rendered":"<p>Raspini-Anh\u00e4nger in Form eines Marienk\u00e4fers<\/p>\n","protected":false},"featured_media":122254,"comment_status":"open","ping_status":"closed","template":"","meta":[],"product_brand":[155],"product_cat":[7575,7576,7578],"product_tag":[7442],"class_list":{"0":"post-122242","1":"product","2":"type-product","3":"status-publish","4":"has-post-thumbnail","6":"product_brand-raspini","7":"product_cat-do-it-yourself-schmuck-giovanni-raspini","8":"product_cat-giovanni-raspini-reize","9":"product_cat-raspini-charms-fur-veranstaltung","10":"product_tag-verfugbar","12":"first","13":"instock","14":"sale","15":"taxable","16":"shipping-taxable","17":"purchasable","18":"product-type-simple"},"exclude_global_add_ons":[],"addons":[],"df_price":36,"df_sale_price":36,"df_regular_price":40,"df_image_link":"https:\/\/cdn02.fabioferro.eu\/wp-content\/uploads\/virtuemart\/product\/charm-giovanni-raspini-coccinella-6566.jpg","_links":{"self":[{"href":"https:\/\/www.fabioferro.eu\/de\/wp-json\/wp\/v2\/product\/122242","targetHints":{"allow":["GET"]}}],"collection":[{"href":"https:\/\/www.fabioferro.eu\/de\/wp-json\/wp\/v2\/product"}],"about":[{"href":"https:\/\/www.fabioferro.eu\/de\/wp-json\/wp\/v2\/types\/product"}],"replies":[{"embeddable":true,"href":"https:\/\/www.fabioferro.eu\/de\/wp-json\/wp\/v2\/comments?post=122242"}],"version-history":[{"count":0,"href":"https:\/\/www.fabioferro.eu\/de\/wp-json\/wp\/v2\/product\/122242\/revisions"}],"wp:featuredmedia":[{"embeddable":true,"href":"https:\/\/www.fabioferro.eu\/de\/wp-json\/wp\/v2\/media\/122254"}],"wp:attachment":[{"href":"https:\/\/www.fabioferro.eu\/de\/wp-json\/wp\/v2\/media?parent=122242"}],"wp:term":[{"taxonomy":"product_brand","embeddable":true,"href":"https:\/\/www.fabioferro.eu\/de\/wp-json\/wp\/v2\/product_brand?post=122242"},{"taxonomy":"product_cat","embeddable":true,"href":"https:\/\/www.fabioferro.eu\/de\/wp-json\/wp\/v2\/product_cat?post=122242"},{"taxonomy":"product_tag","embeddable":true,"href":"https:\/\/www.fabioferro.eu\/de\/wp-json\/wp\/v2\/product_tag?post=122242"}],"curies":[{"name":"wp","href":"https:\/\/api.w.org\/{rel}","templated":true}]}}