{"id":122270,"date":"2022-06-01T18:21:03","date_gmt":"2022-06-01T16:21:03","guid":{"rendered":"https:\/\/www.fabioferro.eu\/giovanni-raspini-bronze-weiss-bilderrahmen-mit-kleeblaetter-12x15.html"},"modified":"2026-02-28T10:28:51","modified_gmt":"2026-02-28T09:28:51","slug":"giovanni-raspini-bronze-weiss-bilderrahmen-mit-kleeblaetter-12x15","status":"publish","type":"product","link":"https:\/\/www.fabioferro.eu\/de\/giovanni-raspini-bronze-weiss-bilderrahmen-mit-kleeblaetter-12x15.html","title":{"rendered":"Giovanni Raspini Bronze Wei\u00df Bilderrahmen mit Kleebl\u00e4tter 12&#215;15"},"content":{"rendered":"<p>Giovanni Raspini Wei\u00df Bronze Rahmen<\/p>\n<p>Das Glas ist 15\u00d712 cm gro\u00df und ruht auf einem mit schwarzem Samt bezogenen Holzrahmen.<\/p>\n<p>Abnehmbarer Clipsockel, der auch an der L\u00e4ngsseite des Rahmens angebracht werden kann. Gegenstand in Form von vierbl\u00e4ttrigen Kleebl\u00e4ttern.<\/p>\n<p>Neuer Artikel mit original Giovanni Raspini Box und Garantie.<\/p>\n<p>\u00a0<\/p>\n","protected":false},"excerpt":{"rendered":"<p>Giovanni Raspini Wei\u00df Bronze Rahmen mit Clip Basis in Form von Quadrifogli cm. 12&#215;15.<\/p>\n","protected":false},"featured_media":122277,"comment_status":"open","ping_status":"closed","template":"","meta":[],"product_brand":[],"product_cat":[7704],"product_tag":[7442],"class_list":{"0":"post-122270","1":"product","2":"type-product","3":"status-publish","4":"has-post-thumbnail","6":"product_cat-bronzerahmen-von-giovanni-raspini","7":"product_tag-verfugbar","9":"first","10":"instock","11":"sale","12":"taxable","13":"shipping-taxable","14":"purchasable","15":"product-type-simple"},"exclude_global_add_ons":[],"addons":[],"df_price":126,"df_sale_price":126,"df_regular_price":140,"df_image_link":"https:\/\/cdn02.fabioferro.eu\/wp-content\/uploads\/virtuemart\/product\/cornice_bronzo_quadrifogli_grandi.jpg","_links":{"self":[{"href":"https:\/\/www.fabioferro.eu\/de\/wp-json\/wp\/v2\/product\/122270","targetHints":{"allow":["GET"]}}],"collection":[{"href":"https:\/\/www.fabioferro.eu\/de\/wp-json\/wp\/v2\/product"}],"about":[{"href":"https:\/\/www.fabioferro.eu\/de\/wp-json\/wp\/v2\/types\/product"}],"replies":[{"embeddable":true,"href":"https:\/\/www.fabioferro.eu\/de\/wp-json\/wp\/v2\/comments?post=122270"}],"version-history":[{"count":1,"href":"https:\/\/www.fabioferro.eu\/de\/wp-json\/wp\/v2\/product\/122270\/revisions"}],"predecessor-version":[{"id":212090,"href":"https:\/\/www.fabioferro.eu\/de\/wp-json\/wp\/v2\/product\/122270\/revisions\/212090"}],"wp:featuredmedia":[{"embeddable":true,"href":"https:\/\/www.fabioferro.eu\/de\/wp-json\/wp\/v2\/media\/122277"}],"wp:attachment":[{"href":"https:\/\/www.fabioferro.eu\/de\/wp-json\/wp\/v2\/media?parent=122270"}],"wp:term":[{"taxonomy":"product_brand","embeddable":true,"href":"https:\/\/www.fabioferro.eu\/de\/wp-json\/wp\/v2\/product_brand?post=122270"},{"taxonomy":"product_cat","embeddable":true,"href":"https:\/\/www.fabioferro.eu\/de\/wp-json\/wp\/v2\/product_cat?post=122270"},{"taxonomy":"product_tag","embeddable":true,"href":"https:\/\/www.fabioferro.eu\/de\/wp-json\/wp\/v2\/product_tag?post=122270"}],"curies":[{"name":"wp","href":"https:\/\/api.w.org\/{rel}","templated":true}]}}