{"id":122273,"date":"2022-06-01T18:22:47","date_gmt":"2022-06-01T16:22:47","guid":{"rendered":"https:\/\/www.fabioferro.eu\/lampe-berger-nachfuellpackung-500-ml-anti-mosquito-anti-mosquito-ocean-wind.html"},"modified":"2022-06-01T18:22:47","modified_gmt":"2022-06-01T16:22:47","slug":"lampe-berger-nachfuellpackung-500-ml-anti-mosquito-anti-mosquito-ocean-wind","status":"publish","type":"product","link":"https:\/\/www.fabioferro.eu\/de\/lampe-berger-nachfuellpackung-500-ml-anti-mosquito-anti-mosquito-ocean-wind.html","title":{"rendered":"Lampe Berger Nachf\u00fcllpackung 500 ml Anti Mosquito &#8211; Anti Mosquito Ocean Wind"},"content":{"rendered":"<p>500 ml Lampe Berger Nachf\u00fcllpackung. Anti-Moskito-Duft Ocean Wind.<\/p>\n<p>Ein Verfahren zum dauerhaften Schutz vor M\u00fccken. Eine verbraucherfreundliche Insektizidformel.<\/p>\n<p>30 Minuten Diffusion = 8 Stunden Dauerschutz. Der Diffusionsmodus der Lampe Berger erm\u00f6glicht den Einsatz von wenig Insektizid und eine gleichm\u00e4\u00dfige Wirkung im ganzen Raum, ohne dass es zu Ablagerungen auf Kleidung und M\u00f6bel kommt.<\/p>\n<p style=\"text-align: justify;\">\n<p>Neuer Artikel mit offizieller Lampe Berger Garantie.<\/p>\n<p>Ich stelle eine Quittung und\/oder Rechnung aus.<\/p>\n<p>&nbsp;<\/p>\n<p>&nbsp;<\/p>\n","protected":false},"excerpt":{"rendered":"<p>Nachf\u00fcllflasche 500 ml Anti-Moskito-Duft Ocean Wind.<\/p>\n","protected":false},"featured_media":122278,"comment_status":"open","ping_status":"closed","template":"","meta":[],"product_brand":[167],"product_cat":[6450],"product_tag":[],"class_list":{"0":"post-122273","1":"product","2":"type-product","3":"status-publish","4":"has-post-thumbnail","6":"product_brand-lampe-berger","7":"product_cat-parfums-und-nachfullungen-lampe-berger","9":"first","10":"outofstock","11":"taxable","12":"shipping-taxable","13":"purchasable","14":"product-type-simple"},"exclude_global_add_ons":[],"addons":[],"df_price":17,"df_sale_price":"","df_regular_price":17,"df_image_link":"https:\/\/cdn02.fabioferro.eu\/wp-content\/uploads\/virtuemart\/product\/nuovo_antizanzara_lampe_berger_vento.jpg","_links":{"self":[{"href":"https:\/\/www.fabioferro.eu\/de\/wp-json\/wp\/v2\/product\/122273","targetHints":{"allow":["GET"]}}],"collection":[{"href":"https:\/\/www.fabioferro.eu\/de\/wp-json\/wp\/v2\/product"}],"about":[{"href":"https:\/\/www.fabioferro.eu\/de\/wp-json\/wp\/v2\/types\/product"}],"replies":[{"embeddable":true,"href":"https:\/\/www.fabioferro.eu\/de\/wp-json\/wp\/v2\/comments?post=122273"}],"version-history":[{"count":0,"href":"https:\/\/www.fabioferro.eu\/de\/wp-json\/wp\/v2\/product\/122273\/revisions"}],"wp:featuredmedia":[{"embeddable":true,"href":"https:\/\/www.fabioferro.eu\/de\/wp-json\/wp\/v2\/media\/122278"}],"wp:attachment":[{"href":"https:\/\/www.fabioferro.eu\/de\/wp-json\/wp\/v2\/media?parent=122273"}],"wp:term":[{"taxonomy":"product_brand","embeddable":true,"href":"https:\/\/www.fabioferro.eu\/de\/wp-json\/wp\/v2\/product_brand?post=122273"},{"taxonomy":"product_cat","embeddable":true,"href":"https:\/\/www.fabioferro.eu\/de\/wp-json\/wp\/v2\/product_cat?post=122273"},{"taxonomy":"product_tag","embeddable":true,"href":"https:\/\/www.fabioferro.eu\/de\/wp-json\/wp\/v2\/product_tag?post=122273"}],"curies":[{"name":"wp","href":"https:\/\/api.w.org\/{rel}","templated":true}]}}