{"id":122293,"date":"2024-01-22T18:18:08","date_gmt":"2024-01-22T17:18:08","guid":{"rendered":"https:\/\/www.fabioferro.eu\/fabio-ferro-punto-luce-halskette-aus-weissgold-mit-050-karat-diamant.html"},"modified":"2025-03-11T18:10:07","modified_gmt":"2025-03-11T17:10:07","slug":"fabio-ferro-punto-luce-halskette-aus-weissgold-mit-050-karat-diamant","status":"publish","type":"product","link":"https:\/\/www.fabioferro.eu\/de\/fabio-ferro-punto-luce-halskette-aus-weissgold-mit-050-karat-diamant.html","title":{"rendered":"Fabio Ferro Punto Luce Halskette aus Wei\u00dfgold mit 0,51 Karat Diamant"},"content":{"rendered":"<p>Punctoluce-Halskette, handgefertigt in unserer Goldschmiedewerkstatt, komplett aus 750\/1000er Wei\u00dfgold, Gewicht 2,70 g.<\/p>\n<p>Die L\u00fcnette ist diamantf\u00f6rmig, um mehr Licht zu reflektieren, und enth\u00e4lt einen 0,51-kar\u00e4tigen Diamanten im Brillantschliff von Farbe F und Reinheit VS2, dessen Abmessungen 5,5 x 5,5 mm betragen.<\/p>\n<p>Im Inneren der L\u00fcnette verl\u00e4uft die venezianische Kette, die unabh\u00e4ngig voneinander von 42 bis 45 cm getragen und eingestellt werden kann.<\/p>\n<p>Die Schlie\u00dfe ist mit der klassischen Sicherheitsschlie\u00dfe versehen.<\/p>\n<p>Das Schmuckst\u00fcck wird von einem verpackten Etui, einem von Fabio Ferro unterzeichneten Garantie- und Qualit\u00e4tszertifikat und dem internationalen IGI-Zertifikat begleitet.<\/p>\n<p><img decoding=\"async\" class=\"alignnone size-full wp-image-68675\" src=\"https:\/\/cdn02.fabioferro.eu\/wp-content\/uploads\/IGI-4cs-chart-IT-scaled.jpg\" alt=\"\" width=\"1864\" height=\"2560\" title=\"\" srcset=\"https:\/\/cdn02.fabioferro.eu\/wp-content\/uploads\/IGI-4cs-chart-IT-scaled.jpg 1864w, https:\/\/cdn02.fabioferro.eu\/wp-content\/uploads\/IGI-4cs-chart-IT-768x1055.jpg 768w, https:\/\/cdn02.fabioferro.eu\/wp-content\/uploads\/IGI-4cs-chart-IT-1119x1536.jpg 1119w, https:\/\/cdn02.fabioferro.eu\/wp-content\/uploads\/IGI-4cs-chart-IT-1491x2048.jpg 1491w, https:\/\/cdn02.fabioferro.eu\/wp-content\/uploads\/IGI-4cs-chart-IT-990x1359.jpg 990w, https:\/\/cdn02.fabioferro.eu\/wp-content\/uploads\/IGI-4cs-chart-IT-441x606.jpg 441w, https:\/\/cdn02.fabioferro.eu\/wp-content\/uploads\/IGI-4cs-chart-IT-600x824.jpg 600w, https:\/\/cdn02.fabioferro.eu\/wp-content\/uploads\/IGI-4cs-chart-IT-150x206.jpg 150w\" sizes=\"(max-width: 1864px) 100vw, 1864px\" \/><\/p>\n","protected":false},"excerpt":{"rendered":"<p>Damenhalskette Puntoluce aus Wei\u00dfgold mit einem Brillanten von 0,50 Karat<\/p>\n","protected":false},"featured_media":122296,"comment_status":"open","ping_status":"closed","template":"","meta":[],"product_brand":[152],"product_cat":[6016],"product_tag":[7442],"class_list":{"0":"post-122293","1":"product","2":"type-product","3":"status-publish","4":"has-post-thumbnail","6":"product_brand-fabio-ferro-i-gioielli","7":"product_cat-dot-light-halsketten","8":"product_tag-verfugbar","10":"first","11":"instock","12":"sale","13":"taxable","14":"shipping-taxable","15":"purchasable","16":"product-type-simple"},"exclude_global_add_ons":[],"addons":[],"df_price":2560,"df_sale_price":2560,"df_regular_price":3200,"df_image_link":"https:\/\/cdn02.fabioferro.eu\/wp-content\/uploads\/collana-punto-luce-fabio-ferro-oro-bianco-diamante-ff1095-2.jpg","_links":{"self":[{"href":"https:\/\/www.fabioferro.eu\/de\/wp-json\/wp\/v2\/product\/122293","targetHints":{"allow":["GET"]}}],"collection":[{"href":"https:\/\/www.fabioferro.eu\/de\/wp-json\/wp\/v2\/product"}],"about":[{"href":"https:\/\/www.fabioferro.eu\/de\/wp-json\/wp\/v2\/types\/product"}],"replies":[{"embeddable":true,"href":"https:\/\/www.fabioferro.eu\/de\/wp-json\/wp\/v2\/comments?post=122293"}],"version-history":[{"count":0,"href":"https:\/\/www.fabioferro.eu\/de\/wp-json\/wp\/v2\/product\/122293\/revisions"}],"wp:featuredmedia":[{"embeddable":true,"href":"https:\/\/www.fabioferro.eu\/de\/wp-json\/wp\/v2\/media\/122296"}],"wp:attachment":[{"href":"https:\/\/www.fabioferro.eu\/de\/wp-json\/wp\/v2\/media?parent=122293"}],"wp:term":[{"taxonomy":"product_brand","embeddable":true,"href":"https:\/\/www.fabioferro.eu\/de\/wp-json\/wp\/v2\/product_brand?post=122293"},{"taxonomy":"product_cat","embeddable":true,"href":"https:\/\/www.fabioferro.eu\/de\/wp-json\/wp\/v2\/product_cat?post=122293"},{"taxonomy":"product_tag","embeddable":true,"href":"https:\/\/www.fabioferro.eu\/de\/wp-json\/wp\/v2\/product_tag?post=122293"}],"curies":[{"name":"wp","href":"https:\/\/api.w.org\/{rel}","templated":true}]}}