{"id":122294,"date":"2022-06-01T18:19:07","date_gmt":"2022-06-01T16:19:07","guid":{"rendered":"https:\/\/www.fabioferro.eu\/giovanni-raspini-margherita-charme-2.html"},"modified":"2025-06-06T16:09:41","modified_gmt":"2025-06-06T14:09:41","slug":"giovanni-raspini-margherita-charme-2","status":"publish","type":"product","link":"https:\/\/www.fabioferro.eu\/de\/giovanni-raspini-margherita-charme-2.html","title":{"rendered":"Giovanni Raspini Margherita Charme"},"content":{"rendered":"<p>Raspini 925 Sterling Silber Charm in Form eines Mini-G\u00e4nsebl\u00fcmchens. Kleine Gr\u00f6\u00dfe. Der Anh\u00e4nger ist mit einem Haken ausgestattet, der an einem Schl\u00fcsselring, einem Halsband oder einem Armband befestigt werden kann. Neuer Artikel mit original Giovanni Raspini Box und Garantie.<\/p>\n","protected":false},"excerpt":{"rendered":"<p>Raspini Mini-G\u00e4nsebl\u00fcmchen-Charme<\/p>\n","protected":false},"featured_media":122295,"comment_status":"open","ping_status":"closed","template":"","meta":[],"product_brand":[],"product_cat":[7575,7576,7620,7578],"product_tag":[7442],"class_list":{"0":"post-122294","1":"product","2":"type-product","3":"status-publish","4":"has-post-thumbnail","6":"product_cat-do-it-yourself-schmuck-giovanni-raspini","7":"product_cat-giovanni-raspini-reize","8":"product_cat-outlet-schmuck","9":"product_cat-raspini-charms-fur-veranstaltung-de","10":"product_tag-verfugbar","12":"first","13":"instock","14":"sale","15":"taxable","16":"shipping-taxable","17":"purchasable","18":"product-type-simple"},"exclude_global_add_ons":[],"addons":[],"df_price":36,"df_sale_price":36,"df_regular_price":40,"df_image_link":"https:\/\/cdn02.fabioferro.eu\/wp-content\/uploads\/virtuemart\/product\/charm-giovanni-raspini-margherita-in-argento-6559.jpg","_links":{"self":[{"href":"https:\/\/www.fabioferro.eu\/de\/wp-json\/wp\/v2\/product\/122294","targetHints":{"allow":["GET"]}}],"collection":[{"href":"https:\/\/www.fabioferro.eu\/de\/wp-json\/wp\/v2\/product"}],"about":[{"href":"https:\/\/www.fabioferro.eu\/de\/wp-json\/wp\/v2\/types\/product"}],"replies":[{"embeddable":true,"href":"https:\/\/www.fabioferro.eu\/de\/wp-json\/wp\/v2\/comments?post=122294"}],"version-history":[{"count":0,"href":"https:\/\/www.fabioferro.eu\/de\/wp-json\/wp\/v2\/product\/122294\/revisions"}],"wp:featuredmedia":[{"embeddable":true,"href":"https:\/\/www.fabioferro.eu\/de\/wp-json\/wp\/v2\/media\/122295"}],"wp:attachment":[{"href":"https:\/\/www.fabioferro.eu\/de\/wp-json\/wp\/v2\/media?parent=122294"}],"wp:term":[{"taxonomy":"product_brand","embeddable":true,"href":"https:\/\/www.fabioferro.eu\/de\/wp-json\/wp\/v2\/product_brand?post=122294"},{"taxonomy":"product_cat","embeddable":true,"href":"https:\/\/www.fabioferro.eu\/de\/wp-json\/wp\/v2\/product_cat?post=122294"},{"taxonomy":"product_tag","embeddable":true,"href":"https:\/\/www.fabioferro.eu\/de\/wp-json\/wp\/v2\/product_tag?post=122294"}],"curies":[{"name":"wp","href":"https:\/\/api.w.org\/{rel}","templated":true}]}}