{"id":122328,"date":"2022-06-01T18:19:27","date_gmt":"2022-06-01T16:19:27","guid":{"rendered":"https:\/\/www.fabioferro.eu\/satiniertes-hochzeitsband-aus-gelbgold-und-weissgold-modell-union-fabio-ferro-jewellery.html"},"modified":"2026-02-18T08:14:55","modified_gmt":"2026-02-18T07:14:55","slug":"satiniertes-hochzeitsband-aus-gelbgold-und-weissgold-modell-union-fabio-ferro-jewellery","status":"publish","type":"product","link":"https:\/\/www.fabioferro.eu\/de\/satiniertes-hochzeitsband-aus-gelbgold-und-weissgold-modell-union-fabio-ferro-jewellery.html","title":{"rendered":"Satiniertes Hochzeitsband aus Gelbgold und Wei\u00dfgold Modell Union Fabio Ferro Jewellery"},"content":{"rendered":"<p>Handgefertigter Ehering aus 750\/1000 satiniertem Wei\u00df- und Gelbgold. Breite des Rings mm 6 f\u00fcr ein Gewicht von gr. 5.20. Der bequeme Sitz ist besser als bei einem normalen Ehering, dank der abgerundeten Innenseite, die die Feuchtigkeit von der Haut entweichen l\u00e4sst und einen einzigartigen Sitz gew\u00e4hrleistet. Das Paar Eheringe wird au\u00dferdem in einer wei\u00dfen Couvette mit Krokodilpr\u00e4gung pr\u00e4sentiert, die von einer Manufakturgarantie mit Angaben zum Gold- und\/oder Diamantengewicht begleitet wird. Aufgrund der besonderen handwerklichen Herstellung der Ringe ist mit einer Lieferzeit von etwa 20 Tagen zu rechnen. Interne Gravuren mit Namen und Daten sind immer kostenlos.  &nbsp;<\/p>\n","protected":false},"excerpt":{"rendered":"<p>Ein Paar handgefertigte Eheringe aus Wei\u00df- und Gelbgold. Kontaktieren Sie uns f\u00fcr ein kostenloses Angebot.<\/p>\n","protected":false},"featured_media":122341,"comment_status":"open","ping_status":"closed","template":"","meta":[],"product_brand":[152],"product_cat":[7633],"product_tag":[],"class_list":{"0":"post-122328","1":"product","2":"type-product","3":"status-publish","4":"has-post-thumbnail","6":"product_brand-fabio-ferro-i-gioielli","7":"product_cat-eheringe-und-trauringe-nach-mas","9":"first","10":"outofstock","11":"taxable","12":"shipping-taxable","13":"purchasable","14":"product-type-simple"},"exclude_global_add_ons":[],"addons":[],"df_price":"","df_sale_price":"","df_regular_price":"","df_image_link":"https:\/\/cdn02.fabioferro.eu\/wp-content\/uploads\/virtuemart\/product\/unione6.jpg","_links":{"self":[{"href":"https:\/\/www.fabioferro.eu\/de\/wp-json\/wp\/v2\/product\/122328","targetHints":{"allow":["GET"]}}],"collection":[{"href":"https:\/\/www.fabioferro.eu\/de\/wp-json\/wp\/v2\/product"}],"about":[{"href":"https:\/\/www.fabioferro.eu\/de\/wp-json\/wp\/v2\/types\/product"}],"replies":[{"embeddable":true,"href":"https:\/\/www.fabioferro.eu\/de\/wp-json\/wp\/v2\/comments?post=122328"}],"version-history":[{"count":0,"href":"https:\/\/www.fabioferro.eu\/de\/wp-json\/wp\/v2\/product\/122328\/revisions"}],"wp:featuredmedia":[{"embeddable":true,"href":"https:\/\/www.fabioferro.eu\/de\/wp-json\/wp\/v2\/media\/122341"}],"wp:attachment":[{"href":"https:\/\/www.fabioferro.eu\/de\/wp-json\/wp\/v2\/media?parent=122328"}],"wp:term":[{"taxonomy":"product_brand","embeddable":true,"href":"https:\/\/www.fabioferro.eu\/de\/wp-json\/wp\/v2\/product_brand?post=122328"},{"taxonomy":"product_cat","embeddable":true,"href":"https:\/\/www.fabioferro.eu\/de\/wp-json\/wp\/v2\/product_cat?post=122328"},{"taxonomy":"product_tag","embeddable":true,"href":"https:\/\/www.fabioferro.eu\/de\/wp-json\/wp\/v2\/product_tag?post=122328"}],"curies":[{"name":"wp","href":"https:\/\/api.w.org\/{rel}","templated":true}]}}