{"id":122425,"date":"2022-06-01T18:11:38","date_gmt":"2022-06-01T16:11:38","guid":{"rendered":"https:\/\/www.fabioferro.eu\/giovanni-raspini-bronze-weiss-teddy-rahmen-12x15.html"},"modified":"2026-02-28T10:28:54","modified_gmt":"2026-02-28T09:28:54","slug":"giovanni-raspini-bronze-weiss-teddy-rahmen-12x15","status":"publish","type":"product","link":"https:\/\/www.fabioferro.eu\/de\/giovanni-raspini-bronze-weiss-teddy-rahmen-12x15.html","title":{"rendered":"Giovanni Raspini Bronze Wei\u00dfer B\u00e4r Rahmen 12&#215;15 cm"},"content":{"rendered":"<p>Giovanni Raspini Wei\u00dfer Bronzerahmen<\/p>\n<p>Glasformat 12&#215;15 cm<\/p>\n<p>2 abnehmbare b\u00e4renf\u00f6rmige Klammern<\/p>\n<p>Neuware mit original Giovanni Raspini Box und Garantie<\/p>\n","protected":false},"excerpt":{"rendered":"<p>Giovanni Raspini Rahmen aus wei\u00dfer Bronze mit teddyb\u00e4rf\u00f6rmigem Clip cm. 12&#215;15.<\/p>\n","protected":false},"featured_media":122438,"comment_status":"open","ping_status":"closed","template":"","meta":[],"product_brand":[155],"product_cat":[7704],"product_tag":[],"class_list":{"0":"post-122425","1":"product","2":"type-product","3":"status-publish","4":"has-post-thumbnail","6":"product_brand-raspini","7":"product_cat-bronzerahmen-von-giovanni-raspini","9":"first","10":"instock","11":"sale","12":"taxable","13":"shipping-taxable","14":"purchasable","15":"product-type-simple"},"exclude_global_add_ons":[],"addons":[],"df_price":103.5,"df_sale_price":103.5,"df_regular_price":115,"df_image_link":"https:\/\/cdn02.fabioferro.eu\/wp-content\/uploads\/virtuemart\/product\/cornice_bronzo_orsetto9.jpg","_links":{"self":[{"href":"https:\/\/www.fabioferro.eu\/de\/wp-json\/wp\/v2\/product\/122425","targetHints":{"allow":["GET"]}}],"collection":[{"href":"https:\/\/www.fabioferro.eu\/de\/wp-json\/wp\/v2\/product"}],"about":[{"href":"https:\/\/www.fabioferro.eu\/de\/wp-json\/wp\/v2\/types\/product"}],"replies":[{"embeddable":true,"href":"https:\/\/www.fabioferro.eu\/de\/wp-json\/wp\/v2\/comments?post=122425"}],"version-history":[{"count":1,"href":"https:\/\/www.fabioferro.eu\/de\/wp-json\/wp\/v2\/product\/122425\/revisions"}],"predecessor-version":[{"id":212093,"href":"https:\/\/www.fabioferro.eu\/de\/wp-json\/wp\/v2\/product\/122425\/revisions\/212093"}],"wp:featuredmedia":[{"embeddable":true,"href":"https:\/\/www.fabioferro.eu\/de\/wp-json\/wp\/v2\/media\/122438"}],"wp:attachment":[{"href":"https:\/\/www.fabioferro.eu\/de\/wp-json\/wp\/v2\/media?parent=122425"}],"wp:term":[{"taxonomy":"product_brand","embeddable":true,"href":"https:\/\/www.fabioferro.eu\/de\/wp-json\/wp\/v2\/product_brand?post=122425"},{"taxonomy":"product_cat","embeddable":true,"href":"https:\/\/www.fabioferro.eu\/de\/wp-json\/wp\/v2\/product_cat?post=122425"},{"taxonomy":"product_tag","embeddable":true,"href":"https:\/\/www.fabioferro.eu\/de\/wp-json\/wp\/v2\/product_tag?post=122425"}],"curies":[{"name":"wp","href":"https:\/\/api.w.org\/{rel}","templated":true}]}}