{"id":122426,"date":"2022-06-01T18:13:48","date_gmt":"2022-06-01T16:13:48","guid":{"rendered":"https:\/\/www.fabioferro.eu\/giovanni-raspini-halskette-oval-mesh-gehaemmert-cm-90.html"},"modified":"2025-11-17T09:02:45","modified_gmt":"2025-11-17T08:02:45","slug":"giovanni-raspini-halskette-oval-mesh-gehaemmert-cm-90","status":"publish","type":"product","link":"https:\/\/www.fabioferro.eu\/de\/giovanni-raspini-halskette-oval-mesh-gehaemmert-cm-90.html","title":{"rendered":"Giovanni Raspini Halskette Oval Mesh geh\u00e4mmert Cm. 90"},"content":{"rendered":"<p>Halskette aus 925\/1000 Silber Giovanni Raspini Catene Kollektion mit einem Gewicht von 31 gr.<\/p>\n<p>Handgefertigtes Produkt &#8211; Made in Italy.<\/p>\n<p>Geh\u00e4mmerte ovale Maschen im Wechsel mit glatten Maschen.<\/p>\n<p>Es gibt 38 Ovale, halb geh\u00e4mmert mit den Ma\u00dfen 2,50 x 1,50 cm und halb glatt mit den Ma\u00dfen 2,20 x 1,50 cm.<\/p>\n<p>Die Gesamtl\u00e4nge der Kette betr\u00e4gt 90,00 cm.<\/p>\n<p>Verschluss mit praktischem Karabinerhaken mit Giovanni Raspini-Logo.<\/p>\n<p>Neuer Artikel mit original Giovanni Raspini Box und Garantie.<\/p>\n<p>Ich stelle eine Quittung und\/oder Rechnung aus.<\/p>\n","protected":false},"excerpt":{"rendered":"<p>Giovanni Raspini Halskette aus 925er Silber (90,00 cm)<\/p>\n","protected":false},"featured_media":122439,"comment_status":"open","ping_status":"closed","template":"","meta":[],"product_brand":[],"product_cat":[7568],"product_tag":[7442],"class_list":{"0":"post-122426","1":"product","2":"type-product","3":"status-publish","4":"has-post-thumbnail","6":"product_cat-giovanni-raspini-halsketten","7":"product_tag-verfugbar","9":"first","10":"instock","11":"sale","12":"taxable","13":"shipping-taxable","14":"purchasable","15":"product-type-simple"},"exclude_global_add_ons":[],"addons":[],"df_price":247.5,"df_sale_price":247.5,"df_regular_price":275,"df_image_link":"https:\/\/cdn02.fabioferro.eu\/wp-content\/uploads\/virtuemart\/product\/collana-maglia-martellata-larga2.jpg","_links":{"self":[{"href":"https:\/\/www.fabioferro.eu\/de\/wp-json\/wp\/v2\/product\/122426","targetHints":{"allow":["GET"]}}],"collection":[{"href":"https:\/\/www.fabioferro.eu\/de\/wp-json\/wp\/v2\/product"}],"about":[{"href":"https:\/\/www.fabioferro.eu\/de\/wp-json\/wp\/v2\/types\/product"}],"replies":[{"embeddable":true,"href":"https:\/\/www.fabioferro.eu\/de\/wp-json\/wp\/v2\/comments?post=122426"}],"version-history":[{"count":0,"href":"https:\/\/www.fabioferro.eu\/de\/wp-json\/wp\/v2\/product\/122426\/revisions"}],"wp:featuredmedia":[{"embeddable":true,"href":"https:\/\/www.fabioferro.eu\/de\/wp-json\/wp\/v2\/media\/122439"}],"wp:attachment":[{"href":"https:\/\/www.fabioferro.eu\/de\/wp-json\/wp\/v2\/media?parent=122426"}],"wp:term":[{"taxonomy":"product_brand","embeddable":true,"href":"https:\/\/www.fabioferro.eu\/de\/wp-json\/wp\/v2\/product_brand?post=122426"},{"taxonomy":"product_cat","embeddable":true,"href":"https:\/\/www.fabioferro.eu\/de\/wp-json\/wp\/v2\/product_cat?post=122426"},{"taxonomy":"product_tag","embeddable":true,"href":"https:\/\/www.fabioferro.eu\/de\/wp-json\/wp\/v2\/product_tag?post=122426"}],"curies":[{"name":"wp","href":"https:\/\/api.w.org\/{rel}","templated":true}]}}