{"id":122428,"date":"2022-06-01T18:12:54","date_gmt":"2022-06-01T16:12:54","guid":{"rendered":"https:\/\/www.fabioferro.eu\/charms-giovanni-raspini-violinschluessel-musikinstrumente.html"},"modified":"2025-06-06T15:56:16","modified_gmt":"2025-06-06T13:56:16","slug":"charms-giovanni-raspini-violinschluessel-musikinstrumente","status":"publish","type":"product","link":"https:\/\/www.fabioferro.eu\/de\/charms-giovanni-raspini-violinschluessel-musikinstrumente.html","title":{"rendered":"Charms Giovanni Raspini Violinschl\u00fcssel Musikinstrumente"},"content":{"rendered":"<p>Raspini Violine Schl\u00fcsselanh\u00e4nger aus 925\/1000 Silber. Hergestellt in Italien &#8211; handgefertigt. Der Schl\u00fcssel misst 28 mm in der L\u00e4nge und 10 mm in der Breite. Gesamtgewicht des Anh\u00e4ngers gr. 3,50. Der Anh\u00e4nger ist mit einer offenen Gegenperle ausgestattet, die sich leicht an einem Armband oder einer Halskette befestigen l\u00e4sst. Der Anh\u00e4nger misst 3,80 cm in der L\u00e4nge einschlie\u00dflich des Gegenverschlusses. Neues Schmuckst\u00fcck mit Box und Garantiezertifikat von Giovanni Raspini. Ich stelle eine Quittung und\/oder Rechnung aus. &nbsp;<\/p>\n<p>&nbsp;<\/p>\n<p>&nbsp;<\/p>\n<p>&nbsp;<\/p>\n","protected":false},"excerpt":{"rendered":"<p>Charm Raspini Musiksammlung. Erh\u00e4ltlich in Form von Violinschl\u00fcssel, Saxophon, E-Gitarre, Musiknote, Trompete, Cello.<\/p>\n","protected":false},"featured_media":122441,"comment_status":"open","ping_status":"closed","template":"","meta":[],"product_brand":[155],"product_cat":[7575,7576],"product_tag":[7442],"class_list":{"0":"post-122428","1":"product","2":"type-product","3":"status-publish","4":"has-post-thumbnail","6":"product_brand-raspini","7":"product_cat-do-it-yourself-schmuck-giovanni-raspini","8":"product_cat-giovanni-raspini-reize","9":"product_tag-verfugbar","11":"first","12":"instock","13":"sale","14":"taxable","15":"shipping-taxable","16":"purchasable","17":"product-type-simple"},"exclude_global_add_ons":[],"addons":[],"df_price":36,"df_sale_price":36,"df_regular_price":40,"df_image_link":"https:\/\/cdn02.fabioferro.eu\/wp-content\/uploads\/virtuemart\/product\/nota-musicale-06326.jpg","_links":{"self":[{"href":"https:\/\/www.fabioferro.eu\/de\/wp-json\/wp\/v2\/product\/122428","targetHints":{"allow":["GET"]}}],"collection":[{"href":"https:\/\/www.fabioferro.eu\/de\/wp-json\/wp\/v2\/product"}],"about":[{"href":"https:\/\/www.fabioferro.eu\/de\/wp-json\/wp\/v2\/types\/product"}],"replies":[{"embeddable":true,"href":"https:\/\/www.fabioferro.eu\/de\/wp-json\/wp\/v2\/comments?post=122428"}],"version-history":[{"count":0,"href":"https:\/\/www.fabioferro.eu\/de\/wp-json\/wp\/v2\/product\/122428\/revisions"}],"wp:featuredmedia":[{"embeddable":true,"href":"https:\/\/www.fabioferro.eu\/de\/wp-json\/wp\/v2\/media\/122441"}],"wp:attachment":[{"href":"https:\/\/www.fabioferro.eu\/de\/wp-json\/wp\/v2\/media?parent=122428"}],"wp:term":[{"taxonomy":"product_brand","embeddable":true,"href":"https:\/\/www.fabioferro.eu\/de\/wp-json\/wp\/v2\/product_brand?post=122428"},{"taxonomy":"product_cat","embeddable":true,"href":"https:\/\/www.fabioferro.eu\/de\/wp-json\/wp\/v2\/product_cat?post=122428"},{"taxonomy":"product_tag","embeddable":true,"href":"https:\/\/www.fabioferro.eu\/de\/wp-json\/wp\/v2\/product_tag?post=122428"}],"curies":[{"name":"wp","href":"https:\/\/api.w.org\/{rel}","templated":true}]}}