{"id":122455,"date":"2022-06-01T18:11:05","date_gmt":"2022-06-01T16:11:05","guid":{"rendered":"https:\/\/www.fabioferro.eu\/giovanni-raspini-razze-hund-925-silber-charme.html"},"modified":"2025-07-07T14:18:31","modified_gmt":"2025-07-07T12:18:31","slug":"giovanni-raspini-razze-hund-925-silber-charme","status":"publish","type":"product","link":"https:\/\/www.fabioferro.eu\/de\/giovanni-raspini-razze-hund-925-silber-charme.html","title":{"rendered":"Giovanni Raspini Razze Hund 925 Silber Charme"},"content":{"rendered":"<p>Anh\u00e4nger aus 925er Raspini Silber aus der Hundekollektion Kleine Gr\u00f6\u00dfe Der Anh\u00e4nger ist mit einem Haken versehen, um ihn an einem Schl\u00fcsselring, einer Halskette oder einem Armband zu befestigen Neuware mit Originalverpackung und Garantie Auch in folgenden Rassen erh\u00e4ltlich: Setter, Dackel, Dogge, Chihuahua, Foxhound, Bernhardiner, Collie, Basset-Hound, Terrier, Windhund, Boxer, Westie, I Love Dog tag.  <\/p>\n<h3><\/h3>\n<p>\u00a0<\/p>\n","protected":false},"excerpt":{"rendered":"<p>Charme Raspini Hund Sammlung. Erh\u00e4ltlich in den folgenden Formen: Maulkorb Hund, Shitzu, Setter, Yorkshire, Dackel, Mastiff, Cocker, Chihuahua, Foxhound, Deutscher Sch\u00e4ferhund, Bernhardiner, Collie, Basset Hound, Terrier, Windhund, Boxer, Westy, Basset Hound, I love dog.<\/p>\n","protected":false},"featured_media":122469,"comment_status":"open","ping_status":"closed","template":"","meta":[],"product_brand":[155],"product_cat":[7575,7576,7578],"product_tag":[],"class_list":{"0":"post-122455","1":"product","2":"type-product","3":"status-publish","4":"has-post-thumbnail","6":"product_brand-raspini","7":"product_cat-do-it-yourself-schmuck-giovanni-raspini","8":"product_cat-giovanni-raspini-reize","9":"product_cat-raspini-charms-fur-veranstaltung","11":"first","12":"instock","13":"sale","14":"taxable","15":"shipping-taxable","16":"purchasable","17":"product-type-simple"},"exclude_global_add_ons":[],"addons":[],"df_price":54,"df_sale_price":54,"df_regular_price":60,"df_image_link":"https:\/\/cdn02.fabioferro.eu\/wp-content\/uploads\/virtuemart\/product\/musetto-cane1.jpg","_links":{"self":[{"href":"https:\/\/www.fabioferro.eu\/de\/wp-json\/wp\/v2\/product\/122455","targetHints":{"allow":["GET"]}}],"collection":[{"href":"https:\/\/www.fabioferro.eu\/de\/wp-json\/wp\/v2\/product"}],"about":[{"href":"https:\/\/www.fabioferro.eu\/de\/wp-json\/wp\/v2\/types\/product"}],"replies":[{"embeddable":true,"href":"https:\/\/www.fabioferro.eu\/de\/wp-json\/wp\/v2\/comments?post=122455"}],"version-history":[{"count":0,"href":"https:\/\/www.fabioferro.eu\/de\/wp-json\/wp\/v2\/product\/122455\/revisions"}],"wp:featuredmedia":[{"embeddable":true,"href":"https:\/\/www.fabioferro.eu\/de\/wp-json\/wp\/v2\/media\/122469"}],"wp:attachment":[{"href":"https:\/\/www.fabioferro.eu\/de\/wp-json\/wp\/v2\/media?parent=122455"}],"wp:term":[{"taxonomy":"product_brand","embeddable":true,"href":"https:\/\/www.fabioferro.eu\/de\/wp-json\/wp\/v2\/product_brand?post=122455"},{"taxonomy":"product_cat","embeddable":true,"href":"https:\/\/www.fabioferro.eu\/de\/wp-json\/wp\/v2\/product_cat?post=122455"},{"taxonomy":"product_tag","embeddable":true,"href":"https:\/\/www.fabioferro.eu\/de\/wp-json\/wp\/v2\/product_tag?post=122455"}],"curies":[{"name":"wp","href":"https:\/\/api.w.org\/{rel}","templated":true}]}}