{"id":122463,"date":"2022-06-01T18:11:24","date_gmt":"2022-06-01T16:11:24","guid":{"rendered":"https:\/\/www.fabioferro.eu\/giovanni-raspini-charm-in-silber-libelle-gross.html"},"modified":"2024-09-18T12:42:43","modified_gmt":"2024-09-18T10:42:43","slug":"giovanni-raspini-charm-in-silber-libelle-gross","status":"publish","type":"product","link":"https:\/\/www.fabioferro.eu\/de\/giovanni-raspini-charm-in-silber-libelle-gross.html","title":{"rendered":"Giovanni Raspini Charm in Silber Libelle gro\u00df"},"content":{"rendered":"<p>925 Giovanni Raspini Silber Charm in Form einer Libelle Gro\u00dfe Gr\u00f6\u00dfe cm. 4.50&#215;5.00 Der Charm ist mit einer offenen Gegenperle versehen, die sich leicht an einem Armband oder als Anh\u00e4nger an einer Halskette anbringen l\u00e4sst. Neuer Artikel mit Originalverpackung und Garantie<\/p>\n","protected":false},"excerpt":{"rendered":"<p>Raspini Anh\u00e4nger in Form einer Libelle<\/p>\n","protected":false},"featured_media":122471,"comment_status":"open","ping_status":"closed","template":"","meta":[],"product_brand":[155],"product_cat":[7575,7576],"product_tag":[7442],"class_list":{"0":"post-122463","1":"product","2":"type-product","3":"status-publish","4":"has-post-thumbnail","6":"product_brand-raspini","7":"product_cat-do-it-yourself-schmuck-giovanni-raspini","8":"product_cat-giovanni-raspini-reize","9":"product_tag-verfugbar","11":"first","12":"instock","13":"sale","14":"taxable","15":"shipping-taxable","16":"purchasable","17":"product-type-simple"},"exclude_global_add_ons":[],"addons":[],"df_price":85.5,"df_sale_price":85.5,"df_regular_price":95,"df_image_link":"https:\/\/cdn02.fabioferro.eu\/wp-content\/uploads\/virtuemart\/product\/libellula-argento-giovanni-raspini-06442.jpg","_links":{"self":[{"href":"https:\/\/www.fabioferro.eu\/de\/wp-json\/wp\/v2\/product\/122463","targetHints":{"allow":["GET"]}}],"collection":[{"href":"https:\/\/www.fabioferro.eu\/de\/wp-json\/wp\/v2\/product"}],"about":[{"href":"https:\/\/www.fabioferro.eu\/de\/wp-json\/wp\/v2\/types\/product"}],"replies":[{"embeddable":true,"href":"https:\/\/www.fabioferro.eu\/de\/wp-json\/wp\/v2\/comments?post=122463"}],"version-history":[{"count":0,"href":"https:\/\/www.fabioferro.eu\/de\/wp-json\/wp\/v2\/product\/122463\/revisions"}],"wp:featuredmedia":[{"embeddable":true,"href":"https:\/\/www.fabioferro.eu\/de\/wp-json\/wp\/v2\/media\/122471"}],"wp:attachment":[{"href":"https:\/\/www.fabioferro.eu\/de\/wp-json\/wp\/v2\/media?parent=122463"}],"wp:term":[{"taxonomy":"product_brand","embeddable":true,"href":"https:\/\/www.fabioferro.eu\/de\/wp-json\/wp\/v2\/product_brand?post=122463"},{"taxonomy":"product_cat","embeddable":true,"href":"https:\/\/www.fabioferro.eu\/de\/wp-json\/wp\/v2\/product_cat?post=122463"},{"taxonomy":"product_tag","embeddable":true,"href":"https:\/\/www.fabioferro.eu\/de\/wp-json\/wp\/v2\/product_tag?post=122463"}],"curies":[{"name":"wp","href":"https:\/\/api.w.org\/{rel}","templated":true}]}}