{"id":122465,"date":"2022-06-01T18:13:17","date_gmt":"2022-06-01T16:13:17","guid":{"rendered":"https:\/\/www.fabioferro.eu\/charme-giovanni-raspini-quadrifoglio-portafortuna-grande.html"},"modified":"2024-06-26T15:35:06","modified_gmt":"2024-06-26T13:35:06","slug":"charme-giovanni-raspini-quadrifoglio-portafortuna-grande","status":"publish","type":"product","link":"https:\/\/www.fabioferro.eu\/de\/charme-giovanni-raspini-quadrifoglio-portafortuna-grande.html","title":{"rendered":"Charme Giovanni Raspini Quadrifoglio Portafortuna Grande"},"content":{"rendered":"<p>Raspini 925 Sterling Silber Charm in Form eines vierbl\u00e4ttrigen Kleeblatts.<\/p>\n<p>Der Anh\u00e4nger ist mit einem Haken ausgestattet, der an einem Schl\u00fcsselring, einem Halsband oder einem Armband befestigt werden kann.<\/p>\n<p>H\u00f6he von 3 cm ohne die oberen 0,9 cm der Masche.<\/p>\n<p>Neuer Artikel mit original Giovanni Raspini Box und Garantie.<\/p>\n","protected":false},"excerpt":{"rendered":"<p>Raspini Charm in Form eines mittleren vierbl\u00e4ttrigen Klees. Auch erh\u00e4ltlich in Form von: Hufeisen, Horn, Buckel, Fischgr\u00e4te, geh\u00f6rnte Hand, Besen, 13&#8230;<\/p>\n","protected":false},"featured_media":122475,"comment_status":"open","ping_status":"closed","template":"","meta":[],"product_brand":[155],"product_cat":[7575,7576],"product_tag":[7442],"class_list":{"0":"post-122465","1":"product","2":"type-product","3":"status-publish","4":"has-post-thumbnail","6":"product_brand-raspini","7":"product_cat-do-it-yourself-schmuck-giovanni-raspini","8":"product_cat-giovanni-raspini-reize","9":"product_tag-verfugbar","11":"first","12":"instock","13":"sale","14":"taxable","15":"shipping-taxable","16":"purchasable","17":"product-type-simple"},"exclude_global_add_ons":[],"addons":[],"df_price":58.5,"df_sale_price":58.5,"df_regular_price":65,"df_image_link":"https:\/\/cdn02.fabioferro.eu\/wp-content\/uploads\/virtuemart\/product\/charm-giovanni-raspini-quadrifoglio-6010.jpg","_links":{"self":[{"href":"https:\/\/www.fabioferro.eu\/de\/wp-json\/wp\/v2\/product\/122465","targetHints":{"allow":["GET"]}}],"collection":[{"href":"https:\/\/www.fabioferro.eu\/de\/wp-json\/wp\/v2\/product"}],"about":[{"href":"https:\/\/www.fabioferro.eu\/de\/wp-json\/wp\/v2\/types\/product"}],"replies":[{"embeddable":true,"href":"https:\/\/www.fabioferro.eu\/de\/wp-json\/wp\/v2\/comments?post=122465"}],"version-history":[{"count":0,"href":"https:\/\/www.fabioferro.eu\/de\/wp-json\/wp\/v2\/product\/122465\/revisions"}],"wp:featuredmedia":[{"embeddable":true,"href":"https:\/\/www.fabioferro.eu\/de\/wp-json\/wp\/v2\/media\/122475"}],"wp:attachment":[{"href":"https:\/\/www.fabioferro.eu\/de\/wp-json\/wp\/v2\/media?parent=122465"}],"wp:term":[{"taxonomy":"product_brand","embeddable":true,"href":"https:\/\/www.fabioferro.eu\/de\/wp-json\/wp\/v2\/product_brand?post=122465"},{"taxonomy":"product_cat","embeddable":true,"href":"https:\/\/www.fabioferro.eu\/de\/wp-json\/wp\/v2\/product_cat?post=122465"},{"taxonomy":"product_tag","embeddable":true,"href":"https:\/\/www.fabioferro.eu\/de\/wp-json\/wp\/v2\/product_tag?post=122465"}],"curies":[{"name":"wp","href":"https:\/\/api.w.org\/{rel}","templated":true}]}}