{"id":122501,"date":"2022-06-01T18:08:22","date_gmt":"2022-06-01T16:08:22","guid":{"rendered":"https:\/\/www.fabioferro.eu\/giovanni-raspini-brise-schluesselanhaenger-mittel-mm-31.html"},"modified":"2026-01-05T09:07:13","modified_gmt":"2026-01-05T08:07:13","slug":"giovanni-raspini-brise-schluesselanhaenger-mittel-mm-31","status":"publish","type":"product","link":"https:\/\/www.fabioferro.eu\/de\/giovanni-raspini-brise-schluesselanhaenger-mittel-mm-31.html","title":{"rendered":"Giovanni Raspini bris\u00e8 Schl\u00fcsselanh\u00e4nger mittel mm. 31"},"content":{"rendered":"<p>Silber 925\/1000 Giovanni Raspini Schl\u00fcsselanh\u00e4nger<\/p>\n<p>Spiralf\u00f6rmiges Modell<\/p>\n<p>Mittlere Gr\u00f6\u00dfe Durchmesser mm 31,00<\/p>\n<p>Dieser Schl\u00fcsselanh\u00e4nger kann mit unendlich vielen Anh\u00e4ngern von Giovanni Raspini individuell gestaltet werden. Klicken Sie auf den folgenden Link, um mehr dar\u00fcber zu erfahren: <a href=\"gioielli\/argenti-raspini\/charms.html\">https:\/\/www.fabioferro.eu\/gioielli\/argenti-raspini\/charms.htm<\/a><\/p>\n<p>Neuer Artikel mit original Giovanni Raspini Box und Garantie<\/p>\n<p>&nbsp;<\/p>\n<p>&nbsp;<\/p>\n<p>&nbsp;<\/p>\n","protected":false},"excerpt":{"rendered":"<p>Giovanni Raspini bris\u00e8 Schl\u00fcsselanh\u00e4nger mittel mm. 31<\/p>\n","protected":false},"featured_media":207505,"comment_status":"open","ping_status":"closed","template":"","meta":[],"product_brand":[155],"product_cat":[7575,7715],"product_tag":[7442],"class_list":{"0":"post-122501","1":"product","2":"type-product","3":"status-publish","4":"has-post-thumbnail","6":"product_brand-raspini","7":"product_cat-do-it-yourself-schmuck-giovanni-raspini","8":"product_cat-schlusselanhanger-giovanni-raspini","9":"product_tag-verfugbar","11":"first","12":"instock","13":"sale","14":"taxable","15":"shipping-taxable","16":"purchasable","17":"product-type-simple"},"exclude_global_add_ons":[],"addons":[],"df_price":27,"df_sale_price":27,"df_regular_price":30,"df_image_link":"https:\/\/cdn02.fabioferro.eu\/wp-content\/uploads\/brise-giovanni-raspini-6056.jpg","_links":{"self":[{"href":"https:\/\/www.fabioferro.eu\/de\/wp-json\/wp\/v2\/product\/122501","targetHints":{"allow":["GET"]}}],"collection":[{"href":"https:\/\/www.fabioferro.eu\/de\/wp-json\/wp\/v2\/product"}],"about":[{"href":"https:\/\/www.fabioferro.eu\/de\/wp-json\/wp\/v2\/types\/product"}],"replies":[{"embeddable":true,"href":"https:\/\/www.fabioferro.eu\/de\/wp-json\/wp\/v2\/comments?post=122501"}],"version-history":[{"count":0,"href":"https:\/\/www.fabioferro.eu\/de\/wp-json\/wp\/v2\/product\/122501\/revisions"}],"wp:featuredmedia":[{"embeddable":true,"href":"https:\/\/www.fabioferro.eu\/de\/wp-json\/wp\/v2\/media\/207505"}],"wp:attachment":[{"href":"https:\/\/www.fabioferro.eu\/de\/wp-json\/wp\/v2\/media?parent=122501"}],"wp:term":[{"taxonomy":"product_brand","embeddable":true,"href":"https:\/\/www.fabioferro.eu\/de\/wp-json\/wp\/v2\/product_brand?post=122501"},{"taxonomy":"product_cat","embeddable":true,"href":"https:\/\/www.fabioferro.eu\/de\/wp-json\/wp\/v2\/product_cat?post=122501"},{"taxonomy":"product_tag","embeddable":true,"href":"https:\/\/www.fabioferro.eu\/de\/wp-json\/wp\/v2\/product_tag?post=122501"}],"curies":[{"name":"wp","href":"https:\/\/api.w.org\/{rel}","templated":true}]}}