{"id":122579,"date":"2022-06-01T18:08:25","date_gmt":"2022-06-01T16:08:25","guid":{"rendered":"https:\/\/www.fabioferro.eu\/raspini-brise-schluesselanhaenger-gross-mm-40.html"},"modified":"2025-04-15T14:41:06","modified_gmt":"2025-04-15T12:41:06","slug":"raspini-brise-schluesselanhaenger-gross-mm-40","status":"publish","type":"product","link":"https:\/\/www.fabioferro.eu\/de\/raspini-brise-schluesselanhaenger-gross-mm-40.html","title":{"rendered":"Raspini Schl\u00fcsselanh\u00e4nger Gro\u00df 40 mm"},"content":{"rendered":"<p>Schl\u00fcsselanh\u00e4nger aus Sterling Silber 925\/1000 Giovanni Raspini Spiralf\u00f6rmiges Modell Gro\u00dfer Durchmesser 40 mm Dieser Schl\u00fcsselanh\u00e4nger kann mit unendlich vielen Anh\u00e4ngern von Giovanni Raspini personalisiert werden. Neuer Artikel mit original Giovanni Raspini Box und Garantie.<\/p>\n","protected":false},"excerpt":{"rendered":"<p>Giovanni Raspini Spirale Schl\u00fcsselanh\u00e4nger mm. 40<\/p>\n","protected":false},"featured_media":122596,"comment_status":"open","ping_status":"closed","template":"","meta":[],"product_brand":[155],"product_cat":[7575],"product_tag":[7442],"class_list":{"0":"post-122579","1":"product","2":"type-product","3":"status-publish","4":"has-post-thumbnail","6":"product_brand-raspini","7":"product_cat-do-it-yourself-schmuck-giovanni-raspini","8":"product_tag-verfugbar","10":"first","11":"instock","12":"sale","13":"taxable","14":"shipping-taxable","15":"purchasable","16":"product-type-simple"},"exclude_global_add_ons":[],"addons":[],"df_price":112.5,"df_sale_price":112.5,"df_regular_price":125,"df_image_link":"https:\/\/cdn02.fabioferro.eu\/wp-content\/uploads\/virtuemart\/product\/portachiavi-raspini-6056.jpg","_links":{"self":[{"href":"https:\/\/www.fabioferro.eu\/de\/wp-json\/wp\/v2\/product\/122579","targetHints":{"allow":["GET"]}}],"collection":[{"href":"https:\/\/www.fabioferro.eu\/de\/wp-json\/wp\/v2\/product"}],"about":[{"href":"https:\/\/www.fabioferro.eu\/de\/wp-json\/wp\/v2\/types\/product"}],"replies":[{"embeddable":true,"href":"https:\/\/www.fabioferro.eu\/de\/wp-json\/wp\/v2\/comments?post=122579"}],"version-history":[{"count":0,"href":"https:\/\/www.fabioferro.eu\/de\/wp-json\/wp\/v2\/product\/122579\/revisions"}],"wp:featuredmedia":[{"embeddable":true,"href":"https:\/\/www.fabioferro.eu\/de\/wp-json\/wp\/v2\/media\/122596"}],"wp:attachment":[{"href":"https:\/\/www.fabioferro.eu\/de\/wp-json\/wp\/v2\/media?parent=122579"}],"wp:term":[{"taxonomy":"product_brand","embeddable":true,"href":"https:\/\/www.fabioferro.eu\/de\/wp-json\/wp\/v2\/product_brand?post=122579"},{"taxonomy":"product_cat","embeddable":true,"href":"https:\/\/www.fabioferro.eu\/de\/wp-json\/wp\/v2\/product_cat?post=122579"},{"taxonomy":"product_tag","embeddable":true,"href":"https:\/\/www.fabioferro.eu\/de\/wp-json\/wp\/v2\/product_tag?post=122579"}],"curies":[{"name":"wp","href":"https:\/\/api.w.org\/{rel}","templated":true}]}}