{"id":122581,"date":"2022-06-01T18:08:45","date_gmt":"2022-06-01T16:08:45","guid":{"rendered":"https:\/\/www.fabioferro.eu\/weiss-und-gelbgold-ehering-modell-forever-fabio-ferro.html"},"modified":"2025-06-06T16:00:33","modified_gmt":"2025-06-06T14:00:33","slug":"weiss-und-gelbgold-ehering-modell-forever-fabio-ferro","status":"publish","type":"product","link":"https:\/\/www.fabioferro.eu\/de\/weiss-und-gelbgold-ehering-modell-forever-fabio-ferro.html","title":{"rendered":"Wei\u00df- und Gelbgold Ehering Modell Forever Fabio Ferro"},"content":{"rendered":"<p>Handgefertigter Ehering aus 750\/1000 Wei\u00df- und Gelbgold. Fingerbreite 3,8 mm, Gewicht 5,10\/6,40 g, je nach Fingergr\u00f6\u00dfe ungef\u00e4hr, Passform ist bequem. Der Tragekomfort ist besser als bei einem normalen Ehering, da die konvexe Innenseite die Hautfeuchtigkeit gut entweichen l\u00e4sst. Au\u00dferdem gibt es eine Handwerksgarantie mit Angaben zum Gewicht des Goldes und\/oder der Diamanten. Aufgrund der besonderen handwerklichen Herstellung der Ringe ist mit einer Lieferzeit von etwa 20 Tagen zu rechnen. Interne Gravuren mit Namen und Daten sind immer kostenlos.  &nbsp;<\/p>\n<p><strong> <\/strong><\/p>\n","protected":false},"excerpt":{"rendered":"<p>Ehering aus Wei\u00df- und Gelbgold mit Brillantschliff.<\/p>\n","protected":false},"featured_media":122598,"comment_status":"open","ping_status":"closed","template":"","meta":[],"product_brand":[152],"product_cat":[7633],"product_tag":[],"class_list":{"0":"post-122581","1":"product","2":"type-product","3":"status-publish","4":"has-post-thumbnail","6":"product_brand-fabio-ferro-i-gioielli","7":"product_cat-eheringe-und-trauringe-nach-mas","9":"first","10":"outofstock","11":"taxable","12":"shipping-taxable","13":"purchasable","14":"product-type-simple"},"exclude_global_add_ons":[],"addons":[],"df_price":"","df_sale_price":"","df_regular_price":"","df_image_link":"https:\/\/cdn02.fabioferro.eu\/wp-content\/uploads\/virtuemart\/product\/per-sempre.jpg","_links":{"self":[{"href":"https:\/\/www.fabioferro.eu\/de\/wp-json\/wp\/v2\/product\/122581","targetHints":{"allow":["GET"]}}],"collection":[{"href":"https:\/\/www.fabioferro.eu\/de\/wp-json\/wp\/v2\/product"}],"about":[{"href":"https:\/\/www.fabioferro.eu\/de\/wp-json\/wp\/v2\/types\/product"}],"replies":[{"embeddable":true,"href":"https:\/\/www.fabioferro.eu\/de\/wp-json\/wp\/v2\/comments?post=122581"}],"version-history":[{"count":0,"href":"https:\/\/www.fabioferro.eu\/de\/wp-json\/wp\/v2\/product\/122581\/revisions"}],"wp:featuredmedia":[{"embeddable":true,"href":"https:\/\/www.fabioferro.eu\/de\/wp-json\/wp\/v2\/media\/122598"}],"wp:attachment":[{"href":"https:\/\/www.fabioferro.eu\/de\/wp-json\/wp\/v2\/media?parent=122581"}],"wp:term":[{"taxonomy":"product_brand","embeddable":true,"href":"https:\/\/www.fabioferro.eu\/de\/wp-json\/wp\/v2\/product_brand?post=122581"},{"taxonomy":"product_cat","embeddable":true,"href":"https:\/\/www.fabioferro.eu\/de\/wp-json\/wp\/v2\/product_cat?post=122581"},{"taxonomy":"product_tag","embeddable":true,"href":"https:\/\/www.fabioferro.eu\/de\/wp-json\/wp\/v2\/product_tag?post=122581"}],"curies":[{"name":"wp","href":"https:\/\/api.w.org\/{rel}","templated":true}]}}