{"id":122604,"date":"2022-06-01T18:08:23","date_gmt":"2022-06-01T16:08:23","guid":{"rendered":"https:\/\/www.fabioferro.eu\/giovanni-raspini-schluesselanhaenger-klein-25-mm.html"},"modified":"2024-09-14T18:03:02","modified_gmt":"2024-09-14T16:03:02","slug":"giovanni-raspini-schluesselanhaenger-klein-25-mm","status":"publish","type":"product","link":"https:\/\/www.fabioferro.eu\/de\/giovanni-raspini-schluesselanhaenger-klein-25-mm.html","title":{"rendered":"Giovanni Raspini Schl\u00fcsselanh\u00e4nger klein 25 mm"},"content":{"rendered":"<p>Schl\u00fcsselanh\u00e4nger aus Silber 925\/1000 Giovanni Raspini Spiralf\u00f6rmiges Modell Kleine Gr\u00f6\u00dfe Durchmesser mm. 25,00 Neuware mit Originalverpackung und Garantie Giovanni Raspini<\/p>\n","protected":false},"excerpt":{"rendered":"<p>Giovanni Raspini Spirale Schl\u00fcsselanh\u00e4nger klein mm 25<\/p>\n","protected":false},"featured_media":207508,"comment_status":"open","ping_status":"closed","template":"","meta":[],"product_brand":[],"product_cat":[7575],"product_tag":[7442],"class_list":{"0":"post-122604","1":"product","2":"type-product","3":"status-publish","4":"has-post-thumbnail","6":"product_cat-do-it-yourself-schmuck-giovanni-raspini","7":"product_tag-verfugbar","9":"first","10":"instock","11":"sale","12":"taxable","13":"shipping-taxable","14":"purchasable","15":"product-type-simple"},"exclude_global_add_ons":[],"addons":[],"df_price":40.5,"df_sale_price":40.5,"df_regular_price":45,"df_image_link":"https:\/\/cdn02.fabioferro.eu\/wp-content\/uploads\/brise-giovanni-raspini-6120.jpg","_links":{"self":[{"href":"https:\/\/www.fabioferro.eu\/de\/wp-json\/wp\/v2\/product\/122604","targetHints":{"allow":["GET"]}}],"collection":[{"href":"https:\/\/www.fabioferro.eu\/de\/wp-json\/wp\/v2\/product"}],"about":[{"href":"https:\/\/www.fabioferro.eu\/de\/wp-json\/wp\/v2\/types\/product"}],"replies":[{"embeddable":true,"href":"https:\/\/www.fabioferro.eu\/de\/wp-json\/wp\/v2\/comments?post=122604"}],"version-history":[{"count":0,"href":"https:\/\/www.fabioferro.eu\/de\/wp-json\/wp\/v2\/product\/122604\/revisions"}],"wp:featuredmedia":[{"embeddable":true,"href":"https:\/\/www.fabioferro.eu\/de\/wp-json\/wp\/v2\/media\/207508"}],"wp:attachment":[{"href":"https:\/\/www.fabioferro.eu\/de\/wp-json\/wp\/v2\/media?parent=122604"}],"wp:term":[{"taxonomy":"product_brand","embeddable":true,"href":"https:\/\/www.fabioferro.eu\/de\/wp-json\/wp\/v2\/product_brand?post=122604"},{"taxonomy":"product_cat","embeddable":true,"href":"https:\/\/www.fabioferro.eu\/de\/wp-json\/wp\/v2\/product_cat?post=122604"},{"taxonomy":"product_tag","embeddable":true,"href":"https:\/\/www.fabioferro.eu\/de\/wp-json\/wp\/v2\/product_tag?post=122604"}],"curies":[{"name":"wp","href":"https:\/\/api.w.org\/{rel}","templated":true}]}}