{"id":122606,"date":"2022-06-01T18:08:43","date_gmt":"2022-06-01T16:08:43","guid":{"rendered":"https:\/\/www.fabioferro.eu\/weissgold-ehering-modell-aurora-fabio-ferro.html"},"modified":"2026-02-18T08:14:50","modified_gmt":"2026-02-18T07:14:50","slug":"weissgold-ehering-modell-aurora-fabio-ferro","status":"publish","type":"product","link":"https:\/\/www.fabioferro.eu\/de\/weissgold-ehering-modell-aurora-fabio-ferro.html","title":{"rendered":"Wei\u00dfgold Ehering Modell Aurora Fabio Ferro"},"content":{"rendered":"<p>Handgefertigter Ehering Modell Aurora aus poliertem und satiniertem 750\/1000er Wei\u00dfgold. Ehering Breite 4,7 mm Gewicht gr.5,5\/6,5 je nach Fingergr\u00f6\u00dfe. Der bequeme Sitz ist besser als bei einem normalen Ehering, da die konvexe Innenseite die Hautfeuchtigkeit entweichen l\u00e4sst. Au\u00dferdem wird eine Herstellergarantie mit Angaben zum Gewicht des Goldes und der Diamanten gew\u00e4hrt. Aufgrund der besonderen Handwerkskunst, mit der die Trauringe hergestellt werden, wird eine Lieferzeit von etwa 20 Tagen erwartet. Interne Gravuren mit Namen und Datum sind immer kostenlos.<\/p>\n","protected":false},"excerpt":{"rendered":"<p>Ehering Modell Aurora aus poliertem und satiniertem Wei\u00dfgold.<\/p>\n","protected":false},"featured_media":122619,"comment_status":"open","ping_status":"closed","template":"","meta":[],"product_brand":[152],"product_cat":[7633],"product_tag":[],"class_list":{"0":"post-122606","1":"product","2":"type-product","3":"status-publish","4":"has-post-thumbnail","6":"product_brand-fabio-ferro-i-gioielli","7":"product_cat-eheringe-und-trauringe-nach-mas","9":"first","10":"outofstock","11":"taxable","12":"shipping-taxable","13":"purchasable","14":"product-type-simple"},"exclude_global_add_ons":[],"addons":[],"df_price":"","df_sale_price":"","df_regular_price":"","df_image_link":"https:\/\/cdn02.fabioferro.eu\/wp-content\/uploads\/virtuemart\/product\/abbraccio_biancobis.jpg","_links":{"self":[{"href":"https:\/\/www.fabioferro.eu\/de\/wp-json\/wp\/v2\/product\/122606","targetHints":{"allow":["GET"]}}],"collection":[{"href":"https:\/\/www.fabioferro.eu\/de\/wp-json\/wp\/v2\/product"}],"about":[{"href":"https:\/\/www.fabioferro.eu\/de\/wp-json\/wp\/v2\/types\/product"}],"replies":[{"embeddable":true,"href":"https:\/\/www.fabioferro.eu\/de\/wp-json\/wp\/v2\/comments?post=122606"}],"version-history":[{"count":0,"href":"https:\/\/www.fabioferro.eu\/de\/wp-json\/wp\/v2\/product\/122606\/revisions"}],"wp:featuredmedia":[{"embeddable":true,"href":"https:\/\/www.fabioferro.eu\/de\/wp-json\/wp\/v2\/media\/122619"}],"wp:attachment":[{"href":"https:\/\/www.fabioferro.eu\/de\/wp-json\/wp\/v2\/media?parent=122606"}],"wp:term":[{"taxonomy":"product_brand","embeddable":true,"href":"https:\/\/www.fabioferro.eu\/de\/wp-json\/wp\/v2\/product_brand?post=122606"},{"taxonomy":"product_cat","embeddable":true,"href":"https:\/\/www.fabioferro.eu\/de\/wp-json\/wp\/v2\/product_cat?post=122606"},{"taxonomy":"product_tag","embeddable":true,"href":"https:\/\/www.fabioferro.eu\/de\/wp-json\/wp\/v2\/product_tag?post=122606"}],"curies":[{"name":"wp","href":"https:\/\/api.w.org\/{rel}","templated":true}]}}