{"id":122655,"date":"2021-12-13T16:40:04","date_gmt":"2021-12-13T15:40:04","guid":{"rendered":"https:\/\/www.fabioferro.eu\/original-tibetischer-citrin-tamashii-armband.html"},"modified":"2024-09-18T16:08:38","modified_gmt":"2024-09-18T14:08:38","slug":"original-tibetischer-citrin-tamashii-armband","status":"publish","type":"product","link":"https:\/\/www.fabioferro.eu\/de\/original-tibetischer-citrin-tamashii-armband.html","title":{"rendered":"Original Tibetischer Citrin Tamashii-Armband"},"content":{"rendered":"<p>Tamashii-Armb\u00e4nder werden aus Natursteinen oder Perlen handgefertigt. wobei<b> <\/b>kann leicht von den ver\u00f6ffentlichten Fotos abweichen. Original tibetisches Tamashii Unisex-Armband mit Citrin-Quarz. Der Tamashii-Citrin symbolisiert Respekt vor der eigenen Herkunft, Verwurzelung und Gelassenheit. Es kann verwendet werden, um das Erreichen der Reife auszudr\u00fccken.  <\/p>\n<div class=\"description\">  Das Armband ist mit 12 Quarzkugeln mit einem Durchmesser von 8,00 mm best\u00fcckt und handgekn\u00fcpft. Die Gesamtl\u00e4nge des Armbands betr\u00e4gt 24,00 cm, aber es kann auch bis zu 18,00 cm getragen werden. Praktischer Knopfverschluss aus Metall. Was dieses Schmuckst\u00fcck einzigartig macht, ist die Tatsache, dass es in Tibet hergestellt und von buddhistischen M\u00f6nchen gesegnet wurde. Neues Produkt in Originalverpackung mit Tamashii-Echtheitsgarantie.  <\/div>\n","protected":false},"excerpt":{"rendered":"<p>Jedem Stein dieses Armbands wohnt eine tiefe Bedeutung inne.<\/p>\n","protected":false},"featured_media":122660,"comment_status":"open","ping_status":"closed","template":"","meta":[],"product_brand":[199],"product_cat":[6318],"product_tag":[7442],"class_list":{"0":"post-122655","1":"product","2":"type-product","3":"status-publish","4":"has-post-thumbnail","6":"product_brand-tamashii","7":"product_cat-tamashii","8":"product_tag-verfugbar","10":"first","11":"instock","12":"taxable","13":"shipping-taxable","14":"purchasable","15":"product-type-simple"},"exclude_global_add_ons":[],"addons":[],"df_price":42,"df_sale_price":"","df_regular_price":42,"df_image_link":"https:\/\/cdn02.fabioferro.eu\/wp-content\/uploads\/bracciale-tamashii-tibetano-citrino-bhs900-21.jpg","_links":{"self":[{"href":"https:\/\/www.fabioferro.eu\/de\/wp-json\/wp\/v2\/product\/122655","targetHints":{"allow":["GET"]}}],"collection":[{"href":"https:\/\/www.fabioferro.eu\/de\/wp-json\/wp\/v2\/product"}],"about":[{"href":"https:\/\/www.fabioferro.eu\/de\/wp-json\/wp\/v2\/types\/product"}],"replies":[{"embeddable":true,"href":"https:\/\/www.fabioferro.eu\/de\/wp-json\/wp\/v2\/comments?post=122655"}],"version-history":[{"count":0,"href":"https:\/\/www.fabioferro.eu\/de\/wp-json\/wp\/v2\/product\/122655\/revisions"}],"wp:featuredmedia":[{"embeddable":true,"href":"https:\/\/www.fabioferro.eu\/de\/wp-json\/wp\/v2\/media\/122660"}],"wp:attachment":[{"href":"https:\/\/www.fabioferro.eu\/de\/wp-json\/wp\/v2\/media?parent=122655"}],"wp:term":[{"taxonomy":"product_brand","embeddable":true,"href":"https:\/\/www.fabioferro.eu\/de\/wp-json\/wp\/v2\/product_brand?post=122655"},{"taxonomy":"product_cat","embeddable":true,"href":"https:\/\/www.fabioferro.eu\/de\/wp-json\/wp\/v2\/product_cat?post=122655"},{"taxonomy":"product_tag","embeddable":true,"href":"https:\/\/www.fabioferro.eu\/de\/wp-json\/wp\/v2\/product_tag?post=122655"}],"curies":[{"name":"wp","href":"https:\/\/api.w.org\/{rel}","templated":true}]}}