{"id":122699,"date":"2021-11-08T17:41:41","date_gmt":"2021-11-08T16:41:41","guid":{"rendered":"https:\/\/www.fabioferro.eu\/amen-halskette-herz-kette-rhodium.html"},"modified":"2024-10-01T16:35:33","modified_gmt":"2024-10-01T14:35:33","slug":"amen-halskette-herz-kette-rhodium","status":"publish","type":"product","link":"https:\/\/www.fabioferro.eu\/de\/amen-halskette-herz-kette-rhodium.html","title":{"rendered":"Amen Halskette Herz Kette Rhodium"},"content":{"rendered":"<p>Halskette aus 925\/1000 Silber wei\u00df plattiert. Einstellbare L\u00e4nge von 40 + 5 cm. Hergestellt in Italien. Wird von der offiziellen Amen-Garantie und Verpackung begleitet.<\/p>\n","protected":false},"excerpt":{"rendered":"<p>Ein s\u00fc\u00dfes Herz als Symbol des Gl\u00fccks.<\/p>\n","protected":false},"featured_media":122701,"comment_status":"open","ping_status":"closed","template":"","meta":[],"product_brand":[200],"product_cat":[6340,7620],"product_tag":[7442],"class_list":{"0":"post-122699","1":"product","2":"type-product","3":"status-publish","4":"has-post-thumbnail","6":"product_brand-amen","7":"product_cat-amen-halsketten","8":"product_cat-outlet-schmuck","9":"product_tag-verfugbar","11":"first","12":"instock","13":"sale","14":"taxable","15":"shipping-taxable","16":"purchasable","17":"product-type-simple"},"exclude_global_add_ons":[],"addons":[],"df_price":35.94,"df_sale_price":35.94,"df_regular_price":59.9,"df_image_link":"https:\/\/cdn02.fabioferro.eu\/wp-content\/uploads\/virtuemart\/product\/collana-amen-cuore-clcamibocub.jpg","_links":{"self":[{"href":"https:\/\/www.fabioferro.eu\/de\/wp-json\/wp\/v2\/product\/122699","targetHints":{"allow":["GET"]}}],"collection":[{"href":"https:\/\/www.fabioferro.eu\/de\/wp-json\/wp\/v2\/product"}],"about":[{"href":"https:\/\/www.fabioferro.eu\/de\/wp-json\/wp\/v2\/types\/product"}],"replies":[{"embeddable":true,"href":"https:\/\/www.fabioferro.eu\/de\/wp-json\/wp\/v2\/comments?post=122699"}],"version-history":[{"count":0,"href":"https:\/\/www.fabioferro.eu\/de\/wp-json\/wp\/v2\/product\/122699\/revisions"}],"wp:featuredmedia":[{"embeddable":true,"href":"https:\/\/www.fabioferro.eu\/de\/wp-json\/wp\/v2\/media\/122701"}],"wp:attachment":[{"href":"https:\/\/www.fabioferro.eu\/de\/wp-json\/wp\/v2\/media?parent=122699"}],"wp:term":[{"taxonomy":"product_brand","embeddable":true,"href":"https:\/\/www.fabioferro.eu\/de\/wp-json\/wp\/v2\/product_brand?post=122699"},{"taxonomy":"product_cat","embeddable":true,"href":"https:\/\/www.fabioferro.eu\/de\/wp-json\/wp\/v2\/product_cat?post=122699"},{"taxonomy":"product_tag","embeddable":true,"href":"https:\/\/www.fabioferro.eu\/de\/wp-json\/wp\/v2\/product_tag?post=122699"}],"curies":[{"name":"wp","href":"https:\/\/api.w.org\/{rel}","templated":true}]}}