{"id":122983,"date":"2021-10-22T17:36:11","date_gmt":"2021-10-22T15:36:11","guid":{"rendered":"https:\/\/www.fabioferro.eu\/giovanni-raspini-sardine-piccolo-200-ml-vento-di-mare-diffusor-in-weiss-bronze.html"},"modified":"2025-06-06T16:11:51","modified_gmt":"2025-06-06T14:11:51","slug":"giovanni-raspini-sardine-piccolo-200-ml-vento-di-mare-diffusor-in-weiss-bronze","status":"publish","type":"product","link":"https:\/\/www.fabioferro.eu\/de\/giovanni-raspini-sardine-piccolo-200-ml-vento-di-mare-diffusor-in-weiss-bronze.html","title":{"rendered":"Giovanni Raspini Sardine Piccolo 200 ml &#8220;Vento di Mare&#8221; Diffusor in Wei\u00df Bronze"},"content":{"rendered":"<p>200 ml Glas und Diffusor aus wei\u00dfer Bronze. H\u00fcbsches Motiv, ein Sardinenklotz. Hergestellt in Italien, handgefertigt. Begleitet von einer Giovanni Raspini-Garantie, Box und Shopper.<\/p>\n","protected":false},"excerpt":{"rendered":"<p>Parf\u00fcmieren Sie Ihr B\u00fcro, Ihr Zuhause oder Ihr Arbeitszimmer mit Giovanni Raspini, Sie werden nicht entt\u00e4uscht sein.<\/p>\n","protected":false},"featured_media":122988,"comment_status":"open","ping_status":"closed","template":"","meta":[],"product_brand":[155],"product_cat":[7716],"product_tag":[],"class_list":{"0":"post-122983","1":"product","2":"type-product","3":"status-publish","4":"has-post-thumbnail","6":"product_brand-raspini","7":"product_cat-raumdufte-giovanni-raspini","9":"first","10":"instock","11":"sale","12":"featured","13":"taxable","14":"shipping-taxable","15":"purchasable","16":"product-type-simple"},"exclude_global_add_ons":[],"addons":[],"df_price":135,"df_sale_price":135,"df_regular_price":150,"df_image_link":"https:\/\/cdn02.fabioferro.eu\/wp-content\/uploads\/virtuemart\/product\/diffusore-giovanni-raspini-sardine-piccolo-b0722.jpg","_links":{"self":[{"href":"https:\/\/www.fabioferro.eu\/de\/wp-json\/wp\/v2\/product\/122983","targetHints":{"allow":["GET"]}}],"collection":[{"href":"https:\/\/www.fabioferro.eu\/de\/wp-json\/wp\/v2\/product"}],"about":[{"href":"https:\/\/www.fabioferro.eu\/de\/wp-json\/wp\/v2\/types\/product"}],"replies":[{"embeddable":true,"href":"https:\/\/www.fabioferro.eu\/de\/wp-json\/wp\/v2\/comments?post=122983"}],"version-history":[{"count":0,"href":"https:\/\/www.fabioferro.eu\/de\/wp-json\/wp\/v2\/product\/122983\/revisions"}],"wp:featuredmedia":[{"embeddable":true,"href":"https:\/\/www.fabioferro.eu\/de\/wp-json\/wp\/v2\/media\/122988"}],"wp:attachment":[{"href":"https:\/\/www.fabioferro.eu\/de\/wp-json\/wp\/v2\/media?parent=122983"}],"wp:term":[{"taxonomy":"product_brand","embeddable":true,"href":"https:\/\/www.fabioferro.eu\/de\/wp-json\/wp\/v2\/product_brand?post=122983"},{"taxonomy":"product_cat","embeddable":true,"href":"https:\/\/www.fabioferro.eu\/de\/wp-json\/wp\/v2\/product_cat?post=122983"},{"taxonomy":"product_tag","embeddable":true,"href":"https:\/\/www.fabioferro.eu\/de\/wp-json\/wp\/v2\/product_tag?post=122983"}],"curies":[{"name":"wp","href":"https:\/\/api.w.org\/{rel}","templated":true}]}}