{"id":122984,"date":"2021-09-25T14:52:06","date_gmt":"2021-09-25T12:52:06","guid":{"rendered":"https:\/\/www.fabioferro.eu\/giovanni-raspini-halskette-anemonen-anhaenger-gross.html"},"modified":"2021-09-25T14:52:06","modified_gmt":"2021-09-25T12:52:06","slug":"giovanni-raspini-halskette-anemonen-anhaenger-gross","status":"publish","type":"product","link":"https:\/\/www.fabioferro.eu\/de\/giovanni-raspini-halskette-anemonen-anhaenger-gross.html","title":{"rendered":"Giovanni Raspini Halskette Anemonen-Anh\u00e4nger gro\u00df"},"content":{"rendered":"<p>Halskette Giovanni Raspini Anh\u00e4nger Anemone Piccolo Perla Mab\u00e8 aus 925\/1000 Silber.<\/p>\n<p>Logo-Karabinerverschluss und klassischer Gl\u00fcckspfeffer.<\/p>\n<p>Das Produkt wurde in Italien hergestellt. Gesamtgewicht 49 g. L\u00e4nge des Anh\u00e4ngers 6 cm, Kette 80 cm.<\/p>\n<p>Halskette wird mit Box und Giovanni Raspini Garantie verkauft.<\/p>\n","protected":false},"excerpt":{"rendered":"<p>Das tanzende Leben ist unter dem Meer und wartet nur auf dich.<\/p>\n","protected":false},"featured_media":122989,"comment_status":"open","ping_status":"closed","template":"","meta":[],"product_brand":[],"product_cat":[7568,7620],"product_tag":[7442],"class_list":{"0":"post-122984","1":"product","2":"type-product","3":"status-publish","4":"has-post-thumbnail","6":"product_cat-giovanni-raspini-halsketten","7":"product_cat-outlet-schmuck","8":"product_tag-verfugbar","10":"first","11":"instock","12":"sale","13":"taxable","14":"shipping-taxable","15":"purchasable","16":"product-type-simple"},"exclude_global_add_ons":[],"addons":[],"df_price":504,"df_sale_price":504,"df_regular_price":560,"df_image_link":"https:\/\/cdn02.fabioferro.eu\/wp-content\/uploads\/virtuemart\/product\/collana-giovanni-raspini-pendente-anemone-10570.jpg","_links":{"self":[{"href":"https:\/\/www.fabioferro.eu\/de\/wp-json\/wp\/v2\/product\/122984","targetHints":{"allow":["GET"]}}],"collection":[{"href":"https:\/\/www.fabioferro.eu\/de\/wp-json\/wp\/v2\/product"}],"about":[{"href":"https:\/\/www.fabioferro.eu\/de\/wp-json\/wp\/v2\/types\/product"}],"replies":[{"embeddable":true,"href":"https:\/\/www.fabioferro.eu\/de\/wp-json\/wp\/v2\/comments?post=122984"}],"version-history":[{"count":0,"href":"https:\/\/www.fabioferro.eu\/de\/wp-json\/wp\/v2\/product\/122984\/revisions"}],"wp:featuredmedia":[{"embeddable":true,"href":"https:\/\/www.fabioferro.eu\/de\/wp-json\/wp\/v2\/media\/122989"}],"wp:attachment":[{"href":"https:\/\/www.fabioferro.eu\/de\/wp-json\/wp\/v2\/media?parent=122984"}],"wp:term":[{"taxonomy":"product_brand","embeddable":true,"href":"https:\/\/www.fabioferro.eu\/de\/wp-json\/wp\/v2\/product_brand?post=122984"},{"taxonomy":"product_cat","embeddable":true,"href":"https:\/\/www.fabioferro.eu\/de\/wp-json\/wp\/v2\/product_cat?post=122984"},{"taxonomy":"product_tag","embeddable":true,"href":"https:\/\/www.fabioferro.eu\/de\/wp-json\/wp\/v2\/product_tag?post=122984"}],"curies":[{"name":"wp","href":"https:\/\/api.w.org\/{rel}","templated":true}]}}