{"id":123009,"date":"2021-09-30T08:12:40","date_gmt":"2021-09-30T06:12:40","guid":{"rendered":"https:\/\/www.fabioferro.eu\/tamashii-original-tibetischer-quarz-erdbeer-armband.html"},"modified":"2021-09-30T08:12:40","modified_gmt":"2021-09-30T06:12:40","slug":"tamashii-original-tibetischer-quarz-erdbeer-armband","status":"publish","type":"product","link":"https:\/\/www.fabioferro.eu\/de\/tamashii-original-tibetischer-quarz-erdbeer-armband.html","title":{"rendered":"Tamashii Original Tibetischer Quarz Erdbeer-Armband"},"content":{"rendered":"<p>Erdbeerquarz ist eine seltene Quarzsorte mit roten Einschl\u00fcssen. Er ist ein beruhigender und bes\u00e4nftigender Kristall, der Liebe und Verst\u00e4ndnis, aber gleichzeitig auch Energie und Vitalit\u00e4t bringt.<\/p>\n<p>Er ist ein au\u00dfergew\u00f6hnlicher Stein, wenn man seinen Lebensweg zur\u00fcckverfolgen muss. Sie kann Ihnen helfen, sich selbst und die Dinge, an denen Sie arbeiten wollen, besser zu verstehen und Weisheit zu erlangen.<\/p>\n<p>Sie verst\u00e4rkt Liebe aller Art, Dankbarkeit und Freundlichkeit sowohl nach au\u00dfen als auch zu sich selbst.<\/p>\n<p>&nbsp;<\/p>\n<p>Das Armband ist mit Zacken versehen und mit brauner Kordel handgekn\u00fcpft.<\/p>\n<p>Die Gesamtl\u00e4nge des Armbands betr\u00e4gt 24,00 cm, es kann aber auch bis zu 18,00 cm getragen werden. Praktischer Metallknopf-Verschluss.<\/p>\n<p>Was dieses Schmuckst\u00fcck einzigartig macht, ist die Tatsache, dass es in Tibet handgefertigt und von tibetischen M\u00f6nchen gesegnet wurde.<\/p>\n<p>Neues Produkt in Originalverpackung mit Tamashii-Echtheitsgarantie.<\/p>\n","protected":false},"excerpt":{"rendered":"<p>Lass deinen Gef\u00fchlen freien Lauf, dieses Armband wird sie leiten.<\/p>\n","protected":false},"featured_media":123011,"comment_status":"open","ping_status":"closed","template":"","meta":[],"product_brand":[199],"product_cat":[6318],"product_tag":[7442],"class_list":{"0":"post-123009","1":"product","2":"type-product","3":"status-publish","4":"has-post-thumbnail","6":"product_brand-tamashii","7":"product_cat-tamashii","8":"product_tag-verfugbar","10":"first","11":"instock","12":"taxable","13":"shipping-taxable","14":"purchasable","15":"product-type-simple"},"exclude_global_add_ons":[],"addons":[],"df_price":42,"df_sale_price":"","df_regular_price":42,"df_image_link":"https:\/\/cdn02.fabioferro.eu\/wp-content\/uploads\/virtuemart\/product\/bracciale-tamashii-quarzo-fragola-bhs900-243.jpg","_links":{"self":[{"href":"https:\/\/www.fabioferro.eu\/de\/wp-json\/wp\/v2\/product\/123009","targetHints":{"allow":["GET"]}}],"collection":[{"href":"https:\/\/www.fabioferro.eu\/de\/wp-json\/wp\/v2\/product"}],"about":[{"href":"https:\/\/www.fabioferro.eu\/de\/wp-json\/wp\/v2\/types\/product"}],"replies":[{"embeddable":true,"href":"https:\/\/www.fabioferro.eu\/de\/wp-json\/wp\/v2\/comments?post=123009"}],"version-history":[{"count":0,"href":"https:\/\/www.fabioferro.eu\/de\/wp-json\/wp\/v2\/product\/123009\/revisions"}],"wp:featuredmedia":[{"embeddable":true,"href":"https:\/\/www.fabioferro.eu\/de\/wp-json\/wp\/v2\/media\/123011"}],"wp:attachment":[{"href":"https:\/\/www.fabioferro.eu\/de\/wp-json\/wp\/v2\/media?parent=123009"}],"wp:term":[{"taxonomy":"product_brand","embeddable":true,"href":"https:\/\/www.fabioferro.eu\/de\/wp-json\/wp\/v2\/product_brand?post=123009"},{"taxonomy":"product_cat","embeddable":true,"href":"https:\/\/www.fabioferro.eu\/de\/wp-json\/wp\/v2\/product_cat?post=123009"},{"taxonomy":"product_tag","embeddable":true,"href":"https:\/\/www.fabioferro.eu\/de\/wp-json\/wp\/v2\/product_tag?post=123009"}],"curies":[{"name":"wp","href":"https:\/\/api.w.org\/{rel}","templated":true}]}}