{"id":123022,"date":"2021-09-17T15:55:19","date_gmt":"2021-09-17T13:55:19","guid":{"rendered":"https:\/\/www.fabioferro.eu\/tamashii-armband-original-tibetische-jade-wachs.html"},"modified":"2024-09-18T16:38:48","modified_gmt":"2024-09-18T14:38:48","slug":"tamashii-armband-original-tibetische-jade-wachs","status":"publish","type":"product","link":"https:\/\/www.fabioferro.eu\/de\/tamashii-armband-original-tibetische-jade-wachs.html","title":{"rendered":"Tamashii Armband Original Tibetische Jade Wachs"},"content":{"rendered":"<p>Jade ist ein Stein, der mit dem Wasser in Verbindung steht, also mit dem Bereich der Gef\u00fchle und der Weiblichkeit (Liebe, Vers\u00f6hnung, Intuition und Mitgef\u00fchl). Konfuzius (551-479 v. Chr.) sagt, dass Jade elf Tugenden besitzt und vermittelt, darunter Wohlwollen (sie f\u00fchlt sich sanft an) und Treue (sie reizt nie die Haut). Es hat beruhigende und lindernde Eigenschaften. Sie hilft dem Herzen, das Mitgef\u00fchl zu finden, um die richtigen Entscheidungen zu treffen. Er gleicht Emotionen aus und sorgt f\u00fcr Bescheidenheit und Klarheit der Ideen.  &nbsp;  Das Armband ist mit Zacken versehen und mit brauner Kordel handgekn\u00fcpft. Die Gesamtl\u00e4nge des Armbands betr\u00e4gt 24,00 cm, aber es kann auch bis zu 18,00 cm getragen werden. Praktischer Knopfverschluss aus Metall. Was dieses Schmuckst\u00fcck einzigartig macht, ist die Tatsache, dass es in Tibet handgefertigt und von tibetischen M\u00f6nchen gesegnet wurde. Neues Produkt in Originalverpackung mit Tamashii-Echtheitsgarantie.<\/p>\n","protected":false},"excerpt":{"rendered":"<p>Lass deinen Gef\u00fchlen freien Lauf, dieses Armband wird sie leiten.<\/p>\n","protected":false},"featured_media":123033,"comment_status":"open","ping_status":"closed","template":"","meta":[],"product_brand":[199],"product_cat":[6318],"product_tag":[],"class_list":{"0":"post-123022","1":"product","2":"type-product","3":"status-publish","4":"has-post-thumbnail","6":"product_brand-tamashii","7":"product_cat-tamashii","9":"first","10":"instock","11":"taxable","12":"shipping-taxable","13":"purchasable","14":"product-type-simple"},"exclude_global_add_ons":[],"addons":[],"df_price":42,"df_sale_price":"","df_regular_price":42,"df_image_link":"https:\/\/cdn02.fabioferro.eu\/wp-content\/uploads\/virtuemart\/product\/bracciale-tamashii-giada-bhs900-252.jpg","_links":{"self":[{"href":"https:\/\/www.fabioferro.eu\/de\/wp-json\/wp\/v2\/product\/123022","targetHints":{"allow":["GET"]}}],"collection":[{"href":"https:\/\/www.fabioferro.eu\/de\/wp-json\/wp\/v2\/product"}],"about":[{"href":"https:\/\/www.fabioferro.eu\/de\/wp-json\/wp\/v2\/types\/product"}],"replies":[{"embeddable":true,"href":"https:\/\/www.fabioferro.eu\/de\/wp-json\/wp\/v2\/comments?post=123022"}],"version-history":[{"count":0,"href":"https:\/\/www.fabioferro.eu\/de\/wp-json\/wp\/v2\/product\/123022\/revisions"}],"wp:featuredmedia":[{"embeddable":true,"href":"https:\/\/www.fabioferro.eu\/de\/wp-json\/wp\/v2\/media\/123033"}],"wp:attachment":[{"href":"https:\/\/www.fabioferro.eu\/de\/wp-json\/wp\/v2\/media?parent=123022"}],"wp:term":[{"taxonomy":"product_brand","embeddable":true,"href":"https:\/\/www.fabioferro.eu\/de\/wp-json\/wp\/v2\/product_brand?post=123022"},{"taxonomy":"product_cat","embeddable":true,"href":"https:\/\/www.fabioferro.eu\/de\/wp-json\/wp\/v2\/product_cat?post=123022"},{"taxonomy":"product_tag","embeddable":true,"href":"https:\/\/www.fabioferro.eu\/de\/wp-json\/wp\/v2\/product_tag?post=123022"}],"curies":[{"name":"wp","href":"https:\/\/api.w.org\/{rel}","templated":true}]}}