{"id":123047,"date":"2021-09-17T15:47:40","date_gmt":"2021-09-17T13:47:40","guid":{"rendered":"https:\/\/www.fabioferro.eu\/original-tibetischer-rutilquarz-tamashii-armband.html"},"modified":"2025-06-06T16:15:15","modified_gmt":"2025-06-06T14:15:15","slug":"original-tibetischer-rutilquarz-tamashii-armband","status":"publish","type":"product","link":"https:\/\/www.fabioferro.eu\/de\/original-tibetischer-rutilquarz-tamashii-armband.html","title":{"rendered":"Original Tibetischer Rutilquarz Tamashii-Armband"},"content":{"rendered":"<p>Rutilquarz ist eine Form von klarem Quarz, der sich durch das Vorhandensein von Nadeln&#8221; oder Rutilhalmen in seiner Struktur auszeichnet (wegen dieser Facette wird er auch Venushaar&#8221; genannt). Dieser Stein erinnert die Person an ihren inneren Wert und ihr Potenzial und hilft, Willenskraft und Motivation zu st\u00e4rken. Rutilquarz ist ein n\u00fctzlicher Stein in Zeiten des Wandels. Er mildert schlechte Laune und hilft bei \u00c4ngsten und Sorgen.  &nbsp;  Das Armband ist mit Zacken versehen und mit brauner Kordel handgekn\u00fcpft. Die Gesamtl\u00e4nge des Armbands betr\u00e4gt 24,00 cm, aber es kann auch bis zu 18,00 cm getragen werden. Praktischer Knopfverschluss aus Metall. Was dieses Schmuckst\u00fcck einzigartig macht, ist die Tatsache, dass es in Tibet handgefertigt und von tibetischen M\u00f6nchen gesegnet wurde. Neues Produkt in Originalverpackung mit Tamashii-Echtheitsgarantie.<\/p>\n","protected":false},"excerpt":{"rendered":"<p>Eine kleine Hilfe f\u00fcr das t\u00e4gliche Leben.<\/p>\n","protected":false},"featured_media":123058,"comment_status":"open","ping_status":"closed","template":"","meta":[],"product_brand":[199],"product_cat":[6318],"product_tag":[7442],"class_list":{"0":"post-123047","1":"product","2":"type-product","3":"status-publish","4":"has-post-thumbnail","6":"product_brand-tamashii","7":"product_cat-tamashii","8":"product_tag-verfugbar","10":"first","11":"instock","12":"taxable","13":"shipping-taxable","14":"purchasable","15":"product-type-simple"},"exclude_global_add_ons":[],"addons":[],"df_price":42,"df_sale_price":"","df_regular_price":42,"df_image_link":"https:\/\/cdn02.fabioferro.eu\/wp-content\/uploads\/virtuemart\/product\/bracciale-tamashii-oro-rutilato-bhs900-251.jpg","_links":{"self":[{"href":"https:\/\/www.fabioferro.eu\/de\/wp-json\/wp\/v2\/product\/123047","targetHints":{"allow":["GET"]}}],"collection":[{"href":"https:\/\/www.fabioferro.eu\/de\/wp-json\/wp\/v2\/product"}],"about":[{"href":"https:\/\/www.fabioferro.eu\/de\/wp-json\/wp\/v2\/types\/product"}],"replies":[{"embeddable":true,"href":"https:\/\/www.fabioferro.eu\/de\/wp-json\/wp\/v2\/comments?post=123047"}],"version-history":[{"count":0,"href":"https:\/\/www.fabioferro.eu\/de\/wp-json\/wp\/v2\/product\/123047\/revisions"}],"wp:featuredmedia":[{"embeddable":true,"href":"https:\/\/www.fabioferro.eu\/de\/wp-json\/wp\/v2\/media\/123058"}],"wp:attachment":[{"href":"https:\/\/www.fabioferro.eu\/de\/wp-json\/wp\/v2\/media?parent=123047"}],"wp:term":[{"taxonomy":"product_brand","embeddable":true,"href":"https:\/\/www.fabioferro.eu\/de\/wp-json\/wp\/v2\/product_brand?post=123047"},{"taxonomy":"product_cat","embeddable":true,"href":"https:\/\/www.fabioferro.eu\/de\/wp-json\/wp\/v2\/product_cat?post=123047"},{"taxonomy":"product_tag","embeddable":true,"href":"https:\/\/www.fabioferro.eu\/de\/wp-json\/wp\/v2\/product_tag?post=123047"}],"curies":[{"name":"wp","href":"https:\/\/api.w.org\/{rel}","templated":true}]}}