{"id":123061,"date":"2021-09-25T07:47:41","date_gmt":"2021-09-25T05:47:41","guid":{"rendered":"https:\/\/www.fabioferro.eu\/rue-des-mille-stardust-magnetband-ring.html"},"modified":"2021-09-25T07:47:41","modified_gmt":"2021-09-25T05:47:41","slug":"rue-des-mille-stardust-magnetband-ring","status":"publish","type":"product","link":"https:\/\/www.fabioferro.eu\/de\/rue-des-mille-stardust-magnetband-ring.html","title":{"rendered":"Rue des Mille Stardust Magnetband Ring"},"content":{"rendered":"<p>Ring aus 925\/1000er Sterlingsilber mit 18 K Goldplattierung.<\/p>\n<p>Der Ring ist mit einem offenen Schaft versehen, so dass die Gr\u00f6\u00dfe durch leichtes Ziehen unabh\u00e4ngig eingestellt werden kann.<\/p>\n<p>Hergestellt in Italien.<\/p>\n<p>Mit offizieller Rue des Mille-Box und Garantie.<\/p>\n","protected":false},"excerpt":{"rendered":"<p>Ein unendliches Band, umgeben von sch\u00f6nen Nieten.<\/p>\n","protected":false},"featured_media":123071,"comment_status":"open","ping_status":"closed","template":"","meta":[],"product_brand":[205],"product_cat":[6207],"product_tag":[7442],"class_list":{"0":"post-123061","1":"product","2":"type-product","3":"status-publish","4":"has-post-thumbnail","6":"product_brand-rue-des-mille","7":"product_cat-ringe-rue-des-mille","8":"product_tag-verfugbar","10":"first","11":"outofstock","12":"sale","13":"taxable","14":"shipping-taxable","15":"purchasable","16":"product-type-simple"},"exclude_global_add_ons":[],"addons":[],"df_price":33,"df_sale_price":33,"df_regular_price":55,"df_image_link":"https:\/\/cdn02.fabioferro.eu\/wp-content\/uploads\/virtuemart\/product\/anello-rue-des-mille-stardust-magnetica-anz-010-m1-au.jpg","_links":{"self":[{"href":"https:\/\/www.fabioferro.eu\/de\/wp-json\/wp\/v2\/product\/123061","targetHints":{"allow":["GET"]}}],"collection":[{"href":"https:\/\/www.fabioferro.eu\/de\/wp-json\/wp\/v2\/product"}],"about":[{"href":"https:\/\/www.fabioferro.eu\/de\/wp-json\/wp\/v2\/types\/product"}],"replies":[{"embeddable":true,"href":"https:\/\/www.fabioferro.eu\/de\/wp-json\/wp\/v2\/comments?post=123061"}],"version-history":[{"count":0,"href":"https:\/\/www.fabioferro.eu\/de\/wp-json\/wp\/v2\/product\/123061\/revisions"}],"wp:featuredmedia":[{"embeddable":true,"href":"https:\/\/www.fabioferro.eu\/de\/wp-json\/wp\/v2\/media\/123071"}],"wp:attachment":[{"href":"https:\/\/www.fabioferro.eu\/de\/wp-json\/wp\/v2\/media?parent=123061"}],"wp:term":[{"taxonomy":"product_brand","embeddable":true,"href":"https:\/\/www.fabioferro.eu\/de\/wp-json\/wp\/v2\/product_brand?post=123061"},{"taxonomy":"product_cat","embeddable":true,"href":"https:\/\/www.fabioferro.eu\/de\/wp-json\/wp\/v2\/product_cat?post=123061"},{"taxonomy":"product_tag","embeddable":true,"href":"https:\/\/www.fabioferro.eu\/de\/wp-json\/wp\/v2\/product_tag?post=123061"}],"curies":[{"name":"wp","href":"https:\/\/api.w.org\/{rel}","templated":true}]}}