{"id":123062,"date":"2021-08-05T09:57:29","date_gmt":"2021-08-05T07:57:29","guid":{"rendered":"https:\/\/www.fabioferro.eu\/original-tibetisches-mondfarben-armband.html"},"modified":"2024-08-23T08:36:57","modified_gmt":"2024-08-23T06:36:57","slug":"original-tibetisches-mondfarben-armband","status":"publish","type":"product","link":"https:\/\/www.fabioferro.eu\/de\/original-tibetisches-mondfarben-armband.html","title":{"rendered":"Original tibetisches Mondfarben-Armband"},"content":{"rendered":"<p>Tamashii Produkte sind handgefertigt mit nat\u00fcrlichen Steinen\/Perlen, sie k\u00f6nnen etwas andere Farbt\u00f6ne haben als die ver\u00f6ffentlichten Fotos. Original tibetisches Tamashii Unisex-Armband mit farbigem Mondstein. Der Mondstein ist ein Edelstein der Intuition und des Verst\u00e4ndnisses. Sie hilft, unsere Emotionen auszugleichen, indem sie die Freiheit des Ausdrucks betont und insbesondere ungest\u00fcme Tendenzen bes\u00e4nftigt. Obwohl er als Stein f\u00fcr Frauen gilt, wird der Mondstein oft von M\u00e4nnern verwendet, um ihr emotionales Selbst zu \u00f6ffnen.  &nbsp;<\/p>\n<p>&nbsp;<\/p>\n<div class=\"description\">  Das Armband ist mit brauner Kordel handgekn\u00fcpft und mit 12 Iolith-Kugeln mit einem Durchmesser von 8,00 mm versehen. Die Gesamtl\u00e4nge des Armbands betr\u00e4gt 24,00 cm, aber es kann auch bis zu 18,00 cm getragen werden. Praktischer Knopfverschluss aus Metall. Was dieses Schmuckst\u00fcck einzigartig macht, ist die Tatsache, dass es in Tibet handgefertigt und von tibetischen M\u00f6nchen gesegnet wurde. Neues Produkt in Originalverpackung mit Tamashii-Echtheitsgarantie.  <\/div>\n","protected":false},"excerpt":{"rendered":"<p>Ein Juwel, das unendliche Geheimnisse und eine genaue Bedeutung verbirgt.<\/p>\n","protected":false},"featured_media":123069,"comment_status":"open","ping_status":"closed","template":"","meta":[],"product_brand":[199],"product_cat":[6318],"product_tag":[7442],"class_list":{"0":"post-123062","1":"product","2":"type-product","3":"status-publish","4":"has-post-thumbnail","6":"product_brand-tamashii","7":"product_cat-tamashii","8":"product_tag-verfugbar","10":"first","11":"instock","12":"taxable","13":"shipping-taxable","14":"purchasable","15":"product-type-simple"},"exclude_global_add_ons":[],"addons":[],"df_price":49,"df_sale_price":"","df_regular_price":49,"df_image_link":"https:\/\/cdn02.fabioferro.eu\/wp-content\/uploads\/virtuemart\/product\/bracciale-tamashii-pietra-lunare-bhs900-220.jpg","_links":{"self":[{"href":"https:\/\/www.fabioferro.eu\/de\/wp-json\/wp\/v2\/product\/123062","targetHints":{"allow":["GET"]}}],"collection":[{"href":"https:\/\/www.fabioferro.eu\/de\/wp-json\/wp\/v2\/product"}],"about":[{"href":"https:\/\/www.fabioferro.eu\/de\/wp-json\/wp\/v2\/types\/product"}],"replies":[{"embeddable":true,"href":"https:\/\/www.fabioferro.eu\/de\/wp-json\/wp\/v2\/comments?post=123062"}],"version-history":[{"count":0,"href":"https:\/\/www.fabioferro.eu\/de\/wp-json\/wp\/v2\/product\/123062\/revisions"}],"wp:featuredmedia":[{"embeddable":true,"href":"https:\/\/www.fabioferro.eu\/de\/wp-json\/wp\/v2\/media\/123069"}],"wp:attachment":[{"href":"https:\/\/www.fabioferro.eu\/de\/wp-json\/wp\/v2\/media?parent=123062"}],"wp:term":[{"taxonomy":"product_brand","embeddable":true,"href":"https:\/\/www.fabioferro.eu\/de\/wp-json\/wp\/v2\/product_brand?post=123062"},{"taxonomy":"product_cat","embeddable":true,"href":"https:\/\/www.fabioferro.eu\/de\/wp-json\/wp\/v2\/product_cat?post=123062"},{"taxonomy":"product_tag","embeddable":true,"href":"https:\/\/www.fabioferro.eu\/de\/wp-json\/wp\/v2\/product_tag?post=123062"}],"curies":[{"name":"wp","href":"https:\/\/api.w.org\/{rel}","templated":true}]}}