{"id":123077,"date":"2021-08-05T07:47:18","date_gmt":"2021-08-05T05:47:18","guid":{"rendered":"https:\/\/www.fabioferro.eu\/original-tamashii-tibetische-jade-yamdrok-armband.html"},"modified":"2021-08-05T07:47:18","modified_gmt":"2021-08-05T05:47:18","slug":"original-tamashii-tibetische-jade-yamdrok-armband","status":"publish","type":"product","link":"https:\/\/www.fabioferro.eu\/de\/original-tamashii-tibetische-jade-yamdrok-armband.html","title":{"rendered":"Original Tamashii Tibetische Jade Yamdrok-Armband"},"content":{"rendered":"<p>Tamashii Produkte sind handgefertigt mit nat\u00fcrlichen Steinen\/Perlen, sie k\u00f6nnen etwas andere Farbt\u00f6ne haben als die ver\u00f6ffentlichten Fotos.<\/p>\n<p>Originales tibetisches Tamashii-Armband mit Yamdrok-Jade, unisex.<\/p>\n<p>Es handelt sich um einen Stein mit einer charakteristischen gr\u00fcnen Farbe, der im Gebiet des 4441 m hohen Yamdrok-Sees gefunden wurde, der nach der tibetischen Mythologie die Inkarnation einer G\u00f6ttin ist.<\/p>\n<p>Sie stellt die F\u00e4higkeit dar, Urteile \u00fcber andere abzuw\u00e4gen und den eigenen Wissensstand zu erh\u00f6hen. Sie f\u00f6rdert Ehrlichkeit und Gerechtigkeit, weshalb sie immer wieder in Verhandlungen eingebracht wird.<\/p>\n<p>&nbsp;<\/p>\n<div class=\"description\">\n<p>Das Armband ist mit brauner Kordel handgekn\u00fcpft und mit 12 Iolith-Kugeln mit einem Durchmesser von 8,00 mm versehen.<\/p>\n<p>Die Gesamtl\u00e4nge des Armbands betr\u00e4gt 24,00 cm, es kann aber auch bis zu 18,00 cm getragen werden. Praktischer Metallknopf-Verschluss.<\/p>\n<p>Was dieses Schmuckst\u00fcck einzigartig macht, ist die Tatsache, dass es in Tibet handgefertigt und von tibetischen M\u00f6nchen gesegnet wurde.<\/p>\n<p>Neues Produkt in Originalverpackung mit Tamashii-Echtheitsgarantie.<\/p>\n<\/div>\n","protected":false},"excerpt":{"rendered":"<p>Ein Juwel, das unendliche Geheimnisse und eine genaue Bedeutung verbirgt.<\/p>\n","protected":false},"featured_media":123090,"comment_status":"open","ping_status":"closed","template":"","meta":[],"product_brand":[199],"product_cat":[6318],"product_tag":[],"class_list":{"0":"post-123077","1":"product","2":"type-product","3":"status-publish","4":"has-post-thumbnail","6":"product_brand-tamashii","7":"product_cat-tamashii","9":"first","10":"instock","11":"taxable","12":"shipping-taxable","13":"purchasable","14":"product-type-simple"},"exclude_global_add_ons":[],"addons":[],"df_price":42,"df_sale_price":"","df_regular_price":42,"df_image_link":"https:\/\/cdn02.fabioferro.eu\/wp-content\/uploads\/virtuemart\/product\/bracciale-tamashii-giada-yamdrok-bhs900-268.jpg","_links":{"self":[{"href":"https:\/\/www.fabioferro.eu\/de\/wp-json\/wp\/v2\/product\/123077","targetHints":{"allow":["GET"]}}],"collection":[{"href":"https:\/\/www.fabioferro.eu\/de\/wp-json\/wp\/v2\/product"}],"about":[{"href":"https:\/\/www.fabioferro.eu\/de\/wp-json\/wp\/v2\/types\/product"}],"replies":[{"embeddable":true,"href":"https:\/\/www.fabioferro.eu\/de\/wp-json\/wp\/v2\/comments?post=123077"}],"version-history":[{"count":0,"href":"https:\/\/www.fabioferro.eu\/de\/wp-json\/wp\/v2\/product\/123077\/revisions"}],"wp:featuredmedia":[{"embeddable":true,"href":"https:\/\/www.fabioferro.eu\/de\/wp-json\/wp\/v2\/media\/123090"}],"wp:attachment":[{"href":"https:\/\/www.fabioferro.eu\/de\/wp-json\/wp\/v2\/media?parent=123077"}],"wp:term":[{"taxonomy":"product_brand","embeddable":true,"href":"https:\/\/www.fabioferro.eu\/de\/wp-json\/wp\/v2\/product_brand?post=123077"},{"taxonomy":"product_cat","embeddable":true,"href":"https:\/\/www.fabioferro.eu\/de\/wp-json\/wp\/v2\/product_cat?post=123077"},{"taxonomy":"product_tag","embeddable":true,"href":"https:\/\/www.fabioferro.eu\/de\/wp-json\/wp\/v2\/product_tag?post=123077"}],"curies":[{"name":"wp","href":"https:\/\/api.w.org\/{rel}","templated":true}]}}