{"id":123082,"date":"2021-09-17T15:39:21","date_gmt":"2021-09-17T13:39:21","guid":{"rendered":"https:\/\/www.fabioferro.eu\/original-tibetisches-k2-stein-tamashii-armband.html"},"modified":"2025-06-06T16:15:15","modified_gmt":"2025-06-06T14:15:15","slug":"original-tibetisches-k2-stein-tamashii-armband","status":"publish","type":"product","link":"https:\/\/www.fabioferro.eu\/de\/original-tibetisches-k2-stein-tamashii-armband.html","title":{"rendered":"Original tibetisches K2 Stein Tamashii-Armband"},"content":{"rendered":"<p>Einzigartiger Stein, der aus den schneebedeckten Gipfeln des K2, dem zweith\u00f6chsten Berg der Welt, gehauen wurde.<\/p>\n<p>Diese Kristallkombination erh\u00e4lt ihre himmlischen Eigenschaften vom Azurit, w\u00e4hrend die konkreteren und stabilisierenden Eigenschaften vom Granit stammen, was zu einem ruhigen Geist f\u00fchrt.<\/p>\n<p>Die Bedeutung des K2 wird mit der St\u00e4rke und Entschlossenheit in Verbindung gebracht, die sich aus dem Gef\u00fchl der Harmonie und des Gleichgewichts in allen Lebensbereichen ergeben. Der K2 erinnert uns an den Geist des Chhogori und daran, dass die Aussicht auf den Gipfel umso au\u00dfergew\u00f6hnlicher ist, je h\u00f6her der Aufstieg ist.<\/p>\n<p>&nbsp;<\/p>\n<p>Das Armband ist mit Zacken versehen und mit brauner Kordel handgekn\u00fcpft.<\/p>\n<p>Die Gesamtl\u00e4nge des Armbands betr\u00e4gt 24,00 cm, es kann aber auch bis zu 18,00 cm getragen werden. Praktischer Metallknopf-Verschluss.<\/p>\n<p>Was dieses Schmuckst\u00fcck einzigartig macht, ist die Tatsache, dass es in Tibet handgefertigt und von tibetischen M\u00f6nchen gesegnet wurde.<\/p>\n<p>Neues Produkt in Originalverpackung mit Tamashii-Echtheitsgarantie.<\/p>\n","protected":false},"excerpt":{"rendered":"<p>Der Gipfelfelsen, wie sie ihn nennen.<\/p>\n","protected":false},"featured_media":123093,"comment_status":"open","ping_status":"closed","template":"","meta":[],"product_brand":[199],"product_cat":[6318],"product_tag":[],"class_list":{"0":"post-123082","1":"product","2":"type-product","3":"status-publish","4":"has-post-thumbnail","6":"product_brand-tamashii","7":"product_cat-tamashii","9":"first","10":"instock","11":"taxable","12":"shipping-taxable","13":"purchasable","14":"product-type-simple"},"exclude_global_add_ons":[],"addons":[],"df_price":55,"df_sale_price":"","df_regular_price":55,"df_image_link":"https:\/\/cdn02.fabioferro.eu\/wp-content\/uploads\/virtuemart\/product\/bracciale-tamashii-pietra-del-k2-bhs900-249.jpg","_links":{"self":[{"href":"https:\/\/www.fabioferro.eu\/de\/wp-json\/wp\/v2\/product\/123082","targetHints":{"allow":["GET"]}}],"collection":[{"href":"https:\/\/www.fabioferro.eu\/de\/wp-json\/wp\/v2\/product"}],"about":[{"href":"https:\/\/www.fabioferro.eu\/de\/wp-json\/wp\/v2\/types\/product"}],"replies":[{"embeddable":true,"href":"https:\/\/www.fabioferro.eu\/de\/wp-json\/wp\/v2\/comments?post=123082"}],"version-history":[{"count":0,"href":"https:\/\/www.fabioferro.eu\/de\/wp-json\/wp\/v2\/product\/123082\/revisions"}],"wp:featuredmedia":[{"embeddable":true,"href":"https:\/\/www.fabioferro.eu\/de\/wp-json\/wp\/v2\/media\/123093"}],"wp:attachment":[{"href":"https:\/\/www.fabioferro.eu\/de\/wp-json\/wp\/v2\/media?parent=123082"}],"wp:term":[{"taxonomy":"product_brand","embeddable":true,"href":"https:\/\/www.fabioferro.eu\/de\/wp-json\/wp\/v2\/product_brand?post=123082"},{"taxonomy":"product_cat","embeddable":true,"href":"https:\/\/www.fabioferro.eu\/de\/wp-json\/wp\/v2\/product_cat?post=123082"},{"taxonomy":"product_tag","embeddable":true,"href":"https:\/\/www.fabioferro.eu\/de\/wp-json\/wp\/v2\/product_tag?post=123082"}],"curies":[{"name":"wp","href":"https:\/\/api.w.org\/{rel}","templated":true}]}}