{"id":123098,"date":"2021-07-31T07:40:36","date_gmt":"2021-07-31T05:40:36","guid":{"rendered":"https:\/\/www.fabioferro.eu\/madi-feste-ohrringe-mit-rotem-hydrothermalquarz.html"},"modified":"2024-10-17T18:07:58","modified_gmt":"2024-10-17T16:07:58","slug":"madi-feste-ohrringe-mit-rotem-hydrothermalquarz","status":"publish","type":"product","link":"https:\/\/www.fabioferro.eu\/de\/madi-feste-ohrringe-mit-rotem-hydrothermalquarz.html","title":{"rendered":"Mad\u00ec Feste Ohrringe mit rotem Hydrothermalquarz"},"content":{"rendered":"<p>Ohrringe aus ros\u00e9-vergoldetem 925er Silber, gef\u00e4rbter hydrothermaler Quarz, handgefertigt, Made in Italy, Clipverschluss, bequem zu tragen, Schmuckst\u00fcck mit Garantie und offizieller Mad\u00ec-Box.<\/p>\n","protected":false},"excerpt":{"rendered":"<p>Ein Paar Ohrringe in einzigartigen und unnachahmlichen Farben.<\/p>\n","protected":false},"featured_media":123106,"comment_status":"open","ping_status":"closed","template":"","meta":[],"product_brand":[],"product_cat":[5921],"product_tag":[],"class_list":{"0":"post-123098","1":"product","2":"type-product","3":"status-publish","4":"has-post-thumbnail","6":"product_cat-madi-ohrringe","8":"first","9":"instock","10":"sale","11":"taxable","12":"shipping-taxable","13":"purchasable","14":"product-type-simple"},"exclude_global_add_ons":[],"addons":[],"df_price":140.4,"df_sale_price":140.4,"df_regular_price":156,"df_image_link":"https:\/\/cdn02.fabioferro.eu\/wp-content\/uploads\/virtuemart\/product\/orecchini-madi-quarzo-rosso-38866.jpg","_links":{"self":[{"href":"https:\/\/www.fabioferro.eu\/de\/wp-json\/wp\/v2\/product\/123098","targetHints":{"allow":["GET"]}}],"collection":[{"href":"https:\/\/www.fabioferro.eu\/de\/wp-json\/wp\/v2\/product"}],"about":[{"href":"https:\/\/www.fabioferro.eu\/de\/wp-json\/wp\/v2\/types\/product"}],"replies":[{"embeddable":true,"href":"https:\/\/www.fabioferro.eu\/de\/wp-json\/wp\/v2\/comments?post=123098"}],"version-history":[{"count":0,"href":"https:\/\/www.fabioferro.eu\/de\/wp-json\/wp\/v2\/product\/123098\/revisions"}],"wp:featuredmedia":[{"embeddable":true,"href":"https:\/\/www.fabioferro.eu\/de\/wp-json\/wp\/v2\/media\/123106"}],"wp:attachment":[{"href":"https:\/\/www.fabioferro.eu\/de\/wp-json\/wp\/v2\/media?parent=123098"}],"wp:term":[{"taxonomy":"product_brand","embeddable":true,"href":"https:\/\/www.fabioferro.eu\/de\/wp-json\/wp\/v2\/product_brand?post=123098"},{"taxonomy":"product_cat","embeddable":true,"href":"https:\/\/www.fabioferro.eu\/de\/wp-json\/wp\/v2\/product_cat?post=123098"},{"taxonomy":"product_tag","embeddable":true,"href":"https:\/\/www.fabioferro.eu\/de\/wp-json\/wp\/v2\/product_tag?post=123098"}],"curies":[{"name":"wp","href":"https:\/\/api.w.org\/{rel}","templated":true}]}}