{"id":123154,"date":"2021-07-24T16:59:02","date_gmt":"2021-07-24T14:59:02","guid":{"rendered":"https:\/\/www.fabioferro.eu\/madi-blaue-lagune-kollektion-halskette.html"},"modified":"2024-09-30T09:17:08","modified_gmt":"2024-09-30T07:17:08","slug":"madi-blaue-lagune-kollektion-halskette","status":"publish","type":"product","link":"https:\/\/www.fabioferro.eu\/de\/madi-blaue-lagune-kollektion-halskette.html","title":{"rendered":"Madi Blaue Lagune Kollektion Halskette"},"content":{"rendered":"<p>Halskette aus ros\u00e9vergoldetem 925er Silber. Einstellbare L\u00e4nge von 44 bis 48 cm. Handgefertigt, Hergestellt in Italien. Blau gef\u00e4rbter hydrothermaler Quarz. Verstellbarer Karabinerhakenverschluss. Juwel mit Garantie, Einkaufstasche und offizieller Mad\u00ec-Box.<\/p>\n","protected":false},"excerpt":{"rendered":"<p>Eine Folge von blauem Quarz. Sie werden von dem Rosa des Silbers begleitet, das sie in dem Schmuckst\u00fcck umschlie\u00dft.<\/p>\n","protected":false},"featured_media":123162,"comment_status":"open","ping_status":"closed","template":"","meta":[],"product_brand":[],"product_cat":[5951],"product_tag":[],"class_list":{"0":"post-123154","1":"product","2":"type-product","3":"status-publish","4":"has-post-thumbnail","6":"product_cat-madi-halsketten","8":"first","9":"instock","10":"sale","11":"taxable","12":"shipping-taxable","13":"purchasable","14":"product-type-simple"},"exclude_global_add_ons":[],"addons":[],"df_price":188.1,"df_sale_price":188.1,"df_regular_price":209,"df_image_link":"https:\/\/cdn02.fabioferro.eu\/wp-content\/uploads\/virtuemart\/product\/collana-madi-collezione-laguna-blu-38831.jpg","_links":{"self":[{"href":"https:\/\/www.fabioferro.eu\/de\/wp-json\/wp\/v2\/product\/123154","targetHints":{"allow":["GET"]}}],"collection":[{"href":"https:\/\/www.fabioferro.eu\/de\/wp-json\/wp\/v2\/product"}],"about":[{"href":"https:\/\/www.fabioferro.eu\/de\/wp-json\/wp\/v2\/types\/product"}],"replies":[{"embeddable":true,"href":"https:\/\/www.fabioferro.eu\/de\/wp-json\/wp\/v2\/comments?post=123154"}],"version-history":[{"count":0,"href":"https:\/\/www.fabioferro.eu\/de\/wp-json\/wp\/v2\/product\/123154\/revisions"}],"wp:featuredmedia":[{"embeddable":true,"href":"https:\/\/www.fabioferro.eu\/de\/wp-json\/wp\/v2\/media\/123162"}],"wp:attachment":[{"href":"https:\/\/www.fabioferro.eu\/de\/wp-json\/wp\/v2\/media?parent=123154"}],"wp:term":[{"taxonomy":"product_brand","embeddable":true,"href":"https:\/\/www.fabioferro.eu\/de\/wp-json\/wp\/v2\/product_brand?post=123154"},{"taxonomy":"product_cat","embeddable":true,"href":"https:\/\/www.fabioferro.eu\/de\/wp-json\/wp\/v2\/product_cat?post=123154"},{"taxonomy":"product_tag","embeddable":true,"href":"https:\/\/www.fabioferro.eu\/de\/wp-json\/wp\/v2\/product_tag?post=123154"}],"curies":[{"name":"wp","href":"https:\/\/api.w.org\/{rel}","templated":true}]}}