{"id":123168,"date":"2021-07-30T14:26:34","date_gmt":"2021-07-30T12:26:34","guid":{"rendered":"https:\/\/www.fabioferro.eu\/giovanni-raspini-pesi-charme.html"},"modified":"2024-06-18T11:48:09","modified_gmt":"2024-06-18T09:48:09","slug":"giovanni-raspini-pesi-charme","status":"publish","type":"product","link":"https:\/\/www.fabioferro.eu\/de\/giovanni-raspini-pesi-charme.html","title":{"rendered":"Giovanni Raspini Pesi Charme"},"content":{"rendered":"<p>Anh\u00e4nger aus 925\/1000 Silber.<\/p>\n<p>Hergestellt in Italien.<\/p>\n<p>Gesamtgewicht 5 gr.<\/p>\n<p>H\u00f6he 2,6 cm ohne die oberen 0,9 cm Maschen.<\/p>\n<p>Inklusive Garantie, Verpackung und offizieller Giovanni Raspini Einkaufstasche.<\/p>\n","protected":false},"excerpt":{"rendered":"<p>St\u00e4rken Sie den K\u00f6rper, um den Geist zu st\u00e4rken.<\/p>\n","protected":false},"featured_media":123177,"comment_status":"open","ping_status":"closed","template":"","meta":[],"product_brand":[155],"product_cat":[7576,7578],"product_tag":[7442],"class_list":{"0":"post-123168","1":"product","2":"type-product","3":"status-publish","4":"has-post-thumbnail","6":"product_brand-raspini","7":"product_cat-giovanni-raspini-reize","8":"product_cat-raspini-charms-fur-veranstaltung-de","9":"product_tag-verfugbar","11":"first","12":"instock","13":"sale","14":"taxable","15":"shipping-taxable","16":"purchasable","17":"product-type-simple"},"exclude_global_add_ons":[],"addons":[],"df_price":40.5,"df_sale_price":40.5,"df_regular_price":45,"df_image_link":"https:\/\/cdn02.fabioferro.eu\/wp-content\/uploads\/virtuemart\/product\/charm-giovanni-raspini-pesi-6029.jpg","_links":{"self":[{"href":"https:\/\/www.fabioferro.eu\/de\/wp-json\/wp\/v2\/product\/123168","targetHints":{"allow":["GET"]}}],"collection":[{"href":"https:\/\/www.fabioferro.eu\/de\/wp-json\/wp\/v2\/product"}],"about":[{"href":"https:\/\/www.fabioferro.eu\/de\/wp-json\/wp\/v2\/types\/product"}],"replies":[{"embeddable":true,"href":"https:\/\/www.fabioferro.eu\/de\/wp-json\/wp\/v2\/comments?post=123168"}],"version-history":[{"count":0,"href":"https:\/\/www.fabioferro.eu\/de\/wp-json\/wp\/v2\/product\/123168\/revisions"}],"wp:featuredmedia":[{"embeddable":true,"href":"https:\/\/www.fabioferro.eu\/de\/wp-json\/wp\/v2\/media\/123177"}],"wp:attachment":[{"href":"https:\/\/www.fabioferro.eu\/de\/wp-json\/wp\/v2\/media?parent=123168"}],"wp:term":[{"taxonomy":"product_brand","embeddable":true,"href":"https:\/\/www.fabioferro.eu\/de\/wp-json\/wp\/v2\/product_brand?post=123168"},{"taxonomy":"product_cat","embeddable":true,"href":"https:\/\/www.fabioferro.eu\/de\/wp-json\/wp\/v2\/product_cat?post=123168"},{"taxonomy":"product_tag","embeddable":true,"href":"https:\/\/www.fabioferro.eu\/de\/wp-json\/wp\/v2\/product_tag?post=123168"}],"curies":[{"name":"wp","href":"https:\/\/api.w.org\/{rel}","templated":true}]}}