{"id":123213,"date":"2021-07-02T09:23:09","date_gmt":"2021-07-02T07:23:09","guid":{"rendered":"https:\/\/www.fabioferro.eu\/original-tibetisches-tamashii-armband-nepal-stein-6-mm.html"},"modified":"2024-09-18T16:40:00","modified_gmt":"2024-09-18T14:40:00","slug":"original-tibetisches-tamashii-armband-nepal-stein-6-mm","status":"publish","type":"product","link":"https:\/\/www.fabioferro.eu\/de\/original-tibetisches-tamashii-armband-nepal-stein-6-mm.html","title":{"rendered":"Original tibetisches Tamashii-Armband Nepal Stein 6 mm"},"content":{"rendered":"<p>Bedeutung: Obwohl sie keine besonders &#8216;wertvollen&#8217; Steine sind, geh\u00f6ren sie wahrscheinlich zu den bedeutendsten Steinen der tibetischen Kultur, da sie an die Prinzipien von Mutter Erde, Einfachheit und Demut erinnern. Sie sind grundlegend und notwendig f\u00fcr jeden materiellen und spirituellen Aufstieg.  &nbsp;  Die Produkte von Tamashii, die mit nat\u00fcrlichen Steinen\/Perlen handgefertigt werden, k\u00f6nnen sich in den Farbt\u00f6nen leicht von den Fotos unterscheiden. Original tibetisches Tamashii Unisex-Armband mit gr\u00fcnem Nepalstein. Das Armband ist mit 12 gr\u00fcnen Jadeperlen mit einem Durchmesser von 6 mm best\u00fcckt und handgekn\u00fcpft. Die Gesamtl\u00e4nge des Armbands betr\u00e4gt 24,00 cm, aber es kann bis zu 18,00 cm getragen werden. Was dieses Juwel einzigartig macht, ist die Tatsache, dass es von tibetischen M\u00f6nchen hergestellt und gesegnet wird. Neues Produkt in Originalverpackung mit Tamashii-Echtheitsgarantie.<\/p>\n","protected":false},"excerpt":{"rendered":"<p>Originelle Armb\u00e4nder aus Tibet, jedes mit seiner eigenen Bedeutung.<\/p>\n","protected":false},"featured_media":123217,"comment_status":"open","ping_status":"closed","template":"","meta":[],"product_brand":[199],"product_cat":[6318],"product_tag":[],"class_list":{"0":"post-123213","1":"product","2":"type-product","3":"status-publish","4":"has-post-thumbnail","6":"product_brand-tamashii","7":"product_cat-tamashii","9":"first","10":"instock","11":"taxable","12":"shipping-taxable","13":"purchasable","14":"product-type-simple"},"exclude_global_add_ons":[],"addons":[],"df_price":42,"df_sale_price":"","df_regular_price":42,"df_image_link":"https:\/\/cdn02.fabioferro.eu\/wp-content\/uploads\/virtuemart\/product\/bracciale-tamashii-pietra-nepal-bhs601-217.jpg","_links":{"self":[{"href":"https:\/\/www.fabioferro.eu\/de\/wp-json\/wp\/v2\/product\/123213","targetHints":{"allow":["GET"]}}],"collection":[{"href":"https:\/\/www.fabioferro.eu\/de\/wp-json\/wp\/v2\/product"}],"about":[{"href":"https:\/\/www.fabioferro.eu\/de\/wp-json\/wp\/v2\/types\/product"}],"replies":[{"embeddable":true,"href":"https:\/\/www.fabioferro.eu\/de\/wp-json\/wp\/v2\/comments?post=123213"}],"version-history":[{"count":0,"href":"https:\/\/www.fabioferro.eu\/de\/wp-json\/wp\/v2\/product\/123213\/revisions"}],"wp:featuredmedia":[{"embeddable":true,"href":"https:\/\/www.fabioferro.eu\/de\/wp-json\/wp\/v2\/media\/123217"}],"wp:attachment":[{"href":"https:\/\/www.fabioferro.eu\/de\/wp-json\/wp\/v2\/media?parent=123213"}],"wp:term":[{"taxonomy":"product_brand","embeddable":true,"href":"https:\/\/www.fabioferro.eu\/de\/wp-json\/wp\/v2\/product_brand?post=123213"},{"taxonomy":"product_cat","embeddable":true,"href":"https:\/\/www.fabioferro.eu\/de\/wp-json\/wp\/v2\/product_cat?post=123213"},{"taxonomy":"product_tag","embeddable":true,"href":"https:\/\/www.fabioferro.eu\/de\/wp-json\/wp\/v2\/product_tag?post=123213"}],"curies":[{"name":"wp","href":"https:\/\/api.w.org\/{rel}","templated":true}]}}