{"id":123283,"date":"2021-06-22T10:44:13","date_gmt":"2021-06-22T08:44:13","guid":{"rendered":"https:\/\/www.fabioferro.eu\/ring-rue-des-mille-medal-kreuz-gelb.html"},"modified":"2021-06-22T10:44:13","modified_gmt":"2021-06-22T08:44:13","slug":"ring-rue-des-mille-medal-kreuz-gelb","status":"publish","type":"product","link":"https:\/\/www.fabioferro.eu\/de\/ring-rue-des-mille-medal-kreuz-gelb.html","title":{"rendered":"Ring Rue des Mille Medal Kreuz Gelb"},"content":{"rendered":"<p>Ring aus 925\/1000er Sterlingsilber mit 18 K Goldplattierung.<\/p>\n<p>L\u00e4nge der Medaille 1,8 cm.<\/p>\n<p>Der Ring ist mit einem offenen Schaft versehen, so dass die Gr\u00f6\u00dfe durch leichtes Ziehen unabh\u00e4ngig eingestellt werden kann.<\/p>\n<p>Hergestellt in Italien.<\/p>\n<p>Mit offizieller Rue des Mille-Box und Garantie.<\/p>\n","protected":false},"excerpt":{"rendered":"<p>Eine rechteckige Medaille mit Mini-Nieten am Stiel.<\/p>\n","protected":false},"featured_media":123296,"comment_status":"open","ping_status":"closed","template":"","meta":[],"product_brand":[205],"product_cat":[6207],"product_tag":[7442],"class_list":{"0":"post-123283","1":"product","2":"type-product","3":"status-publish","4":"has-post-thumbnail","6":"product_brand-rue-des-mille","7":"product_cat-ringe-rue-des-mille","8":"product_tag-verfugbar","10":"first","11":"outofstock","12":"sale","13":"taxable","14":"shipping-taxable","15":"purchasable","16":"product-type-simple"},"exclude_global_add_ons":[],"addons":[],"df_price":51,"df_sale_price":51,"df_regular_price":85,"df_image_link":"https:\/\/cdn02.fabioferro.eu\/wp-content\/uploads\/virtuemart\/product\/anello-rue-des-mille-croce-anz-009-rt-cr-au.jpg","_links":{"self":[{"href":"https:\/\/www.fabioferro.eu\/de\/wp-json\/wp\/v2\/product\/123283","targetHints":{"allow":["GET"]}}],"collection":[{"href":"https:\/\/www.fabioferro.eu\/de\/wp-json\/wp\/v2\/product"}],"about":[{"href":"https:\/\/www.fabioferro.eu\/de\/wp-json\/wp\/v2\/types\/product"}],"replies":[{"embeddable":true,"href":"https:\/\/www.fabioferro.eu\/de\/wp-json\/wp\/v2\/comments?post=123283"}],"version-history":[{"count":0,"href":"https:\/\/www.fabioferro.eu\/de\/wp-json\/wp\/v2\/product\/123283\/revisions"}],"wp:featuredmedia":[{"embeddable":true,"href":"https:\/\/www.fabioferro.eu\/de\/wp-json\/wp\/v2\/media\/123296"}],"wp:attachment":[{"href":"https:\/\/www.fabioferro.eu\/de\/wp-json\/wp\/v2\/media?parent=123283"}],"wp:term":[{"taxonomy":"product_brand","embeddable":true,"href":"https:\/\/www.fabioferro.eu\/de\/wp-json\/wp\/v2\/product_brand?post=123283"},{"taxonomy":"product_cat","embeddable":true,"href":"https:\/\/www.fabioferro.eu\/de\/wp-json\/wp\/v2\/product_cat?post=123283"},{"taxonomy":"product_tag","embeddable":true,"href":"https:\/\/www.fabioferro.eu\/de\/wp-json\/wp\/v2\/product_tag?post=123283"}],"curies":[{"name":"wp","href":"https:\/\/api.w.org\/{rel}","templated":true}]}}