{"id":123302,"date":"2021-06-24T17:14:15","date_gmt":"2021-06-24T15:14:15","guid":{"rendered":"https:\/\/www.fabioferro.eu\/rue-des-mille-armband-gelb-herz-luenetten.html"},"modified":"2021-06-24T17:14:15","modified_gmt":"2021-06-24T15:14:15","slug":"rue-des-mille-armband-gelb-herz-luenetten","status":"publish","type":"product","link":"https:\/\/www.fabioferro.eu\/de\/rue-des-mille-armband-gelb-herz-luenetten.html","title":{"rendered":"Rue des Mille Armband Gelb Herz L\u00fcnetten"},"content":{"rendered":"<p>Armband aus 925\/1000 Sterlingsilber, 18 Karat vergoldet.<\/p>\n<p>L\u00e4nge 15 cm, Verl\u00e4ngerung 3 cm.<\/p>\n<p>Hergestellt in Italien.<\/p>\n<p>Mit einer offiziellen Garantie der Rue des Mille und einer Verpackung.<\/p>\n","protected":false},"excerpt":{"rendered":"<p>Ein s\u00fc\u00dfes Herz, das durch Zirkone in zwei H\u00e4lften geteilt wird.<\/p>\n","protected":false},"featured_media":123314,"comment_status":"open","ping_status":"closed","template":"","meta":[],"product_brand":[],"product_cat":[6206],"product_tag":[],"class_list":{"0":"post-123302","1":"product","2":"type-product","3":"status-publish","4":"has-post-thumbnail","6":"product_cat-rue-des-mille-armbander","8":"first","9":"outofstock","10":"sale","11":"taxable","12":"shipping-taxable","13":"purchasable","14":"product-type-simple"},"exclude_global_add_ons":[],"addons":[],"df_price":39,"df_sale_price":39,"df_regular_price":65,"df_image_link":"https:\/\/cdn02.fabioferro.eu\/wp-content\/uploads\/virtuemart\/product\/bracciale-rue-des-mille-cuore-bimba-brz007-cuo-au.jpg","_links":{"self":[{"href":"https:\/\/www.fabioferro.eu\/de\/wp-json\/wp\/v2\/product\/123302","targetHints":{"allow":["GET"]}}],"collection":[{"href":"https:\/\/www.fabioferro.eu\/de\/wp-json\/wp\/v2\/product"}],"about":[{"href":"https:\/\/www.fabioferro.eu\/de\/wp-json\/wp\/v2\/types\/product"}],"replies":[{"embeddable":true,"href":"https:\/\/www.fabioferro.eu\/de\/wp-json\/wp\/v2\/comments?post=123302"}],"version-history":[{"count":0,"href":"https:\/\/www.fabioferro.eu\/de\/wp-json\/wp\/v2\/product\/123302\/revisions"}],"wp:featuredmedia":[{"embeddable":true,"href":"https:\/\/www.fabioferro.eu\/de\/wp-json\/wp\/v2\/media\/123314"}],"wp:attachment":[{"href":"https:\/\/www.fabioferro.eu\/de\/wp-json\/wp\/v2\/media?parent=123302"}],"wp:term":[{"taxonomy":"product_brand","embeddable":true,"href":"https:\/\/www.fabioferro.eu\/de\/wp-json\/wp\/v2\/product_brand?post=123302"},{"taxonomy":"product_cat","embeddable":true,"href":"https:\/\/www.fabioferro.eu\/de\/wp-json\/wp\/v2\/product_cat?post=123302"},{"taxonomy":"product_tag","embeddable":true,"href":"https:\/\/www.fabioferro.eu\/de\/wp-json\/wp\/v2\/product_tag?post=123302"}],"curies":[{"name":"wp","href":"https:\/\/api.w.org\/{rel}","templated":true}]}}