{"id":123320,"date":"2021-06-22T16:33:20","date_gmt":"2021-06-22T14:33:20","guid":{"rendered":"https:\/\/www.fabioferro.eu\/ring-rue-des-mille-rosa-madonnina-medaille.html"},"modified":"2024-09-18T17:20:09","modified_gmt":"2024-09-18T15:20:09","slug":"ring-rue-des-mille-rosa-madonnina-medaille","status":"publish","type":"product","link":"https:\/\/www.fabioferro.eu\/de\/ring-rue-des-mille-rosa-madonnina-medaille.html","title":{"rendered":"Ring Rue des Mille Rosa Madonnina Medaille"},"content":{"rendered":"<p>Ring aus 925\/1000er Sterlingsilber mit 18 K Goldplattierung. L\u00e4nge der Medaille 1,8 cm. Der Ring ist mit einem offenen Schaft versehen, so dass die Gr\u00f6\u00dfe durch leichtes Ziehen unabh\u00e4ngig eingestellt werden kann. Hergestellt in Italien. Mit offizieller Rue des Mille-Box und Garantie.<\/p>\n","protected":false},"excerpt":{"rendered":"<p>Eine rechteckige Medaille mit Mini-Nieten am Stiel.<\/p>\n","protected":false},"featured_media":123329,"comment_status":"open","ping_status":"closed","template":"","meta":[],"product_brand":[205],"product_cat":[6207],"product_tag":[],"class_list":{"0":"post-123320","1":"product","2":"type-product","3":"status-publish","4":"has-post-thumbnail","6":"product_brand-rue-des-mille","7":"product_cat-ringe-rue-des-mille","9":"first","10":"outofstock","11":"sale","12":"taxable","13":"shipping-taxable","14":"purchasable","15":"product-type-simple"},"exclude_global_add_ons":[],"addons":[],"df_price":51,"df_sale_price":51,"df_regular_price":85,"df_image_link":"https:\/\/cdn02.fabioferro.eu\/wp-content\/uploads\/virtuemart\/product\/anello-rue-des-mille-madonnina-anz-009-rt-md.jpg","_links":{"self":[{"href":"https:\/\/www.fabioferro.eu\/de\/wp-json\/wp\/v2\/product\/123320","targetHints":{"allow":["GET"]}}],"collection":[{"href":"https:\/\/www.fabioferro.eu\/de\/wp-json\/wp\/v2\/product"}],"about":[{"href":"https:\/\/www.fabioferro.eu\/de\/wp-json\/wp\/v2\/types\/product"}],"replies":[{"embeddable":true,"href":"https:\/\/www.fabioferro.eu\/de\/wp-json\/wp\/v2\/comments?post=123320"}],"version-history":[{"count":0,"href":"https:\/\/www.fabioferro.eu\/de\/wp-json\/wp\/v2\/product\/123320\/revisions"}],"wp:featuredmedia":[{"embeddable":true,"href":"https:\/\/www.fabioferro.eu\/de\/wp-json\/wp\/v2\/media\/123329"}],"wp:attachment":[{"href":"https:\/\/www.fabioferro.eu\/de\/wp-json\/wp\/v2\/media?parent=123320"}],"wp:term":[{"taxonomy":"product_brand","embeddable":true,"href":"https:\/\/www.fabioferro.eu\/de\/wp-json\/wp\/v2\/product_brand?post=123320"},{"taxonomy":"product_cat","embeddable":true,"href":"https:\/\/www.fabioferro.eu\/de\/wp-json\/wp\/v2\/product_cat?post=123320"},{"taxonomy":"product_tag","embeddable":true,"href":"https:\/\/www.fabioferro.eu\/de\/wp-json\/wp\/v2\/product_tag?post=123320"}],"curies":[{"name":"wp","href":"https:\/\/api.w.org\/{rel}","templated":true}]}}