{"id":123381,"date":"2021-05-15T07:11:27","date_gmt":"2021-05-15T05:11:27","guid":{"rendered":"https:\/\/www.fabioferro.eu\/fope-essentials-kollektion-weissgold-ohrringe.html"},"modified":"2026-01-09T16:29:04","modified_gmt":"2026-01-09T15:29:04","slug":"fope-essentials-kollektion-weissgold-ohrringe","status":"publish","type":"product","link":"https:\/\/www.fabioferro.eu\/de\/fope-essentials-kollektion-weissgold-ohrringe.html","title":{"rendered":"Fope Essentials Kollektion Wei\u00dfgold-Ohrringe"},"content":{"rendered":"<p>Ein Paar elegante Ohrringe der Marke Fope, die sich um sich selbst drehen und dabei einen einzigartigen und unnachahmlichen Stil beibehalten. Vollst\u00e4ndig handgefertigt aus 18 Karat Wei\u00dfgold. Fope Ohrringe Essentials Kollektion aus 18 Karat Wei\u00dfgold. Die Dicke des Schmuckst\u00fccks betr\u00e4gt 3 mm, w\u00e4hrend die L\u00e4nge, wenn es getragen wird, 45 mm betr\u00e4gt. Handgefertigt in Vicenza, vollst\u00e4ndig Made in Italy. Die Ohrringe werden von der offiziellen Fope Box und Garantie begleitet.<\/p>\n","protected":false},"excerpt":{"rendered":"<p>Eine einfache Linie mit faszinierenden Kurven, die jeden sprachlos machen kann.<\/p>\n","protected":false},"featured_media":123395,"comment_status":"open","ping_status":"closed","template":"","meta":[],"product_brand":[154],"product_cat":[5937],"product_tag":[7442],"class_list":{"0":"post-123381","1":"product","2":"type-product","3":"status-publish","4":"has-post-thumbnail","6":"product_brand-fope","7":"product_cat-fope-ohrringe","8":"product_tag-verfugbar","10":"first","11":"instock","12":"taxable","13":"shipping-taxable","14":"purchasable","15":"product-type-simple"},"exclude_global_add_ons":[],"addons":[],"df_price":3480,"df_sale_price":"","df_regular_price":3480,"df_image_link":"https:\/\/cdn02.fabioferro.eu\/wp-content\/uploads\/virtuemart\/product\/orecchini_fope_essentials_or04.jpg","_links":{"self":[{"href":"https:\/\/www.fabioferro.eu\/de\/wp-json\/wp\/v2\/product\/123381","targetHints":{"allow":["GET"]}}],"collection":[{"href":"https:\/\/www.fabioferro.eu\/de\/wp-json\/wp\/v2\/product"}],"about":[{"href":"https:\/\/www.fabioferro.eu\/de\/wp-json\/wp\/v2\/types\/product"}],"replies":[{"embeddable":true,"href":"https:\/\/www.fabioferro.eu\/de\/wp-json\/wp\/v2\/comments?post=123381"}],"version-history":[{"count":1,"href":"https:\/\/www.fabioferro.eu\/de\/wp-json\/wp\/v2\/product\/123381\/revisions"}],"predecessor-version":[{"id":198039,"href":"https:\/\/www.fabioferro.eu\/de\/wp-json\/wp\/v2\/product\/123381\/revisions\/198039"}],"wp:featuredmedia":[{"embeddable":true,"href":"https:\/\/www.fabioferro.eu\/de\/wp-json\/wp\/v2\/media\/123395"}],"wp:attachment":[{"href":"https:\/\/www.fabioferro.eu\/de\/wp-json\/wp\/v2\/media?parent=123381"}],"wp:term":[{"taxonomy":"product_brand","embeddable":true,"href":"https:\/\/www.fabioferro.eu\/de\/wp-json\/wp\/v2\/product_brand?post=123381"},{"taxonomy":"product_cat","embeddable":true,"href":"https:\/\/www.fabioferro.eu\/de\/wp-json\/wp\/v2\/product_cat?post=123381"},{"taxonomy":"product_tag","embeddable":true,"href":"https:\/\/www.fabioferro.eu\/de\/wp-json\/wp\/v2\/product_tag?post=123381"}],"curies":[{"name":"wp","href":"https:\/\/api.w.org\/{rel}","templated":true}]}}