{"id":123486,"date":"2021-03-25T17:44:11","date_gmt":"2021-03-25T16:44:11","guid":{"rendered":"https:\/\/www.fabioferro.eu\/giovanni-raspini-champagner-glacette-in-weiss-bronze-19-cm.html"},"modified":"2024-09-18T16:05:12","modified_gmt":"2024-09-18T14:05:12","slug":"giovanni-raspini-champagner-glacette-in-weiss-bronze-19-cm","status":"publish","type":"product","link":"https:\/\/www.fabioferro.eu\/de\/giovanni-raspini-champagner-glacette-in-weiss-bronze-19-cm.html","title":{"rendered":"Giovanni Raspini Champagner Glacette in Wei\u00df Bronze 19 cm"},"content":{"rendered":"<p>Glacette aus wei\u00dfer Bronze, patentiert von Raspini. Ein Paar Weintrauben am Rand des Eimers. H\u00f6he 19 cm. Begleitet von der offiziellen Giovanni Raspini gewidmeten Verpackung.<\/p>\n","protected":false},"excerpt":{"rendered":"<p>Die Glacette, um Ihren Champagner k\u00fchl zu halten und ihn zu trinken, wann immer Sie wollen<\/p>\n","protected":false},"featured_media":123497,"comment_status":"open","ping_status":"closed","template":"","meta":[],"product_brand":[155],"product_cat":[7635],"product_tag":[],"class_list":{"0":"post-123486","1":"product","2":"type-product","3":"status-publish","4":"has-post-thumbnail","6":"product_brand-raspini","7":"product_cat-giovanni-raspini-champagner-eimer","9":"first","10":"instock","11":"sale","12":"taxable","13":"shipping-taxable","14":"purchasable","15":"product-type-simple"},"exclude_global_add_ons":[],"addons":[],"df_price":702,"df_sale_price":702,"df_regular_price":780,"df_image_link":"https:\/\/cdn02.fabioferro.eu\/wp-content\/uploads\/virtuemart\/product\/glacette-giovanni-raspini-champagne-uva-b0624.jpg","_links":{"self":[{"href":"https:\/\/www.fabioferro.eu\/de\/wp-json\/wp\/v2\/product\/123486","targetHints":{"allow":["GET"]}}],"collection":[{"href":"https:\/\/www.fabioferro.eu\/de\/wp-json\/wp\/v2\/product"}],"about":[{"href":"https:\/\/www.fabioferro.eu\/de\/wp-json\/wp\/v2\/types\/product"}],"replies":[{"embeddable":true,"href":"https:\/\/www.fabioferro.eu\/de\/wp-json\/wp\/v2\/comments?post=123486"}],"version-history":[{"count":0,"href":"https:\/\/www.fabioferro.eu\/de\/wp-json\/wp\/v2\/product\/123486\/revisions"}],"wp:featuredmedia":[{"embeddable":true,"href":"https:\/\/www.fabioferro.eu\/de\/wp-json\/wp\/v2\/media\/123497"}],"wp:attachment":[{"href":"https:\/\/www.fabioferro.eu\/de\/wp-json\/wp\/v2\/media?parent=123486"}],"wp:term":[{"taxonomy":"product_brand","embeddable":true,"href":"https:\/\/www.fabioferro.eu\/de\/wp-json\/wp\/v2\/product_brand?post=123486"},{"taxonomy":"product_cat","embeddable":true,"href":"https:\/\/www.fabioferro.eu\/de\/wp-json\/wp\/v2\/product_cat?post=123486"},{"taxonomy":"product_tag","embeddable":true,"href":"https:\/\/www.fabioferro.eu\/de\/wp-json\/wp\/v2\/product_tag?post=123486"}],"curies":[{"name":"wp","href":"https:\/\/api.w.org\/{rel}","templated":true}]}}