{"id":123562,"date":"2021-04-02T09:37:12","date_gmt":"2021-04-02T07:37:12","guid":{"rendered":"https:\/\/www.fabioferro.eu\/desmos-silber-filament-armband.html"},"modified":"2024-10-18T10:15:29","modified_gmt":"2024-10-18T08:15:29","slug":"desmos-silber-filament-armband","status":"publish","type":"product","link":"https:\/\/www.fabioferro.eu\/de\/desmos-silber-filament-armband.html","title":{"rendered":"Desmos Silber-Filament-Armband"},"content":{"rendered":"<p>925\/1000 Silberarmband, handgefertigt, Made in Italy, L\u00e4nge: 17 cm, nicht verstellbar, Gesamtgewicht: 7,5 g. Mit Desmos-Garantie und Verpackung.<\/p>\n","protected":false},"excerpt":{"rendered":"<p>Eine Reihe gl\u00e4nzender F\u00e4den, die auf dem Handgelenk der Tr\u00e4gerin tanzen.<\/p>\n","protected":false},"featured_media":123573,"comment_status":"open","ping_status":"closed","template":"","meta":[],"product_brand":[],"product_cat":[6114],"product_tag":[7442],"class_list":{"0":"post-123562","1":"product","2":"type-product","3":"status-publish","4":"has-post-thumbnail","6":"product_cat-desmos-armbander","7":"product_tag-verfugbar","9":"first","10":"instock","11":"sale","12":"taxable","13":"shipping-taxable","14":"purchasable","15":"product-type-simple"},"exclude_global_add_ons":[],"addons":[],"df_price":94.5,"df_sale_price":94.5,"df_regular_price":105,"df_image_link":"https:\/\/cdn02.fabioferro.eu\/wp-content\/uploads\/virtuemart\/product\/SPRING-OM1-MUL-B-05F-130-00W.jpg","_links":{"self":[{"href":"https:\/\/www.fabioferro.eu\/de\/wp-json\/wp\/v2\/product\/123562","targetHints":{"allow":["GET"]}}],"collection":[{"href":"https:\/\/www.fabioferro.eu\/de\/wp-json\/wp\/v2\/product"}],"about":[{"href":"https:\/\/www.fabioferro.eu\/de\/wp-json\/wp\/v2\/types\/product"}],"replies":[{"embeddable":true,"href":"https:\/\/www.fabioferro.eu\/de\/wp-json\/wp\/v2\/comments?post=123562"}],"version-history":[{"count":0,"href":"https:\/\/www.fabioferro.eu\/de\/wp-json\/wp\/v2\/product\/123562\/revisions"}],"wp:featuredmedia":[{"embeddable":true,"href":"https:\/\/www.fabioferro.eu\/de\/wp-json\/wp\/v2\/media\/123573"}],"wp:attachment":[{"href":"https:\/\/www.fabioferro.eu\/de\/wp-json\/wp\/v2\/media?parent=123562"}],"wp:term":[{"taxonomy":"product_brand","embeddable":true,"href":"https:\/\/www.fabioferro.eu\/de\/wp-json\/wp\/v2\/product_brand?post=123562"},{"taxonomy":"product_cat","embeddable":true,"href":"https:\/\/www.fabioferro.eu\/de\/wp-json\/wp\/v2\/product_cat?post=123562"},{"taxonomy":"product_tag","embeddable":true,"href":"https:\/\/www.fabioferro.eu\/de\/wp-json\/wp\/v2\/product_tag?post=123562"}],"curies":[{"name":"wp","href":"https:\/\/api.w.org\/{rel}","templated":true}]}}