{"id":123639,"date":"2021-03-18T14:51:26","date_gmt":"2021-03-18T13:51:26","guid":{"rendered":"https:\/\/www.fabioferro.eu\/hamilton-jazzmaster-open-heart-classic-automatik-herrenuhr-42-mm.html"},"modified":"2025-04-02T21:25:41","modified_gmt":"2025-04-02T19:25:41","slug":"hamilton-jazzmaster-open-heart-classic-automatik-herrenuhr-42-mm","status":"publish","type":"product","link":"https:\/\/www.fabioferro.eu\/de\/hamilton-jazzmaster-open-heart-classic-automatik-herrenuhr-42-mm.html","title":{"rendered":"Hamilton Jazzmaster Offenes Herz 42mm H32705651"},"content":{"rendered":"<p>Hamilton Jazzmasteer H32705651 mit mechanischem Automatikwerk, Kaliber H-10, mit 80 Stunden Gangreserve.<\/p>\n<p>Edelstahlgeh\u00e4use, 42 mm Durchmesser. Logo-Krone bei 3 Uhr, verschraubter Geh\u00e4useboden.<\/p>\n<p>Wasserdicht bis zu 5 bar\/50 Meter.<\/p>\n<p>Silbernes Zifferblatt mit Blick auf das Uhrwerk. Hamilton-Logo bei 9 Uhr.<\/p>\n<p>Blaue Lumibrite-Stundenmarkierungen und -Zeiger f\u00fcr die Anzeige im Dunkeln.<\/p>\n<p>Armband aus blauem Rindsleder, Faltschlie\u00dfe. Breite der Anst\u00f6\u00dfe 24 mm, Schnalle 22 mm.<\/p>\n<p>Kratzfestes, leicht gew\u00f6lbtes Saphirglas.<\/p>\n<p>Die Uhr wird von der offiziellen Hamilton Garantie und Verpackung begleitet.<\/p>\n","protected":false},"excerpt":{"rendered":"<p>Hamilton Jazzmaster H32705651, eine Uhr, die Tradition und Innovation vereint.<\/p>\n","protected":false},"featured_media":123657,"comment_status":"open","ping_status":"closed","template":"","meta":[],"product_brand":[161],"product_cat":[5974],"product_tag":[],"class_list":{"0":"post-123639","1":"product","2":"type-product","3":"status-publish","4":"has-post-thumbnail","6":"product_brand-hamilton","7":"product_cat-hamilton-herrenuhren","9":"first","10":"instock","11":"sale","12":"taxable","13":"shipping-taxable","14":"purchasable","15":"product-type-simple"},"exclude_global_add_ons":[],"addons":[],"df_price":916,"df_sale_price":916,"df_regular_price":1145,"df_image_link":"https:\/\/cdn02.fabioferro.eu\/wp-content\/uploads\/virtuemart\/product\/orologio-hamilton-skeleton-auto-jazzmaster-h32705651.jpg","_links":{"self":[{"href":"https:\/\/www.fabioferro.eu\/de\/wp-json\/wp\/v2\/product\/123639","targetHints":{"allow":["GET"]}}],"collection":[{"href":"https:\/\/www.fabioferro.eu\/de\/wp-json\/wp\/v2\/product"}],"about":[{"href":"https:\/\/www.fabioferro.eu\/de\/wp-json\/wp\/v2\/types\/product"}],"replies":[{"embeddable":true,"href":"https:\/\/www.fabioferro.eu\/de\/wp-json\/wp\/v2\/comments?post=123639"}],"version-history":[{"count":0,"href":"https:\/\/www.fabioferro.eu\/de\/wp-json\/wp\/v2\/product\/123639\/revisions"}],"wp:featuredmedia":[{"embeddable":true,"href":"https:\/\/www.fabioferro.eu\/de\/wp-json\/wp\/v2\/media\/123657"}],"wp:attachment":[{"href":"https:\/\/www.fabioferro.eu\/de\/wp-json\/wp\/v2\/media?parent=123639"}],"wp:term":[{"taxonomy":"product_brand","embeddable":true,"href":"https:\/\/www.fabioferro.eu\/de\/wp-json\/wp\/v2\/product_brand?post=123639"},{"taxonomy":"product_cat","embeddable":true,"href":"https:\/\/www.fabioferro.eu\/de\/wp-json\/wp\/v2\/product_cat?post=123639"},{"taxonomy":"product_tag","embeddable":true,"href":"https:\/\/www.fabioferro.eu\/de\/wp-json\/wp\/v2\/product_tag?post=123639"}],"curies":[{"name":"wp","href":"https:\/\/api.w.org\/{rel}","templated":true}]}}