{"id":123654,"date":"2021-03-06T09:58:30","date_gmt":"2021-03-06T08:58:30","guid":{"rendered":"https:\/\/www.fabioferro.eu\/giovanni-raspini-gaensebluemchen-diffusor-gross-500-ml-nero-divino-in-weiss-bronze.html"},"modified":"2024-09-02T10:16:38","modified_gmt":"2024-09-02T08:16:38","slug":"giovanni-raspini-gaensebluemchen-diffusor-gross-500-ml-nero-divino-in-weiss-bronze","status":"publish","type":"product","link":"https:\/\/www.fabioferro.eu\/de\/giovanni-raspini-gaensebluemchen-diffusor-gross-500-ml-nero-divino-in-weiss-bronze.html","title":{"rendered":"Giovanni Raspini G\u00e4nsebl\u00fcmchen Diffusor gro\u00df 500 ml &#8220;Nero Divino&#8221; in Wei\u00df Bronze"},"content":{"rendered":"<p>500 ml Glas und Diffusor aus wei\u00dfer Bronze. Besondere Darstellung der Sch\u00f6nheit von G\u00e4nsebl\u00fcmchen. Hergestellt in Italien, handgefertigt. Begleitet von einer Giovanni Raspini-Garantie, Box und Shopper.<\/p>\n","protected":false},"excerpt":{"rendered":"<p>Parf\u00fcmieren Sie Ihr B\u00fcro, Ihr Zuhause oder Ihr Arbeitszimmer mit Giovanni Raspini, Sie werden nicht entt\u00e4uscht sein.<\/p>\n","protected":false},"featured_media":123667,"comment_status":"open","ping_status":"closed","template":"","meta":[],"product_brand":[],"product_cat":[15],"product_tag":[],"class_list":{"0":"post-123654","1":"product","2":"type-product","3":"status-publish","4":"has-post-thumbnail","6":"product_cat-senza-categoria","8":"first","9":"instock","10":"sale","11":"taxable","12":"shipping-taxable","13":"purchasable","14":"product-type-simple"},"exclude_global_add_ons":[],"addons":[],"df_price":207,"df_sale_price":207,"df_regular_price":230,"df_image_link":"https:\/\/cdn02.fabioferro.eu\/wp-content\/uploads\/virtuemart\/product\/doffusore-margherite-grande-b0703.jpg","_links":{"self":[{"href":"https:\/\/www.fabioferro.eu\/de\/wp-json\/wp\/v2\/product\/123654","targetHints":{"allow":["GET"]}}],"collection":[{"href":"https:\/\/www.fabioferro.eu\/de\/wp-json\/wp\/v2\/product"}],"about":[{"href":"https:\/\/www.fabioferro.eu\/de\/wp-json\/wp\/v2\/types\/product"}],"replies":[{"embeddable":true,"href":"https:\/\/www.fabioferro.eu\/de\/wp-json\/wp\/v2\/comments?post=123654"}],"version-history":[{"count":0,"href":"https:\/\/www.fabioferro.eu\/de\/wp-json\/wp\/v2\/product\/123654\/revisions"}],"wp:featuredmedia":[{"embeddable":true,"href":"https:\/\/www.fabioferro.eu\/de\/wp-json\/wp\/v2\/media\/123667"}],"wp:attachment":[{"href":"https:\/\/www.fabioferro.eu\/de\/wp-json\/wp\/v2\/media?parent=123654"}],"wp:term":[{"taxonomy":"product_brand","embeddable":true,"href":"https:\/\/www.fabioferro.eu\/de\/wp-json\/wp\/v2\/product_brand?post=123654"},{"taxonomy":"product_cat","embeddable":true,"href":"https:\/\/www.fabioferro.eu\/de\/wp-json\/wp\/v2\/product_cat?post=123654"},{"taxonomy":"product_tag","embeddable":true,"href":"https:\/\/www.fabioferro.eu\/de\/wp-json\/wp\/v2\/product_tag?post=123654"}],"curies":[{"name":"wp","href":"https:\/\/api.w.org\/{rel}","templated":true}]}}