{"id":123702,"date":"2021-02-20T16:45:05","date_gmt":"2021-02-20T15:45:05","guid":{"rendered":"https:\/\/www.fabioferro.eu\/desmos-armband-rose-silber-zopf-laenge-165-cm.html"},"modified":"2025-06-06T16:21:28","modified_gmt":"2025-06-06T14:21:28","slug":"desmos-armband-rose-silber-zopf-laenge-165-cm","status":"publish","type":"product","link":"https:\/\/www.fabioferro.eu\/de\/desmos-armband-rose-silber-zopf-laenge-165-cm.html","title":{"rendered":"Desmos Armband Ros\u00e9 Silber Zopf L\u00e4nge 16,5 cm"},"content":{"rendered":"<p>Armband aus 925\/1000 Sterlingsilber mit Ros\u00e9goldbad, handgefertigt in Italien, L\u00e4nge 16,5 cm, handgefertigt, Gesamtgewicht 7,2 g, mit Desmos Garantie und Verpackung.<\/p>\n","protected":false},"excerpt":{"rendered":"<p>Eine Reihe gl\u00e4nzender F\u00e4den, die auf dem Handgelenk der Tr\u00e4gerin tanzen.<\/p>\n","protected":false},"featured_media":123707,"comment_status":"open","ping_status":"closed","template":"","meta":[],"product_brand":[],"product_cat":[6114],"product_tag":[],"class_list":{"0":"post-123702","1":"product","2":"type-product","3":"status-publish","4":"has-post-thumbnail","6":"product_cat-desmos-armbander","8":"first","9":"outofstock","10":"sale","11":"taxable","12":"shipping-taxable","13":"purchasable","14":"product-type-simple"},"exclude_global_add_ons":[],"addons":[],"df_price":86.4,"df_sale_price":86.4,"df_regular_price":96,"df_image_link":"https:\/\/cdn02.fabioferro.eu\/wp-content\/uploads\/virtuemart\/product\/bracciale_desmos_argento_13_RDIS16_X_B_E_08F_020_PKW.jpg","_links":{"self":[{"href":"https:\/\/www.fabioferro.eu\/de\/wp-json\/wp\/v2\/product\/123702","targetHints":{"allow":["GET"]}}],"collection":[{"href":"https:\/\/www.fabioferro.eu\/de\/wp-json\/wp\/v2\/product"}],"about":[{"href":"https:\/\/www.fabioferro.eu\/de\/wp-json\/wp\/v2\/types\/product"}],"replies":[{"embeddable":true,"href":"https:\/\/www.fabioferro.eu\/de\/wp-json\/wp\/v2\/comments?post=123702"}],"version-history":[{"count":0,"href":"https:\/\/www.fabioferro.eu\/de\/wp-json\/wp\/v2\/product\/123702\/revisions"}],"wp:featuredmedia":[{"embeddable":true,"href":"https:\/\/www.fabioferro.eu\/de\/wp-json\/wp\/v2\/media\/123707"}],"wp:attachment":[{"href":"https:\/\/www.fabioferro.eu\/de\/wp-json\/wp\/v2\/media?parent=123702"}],"wp:term":[{"taxonomy":"product_brand","embeddable":true,"href":"https:\/\/www.fabioferro.eu\/de\/wp-json\/wp\/v2\/product_brand?post=123702"},{"taxonomy":"product_cat","embeddable":true,"href":"https:\/\/www.fabioferro.eu\/de\/wp-json\/wp\/v2\/product_cat?post=123702"},{"taxonomy":"product_tag","embeddable":true,"href":"https:\/\/www.fabioferro.eu\/de\/wp-json\/wp\/v2\/product_tag?post=123702"}],"curies":[{"name":"wp","href":"https:\/\/api.w.org\/{rel}","templated":true}]}}