{"id":123719,"date":"2021-02-20T15:41:36","date_gmt":"2021-02-20T14:41:36","guid":{"rendered":"https:\/\/www.fabioferro.eu\/desmos-halskette-kurze-diamantfaeden-in-silber-laenge-41-cm.html"},"modified":"2024-10-18T10:13:41","modified_gmt":"2024-10-18T08:13:41","slug":"desmos-halskette-kurze-diamantfaeden-in-silber-laenge-41-cm","status":"publish","type":"product","link":"https:\/\/www.fabioferro.eu\/de\/desmos-halskette-kurze-diamantfaeden-in-silber-laenge-41-cm.html","title":{"rendered":"Desmos Halskette Kurze Diamantf\u00e4den in Silber L\u00e4nge 41 cm"},"content":{"rendered":"<p>925\/1000 Silberkette, hergestellt in Italien, L\u00e4nge 41 cm, Gesamtgewicht 19,2 g, mit Desmos Garantie und Verpackung.<\/p>\n","protected":false},"excerpt":{"rendered":"<p>Eine Reihe gl\u00e4nzender F\u00e4den tanzen um den Hals der Frau, die sie tr\u00e4gt.<\/p>\n","protected":false},"featured_media":123738,"comment_status":"open","ping_status":"closed","template":"","meta":[],"product_brand":[],"product_cat":[6117],"product_tag":[],"class_list":{"0":"post-123719","1":"product","2":"type-product","3":"status-publish","4":"has-post-thumbnail","6":"product_cat-desmos-halsketten","8":"first","9":"outofstock","10":"sale","11":"taxable","12":"shipping-taxable","13":"purchasable","14":"product-type-simple"},"exclude_global_add_ons":[],"addons":[],"df_price":152.1,"df_sale_price":152.1,"df_regular_price":169,"df_image_link":"https:\/\/cdn02.fabioferro.eu\/wp-content\/uploads\/virtuemart\/product\/collana_desmos_argento_SPRING_OM1_05F_MUL_130_00W.jpg","_links":{"self":[{"href":"https:\/\/www.fabioferro.eu\/de\/wp-json\/wp\/v2\/product\/123719","targetHints":{"allow":["GET"]}}],"collection":[{"href":"https:\/\/www.fabioferro.eu\/de\/wp-json\/wp\/v2\/product"}],"about":[{"href":"https:\/\/www.fabioferro.eu\/de\/wp-json\/wp\/v2\/types\/product"}],"replies":[{"embeddable":true,"href":"https:\/\/www.fabioferro.eu\/de\/wp-json\/wp\/v2\/comments?post=123719"}],"version-history":[{"count":0,"href":"https:\/\/www.fabioferro.eu\/de\/wp-json\/wp\/v2\/product\/123719\/revisions"}],"wp:featuredmedia":[{"embeddable":true,"href":"https:\/\/www.fabioferro.eu\/de\/wp-json\/wp\/v2\/media\/123738"}],"wp:attachment":[{"href":"https:\/\/www.fabioferro.eu\/de\/wp-json\/wp\/v2\/media?parent=123719"}],"wp:term":[{"taxonomy":"product_brand","embeddable":true,"href":"https:\/\/www.fabioferro.eu\/de\/wp-json\/wp\/v2\/product_brand?post=123719"},{"taxonomy":"product_cat","embeddable":true,"href":"https:\/\/www.fabioferro.eu\/de\/wp-json\/wp\/v2\/product_cat?post=123719"},{"taxonomy":"product_tag","embeddable":true,"href":"https:\/\/www.fabioferro.eu\/de\/wp-json\/wp\/v2\/product_tag?post=123719"}],"curies":[{"name":"wp","href":"https:\/\/api.w.org\/{rel}","templated":true}]}}