{"id":123739,"date":"2021-02-20T16:11:53","date_gmt":"2021-02-20T15:11:53","guid":{"rendered":"https:\/\/www.fabioferro.eu\/desmos-armband-gold-silber-geflecht-laenge-165-cm.html"},"modified":"2024-10-18T10:13:42","modified_gmt":"2024-10-18T08:13:42","slug":"desmos-armband-gold-silber-geflecht-laenge-165-cm","status":"publish","type":"product","link":"https:\/\/www.fabioferro.eu\/de\/desmos-armband-gold-silber-geflecht-laenge-165-cm.html","title":{"rendered":"Desmos Armband Gold Silber Geflecht L\u00e4nge 16,5 cm"},"content":{"rendered":"<p>Armband aus 925\/1000er Silber im Gelbgoldbad, handgefertigt in Italien, L\u00e4nge 16,5 cm, Einheitsgr\u00f6\u00dfe, Gesamtgewicht 7,2 g, mit Desmos Garantie und Verpackung.<\/p>\n","protected":false},"excerpt":{"rendered":"<p>Eine Reihe gl\u00e4nzender F\u00e4den, die auf dem Handgelenk der Tr\u00e4gerin tanzen.<\/p>\n","protected":false},"featured_media":123748,"comment_status":"open","ping_status":"closed","template":"","meta":[],"product_brand":[],"product_cat":[6114],"product_tag":[7442],"class_list":{"0":"post-123739","1":"product","2":"type-product","3":"status-publish","4":"has-post-thumbnail","6":"product_cat-desmos-armbander","7":"product_tag-verfugbar","9":"first","10":"outofstock","11":"sale","12":"taxable","13":"shipping-taxable","14":"purchasable","15":"product-type-simple"},"exclude_global_add_ons":[],"addons":[],"df_price":86.4,"df_sale_price":86.4,"df_regular_price":96,"df_image_link":"https:\/\/cdn02.fabioferro.eu\/wp-content\/uploads\/virtuemart\/product\/bracciale_desmos_argento_13_RDIS16_X_B_E_08F_020_00G.jpg","_links":{"self":[{"href":"https:\/\/www.fabioferro.eu\/de\/wp-json\/wp\/v2\/product\/123739","targetHints":{"allow":["GET"]}}],"collection":[{"href":"https:\/\/www.fabioferro.eu\/de\/wp-json\/wp\/v2\/product"}],"about":[{"href":"https:\/\/www.fabioferro.eu\/de\/wp-json\/wp\/v2\/types\/product"}],"replies":[{"embeddable":true,"href":"https:\/\/www.fabioferro.eu\/de\/wp-json\/wp\/v2\/comments?post=123739"}],"version-history":[{"count":0,"href":"https:\/\/www.fabioferro.eu\/de\/wp-json\/wp\/v2\/product\/123739\/revisions"}],"wp:featuredmedia":[{"embeddable":true,"href":"https:\/\/www.fabioferro.eu\/de\/wp-json\/wp\/v2\/media\/123748"}],"wp:attachment":[{"href":"https:\/\/www.fabioferro.eu\/de\/wp-json\/wp\/v2\/media?parent=123739"}],"wp:term":[{"taxonomy":"product_brand","embeddable":true,"href":"https:\/\/www.fabioferro.eu\/de\/wp-json\/wp\/v2\/product_brand?post=123739"},{"taxonomy":"product_cat","embeddable":true,"href":"https:\/\/www.fabioferro.eu\/de\/wp-json\/wp\/v2\/product_cat?post=123739"},{"taxonomy":"product_tag","embeddable":true,"href":"https:\/\/www.fabioferro.eu\/de\/wp-json\/wp\/v2\/product_tag?post=123739"}],"curies":[{"name":"wp","href":"https:\/\/api.w.org\/{rel}","templated":true}]}}