{"id":123757,"date":"2021-02-26T16:11:59","date_gmt":"2021-02-26T15:11:59","guid":{"rendered":"https:\/\/www.fabioferro.eu\/desmos-fusskettchen-waving-barrels-in-gelb-plattiert-silber-laenge-23-cm.html"},"modified":"2024-10-18T10:14:39","modified_gmt":"2024-10-18T08:14:39","slug":"desmos-fusskettchen-waving-barrels-in-gelb-plattiert-silber-laenge-23-cm","status":"publish","type":"product","link":"https:\/\/www.fabioferro.eu\/de\/desmos-fusskettchen-waving-barrels-in-gelb-plattiert-silber-laenge-23-cm.html","title":{"rendered":"Desmos Fu\u00dfkettchen Waving Barrels in Gelb plattiert Silber L\u00e4nge 23 cm"},"content":{"rendered":"<p>Fu\u00dfkettchen aus 925\/1000 Silber mit Gelbgoldbad. Hergestellt in Italien, handgefertigt. L\u00e4nge 23 cm, verstellbar. Gesamtgewicht 3,8 g. Begleitet von einer Desmos Garantie und Verpackung.<\/p>\n","protected":false},"excerpt":{"rendered":"<p>Dieses originelle und gl\u00e4nzende Fu\u00dfkettchen wei\u00df, wie man seinen Kn\u00f6chel behandelt.<\/p>\n","protected":false},"featured_media":123766,"comment_status":"open","ping_status":"closed","template":"","meta":[],"product_brand":[],"product_cat":[6130],"product_tag":[],"class_list":{"0":"post-123757","1":"product","2":"type-product","3":"status-publish","4":"has-post-thumbnail","6":"product_cat-desmos-fuskettchen","8":"first","9":"outofstock","10":"sale","11":"taxable","12":"shipping-taxable","13":"purchasable","14":"product-type-simple"},"exclude_global_add_ons":[],"addons":[],"df_price":49.5,"df_sale_price":49.5,"df_regular_price":55,"df_image_link":"https:\/\/cdn02.fabioferro.eu\/wp-content\/uploads\/virtuemart\/product\/cavigliera-desmos-in-argento-a-e-01f-002-00g-2.jpg","_links":{"self":[{"href":"https:\/\/www.fabioferro.eu\/de\/wp-json\/wp\/v2\/product\/123757","targetHints":{"allow":["GET"]}}],"collection":[{"href":"https:\/\/www.fabioferro.eu\/de\/wp-json\/wp\/v2\/product"}],"about":[{"href":"https:\/\/www.fabioferro.eu\/de\/wp-json\/wp\/v2\/types\/product"}],"replies":[{"embeddable":true,"href":"https:\/\/www.fabioferro.eu\/de\/wp-json\/wp\/v2\/comments?post=123757"}],"version-history":[{"count":0,"href":"https:\/\/www.fabioferro.eu\/de\/wp-json\/wp\/v2\/product\/123757\/revisions"}],"wp:featuredmedia":[{"embeddable":true,"href":"https:\/\/www.fabioferro.eu\/de\/wp-json\/wp\/v2\/media\/123766"}],"wp:attachment":[{"href":"https:\/\/www.fabioferro.eu\/de\/wp-json\/wp\/v2\/media?parent=123757"}],"wp:term":[{"taxonomy":"product_brand","embeddable":true,"href":"https:\/\/www.fabioferro.eu\/de\/wp-json\/wp\/v2\/product_brand?post=123757"},{"taxonomy":"product_cat","embeddable":true,"href":"https:\/\/www.fabioferro.eu\/de\/wp-json\/wp\/v2\/product_cat?post=123757"},{"taxonomy":"product_tag","embeddable":true,"href":"https:\/\/www.fabioferro.eu\/de\/wp-json\/wp\/v2\/product_tag?post=123757"}],"curies":[{"name":"wp","href":"https:\/\/api.w.org\/{rel}","templated":true}]}}