{"id":123860,"date":"2020-12-05T11:11:09","date_gmt":"2020-12-05T10:11:09","guid":{"rendered":"https:\/\/www.fabioferro.eu\/tamashii-mudra-kurze-halskette-mit-rotem-passionsachat.html"},"modified":"2024-09-18T16:07:25","modified_gmt":"2024-09-18T14:07:25","slug":"tamashii-mudra-kurze-halskette-mit-rotem-passionsachat","status":"publish","type":"product","link":"https:\/\/www.fabioferro.eu\/de\/tamashii-mudra-kurze-halskette-mit-rotem-passionsachat.html","title":{"rendered":"Tamashii Mudra Kurze Halskette mit rotem Passionsachat"},"content":{"rendered":"<p>Tamashii-Produkte, die mit nat\u00fcrlichen Steinen\/Perlen handgefertigt werden, k\u00f6nnen Farbt\u00f6ne aufweisen, die leicht von den Fotos abweichen. Original Tamashii Unisex-Halskette mit 54 nat\u00fcrlichen Achatperlen, komplett mit Kalebasse, Vajra und Glocke. Die<strong> <\/strong>Vajra und Glocke stehen f\u00fcr koexistierende Gegens\u00e4tze: Die Glocke ist ein Symbol f\u00fcr die weibliche Seite, den physischen K\u00f6rper, w\u00e4hrend der Vajra f\u00fcr die m\u00e4nnliche Seite, den Geist, steht. Bei buddhistischen Ritualen wird der Vajra in der rechten Hand und die Glocke in der linken Hand gehalten. Passion Red Achat ist mit dem Element Feuer verbunden und wird auch verwendet, um die Vitalit\u00e4t, die in jedem Menschen wohnt, zu stimulieren. Dieses Tamashii inspiriert die Tr\u00e4gerin, nach innerem Wissen zu suchen, indem es ihr Mut und Leidenschaft verleiht. &nbsp; Die Halskette hat eine Gesamtl\u00e4nge von 50 cm, kann aber dank der Verl\u00e4ngerungskordel bis zu 55 cm getragen werden. Praktischer br\u00fcnierter Metallknopfverschluss mit Tamashii-Logo. Ein einzigartiges Schmuckst\u00fcck, denn es wird vollst\u00e4ndig von den geschickten H\u00e4nden tibetischer M\u00f6nche hergestellt und am Ende seiner Herstellung einzeln gesegnet. Neues Produkt in Originalverpackung mit Tamashii-Echtheitsgarantie.<\/p>\n","protected":false},"excerpt":{"rendered":"<p>Das Rot der Leidenschaft bewegt sich zwischen den jagenden Sph\u00e4ren.<\/p>\n","protected":false},"featured_media":123871,"comment_status":"open","ping_status":"closed","template":"","meta":[],"product_brand":[199],"product_cat":[6318],"product_tag":[],"class_list":{"0":"post-123860","1":"product","2":"type-product","3":"status-publish","4":"has-post-thumbnail","6":"product_brand-tamashii","7":"product_cat-tamashii","9":"first","10":"instock","11":"taxable","12":"shipping-taxable","13":"purchasable","14":"product-type-simple"},"exclude_global_add_ons":[],"addons":[],"df_price":55,"df_sale_price":"","df_regular_price":55,"df_image_link":"https:\/\/cdn02.fabioferro.eu\/wp-content\/uploads\/virtuemart\/product\/collana-tamashii-mudra-corta-con-agata-rossa-passione-NHS1600-124.jpg","_links":{"self":[{"href":"https:\/\/www.fabioferro.eu\/de\/wp-json\/wp\/v2\/product\/123860","targetHints":{"allow":["GET"]}}],"collection":[{"href":"https:\/\/www.fabioferro.eu\/de\/wp-json\/wp\/v2\/product"}],"about":[{"href":"https:\/\/www.fabioferro.eu\/de\/wp-json\/wp\/v2\/types\/product"}],"replies":[{"embeddable":true,"href":"https:\/\/www.fabioferro.eu\/de\/wp-json\/wp\/v2\/comments?post=123860"}],"version-history":[{"count":0,"href":"https:\/\/www.fabioferro.eu\/de\/wp-json\/wp\/v2\/product\/123860\/revisions"}],"wp:featuredmedia":[{"embeddable":true,"href":"https:\/\/www.fabioferro.eu\/de\/wp-json\/wp\/v2\/media\/123871"}],"wp:attachment":[{"href":"https:\/\/www.fabioferro.eu\/de\/wp-json\/wp\/v2\/media?parent=123860"}],"wp:term":[{"taxonomy":"product_brand","embeddable":true,"href":"https:\/\/www.fabioferro.eu\/de\/wp-json\/wp\/v2\/product_brand?post=123860"},{"taxonomy":"product_cat","embeddable":true,"href":"https:\/\/www.fabioferro.eu\/de\/wp-json\/wp\/v2\/product_cat?post=123860"},{"taxonomy":"product_tag","embeddable":true,"href":"https:\/\/www.fabioferro.eu\/de\/wp-json\/wp\/v2\/product_tag?post=123860"}],"curies":[{"name":"wp","href":"https:\/\/api.w.org\/{rel}","templated":true}]}}