{"id":123864,"date":"2020-12-04T15:54:17","date_gmt":"2020-12-04T14:54:17","guid":{"rendered":"https:\/\/www.fabioferro.eu\/giovanni-raspini-perlage-drops-kollektion-ring-mit-mabe-perle.html"},"modified":"2025-06-06T15:58:57","modified_gmt":"2025-06-06T13:58:57","slug":"giovanni-raspini-perlage-drops-kollektion-ring-mit-mabe-perle","status":"publish","type":"product","link":"https:\/\/www.fabioferro.eu\/de\/giovanni-raspini-perlage-drops-kollektion-ring-mit-mabe-perle.html","title":{"rendered":"Giovanni Raspini Perlage Drops Kollektion Ring mit Mab\u00e8-Perle"},"content":{"rendered":"<p>925\/1000 Silberring, nat\u00fcrliche S\u00fc\u00dfwasserperle, Gesamtgewicht 16 g. Made in Italy, handgefertigt. Mit Box und offizieller Giovanni Raspini Garantie.<\/p>\n","protected":false},"excerpt":{"rendered":"<p>Elegante Verzierungen unterstreichen die Sch\u00f6nheit der S\u00fc\u00dfwasserperle.<\/p>\n","protected":false},"featured_media":123874,"comment_status":"open","ping_status":"closed","template":"","meta":[],"product_brand":[],"product_cat":[7572],"product_tag":[],"class_list":{"0":"post-123864","1":"product","2":"type-product","3":"status-publish","4":"has-post-thumbnail","6":"product_cat-ringe-giovanni-raspini","8":"first","9":"instock","10":"sale","11":"taxable","12":"shipping-taxable","13":"purchasable","14":"product-type-variable","15":"has-default-attributes"},"exclude_global_add_ons":[],"addons":[],"df_price":238.5,"df_sale_price":"","df_regular_price":238.5,"df_image_link":"https:\/\/cdn02.fabioferro.eu\/wp-content\/uploads\/virtuemart\/product\/anello-giovanni-raspini-drops-perlage-11098.jpg","_links":{"self":[{"href":"https:\/\/www.fabioferro.eu\/de\/wp-json\/wp\/v2\/product\/123864","targetHints":{"allow":["GET"]}}],"collection":[{"href":"https:\/\/www.fabioferro.eu\/de\/wp-json\/wp\/v2\/product"}],"about":[{"href":"https:\/\/www.fabioferro.eu\/de\/wp-json\/wp\/v2\/types\/product"}],"replies":[{"embeddable":true,"href":"https:\/\/www.fabioferro.eu\/de\/wp-json\/wp\/v2\/comments?post=123864"}],"version-history":[{"count":0,"href":"https:\/\/www.fabioferro.eu\/de\/wp-json\/wp\/v2\/product\/123864\/revisions"}],"wp:featuredmedia":[{"embeddable":true,"href":"https:\/\/www.fabioferro.eu\/de\/wp-json\/wp\/v2\/media\/123874"}],"wp:attachment":[{"href":"https:\/\/www.fabioferro.eu\/de\/wp-json\/wp\/v2\/media?parent=123864"}],"wp:term":[{"taxonomy":"product_brand","embeddable":true,"href":"https:\/\/www.fabioferro.eu\/de\/wp-json\/wp\/v2\/product_brand?post=123864"},{"taxonomy":"product_cat","embeddable":true,"href":"https:\/\/www.fabioferro.eu\/de\/wp-json\/wp\/v2\/product_cat?post=123864"},{"taxonomy":"product_tag","embeddable":true,"href":"https:\/\/www.fabioferro.eu\/de\/wp-json\/wp\/v2\/product_tag?post=123864"}],"curies":[{"name":"wp","href":"https:\/\/api.w.org\/{rel}","templated":true}]}}